{"id":56973,"date":"2022-08-03T17:06:39","date_gmt":"2022-08-03T17:06:39","guid":{"rendered":"https:\/\/www.padaworks.com\/product\/gondola-basket-purse\/"},"modified":"2026-01-09T19:07:41","modified_gmt":"2026-01-09T19:07:41","slug":"bolsa-cesto-gondola","status":"publish","type":"product","link":"https:\/\/www.padaworks.com\/pt\/product\/bolsa-cesto-gondola\/","title":{"rendered":"Bolsa Cesto G\u00f4ndola"},"content":{"rendered":"<p>Bolsa Cesto G\u00f4ndola<\/p>\n<p>Bolsa-cesto Gondola em vime, um material natural e sustent\u00e1vel. Tecido \u00e0 m\u00e3o em Portugal.<br \/>Combina com os estilos vegan, vintage e hippie.<br \/>Pr\u00e1tico para viagens ao escrit\u00f3rio ou mercados de agricultores ao fim de semana.<\/p>\n<p>Feito \u00e0 m\u00e3o<br \/>Fabricado em Portugal<\/p>\n<p>Dimens\u00f5es:<br \/>C - 25 cm, L - 14 cm, A - 9 cm, A com pega - 24 cm<br \/>C - 9,8 pol., L - 5,5 pol., A - 3,5 pol., A com pega - 9,4 pol.<\/p>\n<p>As dimens\u00f5es podem variar ligeiramente.<\/p>","protected":false},"excerpt":{"rendered":"<p>Gondola Basket Purse Gondola basket purse made of wicker, a natural and sustainable material. Handwoven in Portugal.Matches vegan, vintage, and hippie styles.Practical for trips to the office or weekend farmers markets. Artisan MadeMade in Portugal Dimensions:L &#8211; 25 cm, W &#8211; 14 cm, H &#8211; 9 cm, H with handle &#8211; 24 cmL &#8211; 9,8 [&hellip;]<\/p>","protected":false},"featured_media":56974,"comment_status":"open","ping_status":"closed","template":"","meta":{"_acf_changed":false},"product_brand":[],"product_cat":[2738],"product_tag":[302,363,823,381,455,599,351,307,360,337,827,344,347,303,828,425,1100,439,830,314,923,1092,824,953,1445],"class_list":{"0":"post-56973","1":"product","2":"type-product","3":"status-publish","4":"has-post-thumbnail","6":"product_cat-wicker-bags","7":"product_tag-basket-bag","8":"product_tag-beach-bag","9":"product_tag-bohemian-bag","10":"product_tag-boho-bag","11":"product_tag-flower-girl-basket","12":"product_tag-handmade-bag","13":"product_tag-hippie-bag","14":"product_tag-market-bag","15":"product_tag-market-basket","16":"product_tag-picnic-bag","17":"product_tag-round-bag","18":"product_tag-straw-bag","19":"product_tag-straw-purse","20":"product_tag-summer-bag","21":"product_tag-vintage-bag","22":"product_tag-wedding-purse","23":"product_tag-wicker-bag","24":"product_tag-wicker-basket","25":"product_tag-wicker-clutch","26":"product_tag-wicker-handbag","27":"product_tag-wicker-purse","28":"product_tag-wicker-wallet","29":"product_tag-woman-bag","30":"product_tag-work-bag","31":"product_tag-woven-bag","32":"product_shipping_class-small-package","34":"first","35":"instock","36":"sale","37":"taxable","38":"shipping-taxable","39":"purchasable","40":"product-type-simple"},"acf":[],"gallery_images":[56975,56976,56977,56978,56979],"_links":{"self":[{"href":"https:\/\/www.padaworks.com\/pt\/wp-json\/wp\/v2\/product\/56973","targetHints":{"allow":["GET"]}}],"collection":[{"href":"https:\/\/www.padaworks.com\/pt\/wp-json\/wp\/v2\/product"}],"about":[{"href":"https:\/\/www.padaworks.com\/pt\/wp-json\/wp\/v2\/types\/product"}],"replies":[{"embeddable":true,"href":"https:\/\/www.padaworks.com\/pt\/wp-json\/wp\/v2\/comments?post=56973"}],"wp:featuredmedia":[{"embeddable":true,"href":"https:\/\/www.padaworks.com\/pt\/wp-json\/wp\/v2\/media\/56974"}],"wp:attachment":[{"href":"https:\/\/www.padaworks.com\/pt\/wp-json\/wp\/v2\/media?parent=56973"}],"wp:term":[{"taxonomy":"product_brand","embeddable":true,"href":"https:\/\/www.padaworks.com\/pt\/wp-json\/wp\/v2\/product_brand?post=56973"},{"taxonomy":"product_cat","embeddable":true,"href":"https:\/\/www.padaworks.com\/pt\/wp-json\/wp\/v2\/product_cat?post=56973"},{"taxonomy":"product_tag","embeddable":true,"href":"https:\/\/www.padaworks.com\/pt\/wp-json\/wp\/v2\/product_tag?post=56973"}],"curies":[{"name":"wp","href":"https:\/\/api.w.org\/{rel}","templated":true}]}}