{"id":56962,"date":"2022-08-03T17:04:25","date_gmt":"2022-08-03T17:04:25","guid":{"rendered":"https:\/\/www.padaworks.com\/product\/set-of-3-bathroom-rugs-white-and-green-rugs\/"},"modified":"2026-02-12T14:38:14","modified_gmt":"2026-02-12T14:38:14","slug":"conjunto-de-3-tapetes-de-casa-de-banho-tapetes-brancos-e-verdes","status":"publish","type":"product","link":"https:\/\/www.padaworks.com\/pt\/product\/conjunto-de-3-tapetes-de-casa-de-banho-tapetes-brancos-e-verdes\/","title":{"rendered":"Conjunto de 3 tapetes de casa de banho - Tapetes brancos e verdes - Tapete macio"},"content":{"rendered":"<p>Conjunto de 3 tapetes de casa de banho<br \/>Tapetes brancos e verdes<\/p>\n<p>Este tapete \u00e9 tecido num tear manual com tecidos reutilizados de f\u00e1bricas t\u00eaxteis.<br \/>Estes tapetes s\u00e3o robustos, mas muito leves, e podem ser lavados regularmente \u00e0 m\u00e3o ou \u00e0 m\u00e1quina.<br \/>Para al\u00e9m de serem ecol\u00f3gicos, pois reutilizam mat\u00e9ria-prima desperdi\u00e7ada pela ind\u00fastria.<br \/>Recomendamos a lavagem a frio ou a 30\u00b0C.<\/p>\n<p>Feito \u00e0 m\u00e3o<br \/>Fabricado em Portugal<\/p>\n<p>Dimens\u00f5es:<br \/>1x<br \/>C - 80 cm, L - 55 cm<br \/>C - 31,5 pol., L - 21,7 pol.<br \/>C - 2,6 p\u00e9s, L - 1,8 p\u00e9s<\/p>\n<p>2x<br \/>C - 65 cm, L - 55 cm<br \/>C - 25,6 pol., L - 21,7 pol.<br \/>C - 2,1 p\u00e9s, L - 1,8 p\u00e9s<\/p>\n<p>Materiais:<br \/>Algod\u00e3o<\/p>\n<p>As dimens\u00f5es podem variar ligeiramente.<\/p>","protected":false},"excerpt":{"rendered":"<p>Set of 3 Bathroom RugsWhite and Green Rugs This rugs is woven in a manual loom with fabrics reused from textile factories.These rugs are robust, yet very light, and can be regularly washed by hand or machine.In addition to being ecological, as they reuse raw material wasted by the industry.We recommend cold washing or to [&hellip;]<\/p>","protected":false},"featured_media":56963,"comment_status":"open","ping_status":"closed","template":"","meta":{"_acf_changed":false},"product_brand":[],"product_cat":[2728,2719],"product_tag":[618,589,885,720,478,293,658,591,650,420,475,573,296,1473,719,817,628,623,595,831],"class_list":{"0":"post-56962","1":"product","2":"type-product","3":"status-publish","4":"has-post-thumbnail","6":"product_cat-soft","7":"product_cat-special-offers","8":"product_tag-bath-mat","9":"product_tag-bath-rug","10":"product_tag-bathroom-decor","11":"product_tag-bathroom-mat","12":"product_tag-boho-rug","13":"product_tag-cotton-rug","14":"product_tag-eco-friendly-rug","15":"product_tag-farmhouse-rug","16":"product_tag-green-rug","17":"product_tag-handmade-rug","18":"product_tag-handwoven-rug","19":"product_tag-housewarming-gift","20":"product_tag-recycled-rug","21":"product_tag-rugs-for-bathroom","22":"product_tag-rustic-rug","23":"product_tag-shower-mat","24":"product_tag-soft-rug","25":"product_tag-vintage-rug","26":"product_tag-washable-rug","27":"product_tag-white-rug","28":"product_shipping_class-small-package","30":"first","31":"instock","32":"sale","33":"taxable","34":"shipping-taxable","35":"purchasable","36":"product-type-simple"},"acf":[],"gallery_images":[56964,56965,56966,56967,56968,56969,56970,56971,56972],"_links":{"self":[{"href":"https:\/\/www.padaworks.com\/pt\/wp-json\/wp\/v2\/product\/56962","targetHints":{"allow":["GET"]}}],"collection":[{"href":"https:\/\/www.padaworks.com\/pt\/wp-json\/wp\/v2\/product"}],"about":[{"href":"https:\/\/www.padaworks.com\/pt\/wp-json\/wp\/v2\/types\/product"}],"replies":[{"embeddable":true,"href":"https:\/\/www.padaworks.com\/pt\/wp-json\/wp\/v2\/comments?post=56962"}],"wp:featuredmedia":[{"embeddable":true,"href":"https:\/\/www.padaworks.com\/pt\/wp-json\/wp\/v2\/media\/56963"}],"wp:attachment":[{"href":"https:\/\/www.padaworks.com\/pt\/wp-json\/wp\/v2\/media?parent=56962"}],"wp:term":[{"taxonomy":"product_brand","embeddable":true,"href":"https:\/\/www.padaworks.com\/pt\/wp-json\/wp\/v2\/product_brand?post=56962"},{"taxonomy":"product_cat","embeddable":true,"href":"https:\/\/www.padaworks.com\/pt\/wp-json\/wp\/v2\/product_cat?post=56962"},{"taxonomy":"product_tag","embeddable":true,"href":"https:\/\/www.padaworks.com\/pt\/wp-json\/wp\/v2\/product_tag?post=56962"}],"curies":[{"name":"wp","href":"https:\/\/api.w.org\/{rel}","templated":true}]}}