{"id":56929,"date":"2022-08-03T16:59:24","date_gmt":"2022-08-03T16:59:24","guid":{"rendered":"https:\/\/www.padaworks.com\/product\/ceramic-saint-anthony\/"},"modified":"2025-11-18T15:44:52","modified_gmt":"2025-11-18T15:44:52","slug":"santo-antonio-em-ceramica","status":"publish","type":"product","link":"https:\/\/www.padaworks.com\/pt\/product\/santo-antonio-em-ceramica\/","title":{"rendered":"Cer\u00e2mica Santo Ant\u00f3nio"},"content":{"rendered":"<p>Cer\u00e2mica Santo Ant\u00f3nio<\/p>\n<p>Feito \u00e0 m\u00e3o<br \/>Pintado \u00e0 m\u00e3o<br \/>Fabricado em Portugal<\/p>\n<p>Tamanho pequeno<br \/>Dimens\u00f5es:<br \/>C \u2013 5 cm, L \u2013 5 cm, A \u2013 13 cm<br \/>L \u2013 5 cm, L \u2013 5 cm, A \u2013 13 cm<\/p>\n<p>Tamanho m\u00e9dio<br \/>Dimens\u00f5es:<br \/>C \u2013 6 cm, L \u2013 5 cm, A \u2013 18 cm<br \/>L \u2013 2,4 pol., L \u2013 2,0 pol., A \u2013 7,1 pol.<\/p>\n<p>Tamanho grande<br \/>Dimens\u00f5es:<br \/>C \u2013 9 cm, L \u2013 7 cm, A \u2013 25 cm<br \/>L \u2013 3,5 pol., L \u2013 2,8 pol., A \u2013 9,8 pol.<\/p>\n<p>Materiais:<br \/>Argila e tinta<\/p>\n<p>As dimens\u00f5es podem variar ligeiramente.<\/p>","protected":false},"excerpt":{"rendered":"<p>Ceramic Saint Anthony Artisan MadeHand paintedMade in Portugal Small SizeDimensions:L &#8211; 5 cm, W &#8211; 5 cm, H &#8211; 13 cmL &#8211; 2,0 in, W &#8211; 2,0 in, H &#8211; 5,1 in Medium SizeDimensions:L &#8211; 6 cm, W &#8211; 5 cm, H &#8211; 18 cmL &#8211; 2,4 in, W &#8211; 2,0 in, H &#8211; 7,1 [&hellip;]<\/p>","protected":false},"featured_media":56930,"comment_status":"open","ping_status":"open","template":"","meta":{"_acf_changed":false},"product_brand":[],"product_cat":[402,1553],"product_tag":[1472,1606,495,550,580,1267,479,544,1466,1470,1471,1605,1467,1469,1607,1604,1468,539],"class_list":{"0":"post-56929","1":"product","2":"type-product","3":"status-publish","4":"has-post-thumbnail","6":"product_cat-pottery","7":"product_cat-religious","8":"product_tag-catholic-art","9":"product_tag-catholic-saints","10":"product_tag-ceramic-art","11":"product_tag-ceramic-figurine","12":"product_tag-ceramic-sculpture","13":"product_tag-family-gift","14":"product_tag-gift-for-her","15":"product_tag-gift-from-portugal","16":"product_tag-handmade-ceramic","17":"product_tag-patron-saint-medals","18":"product_tag-religious-art","19":"product_tag-religious-gift","20":"product_tag-saint-anthony-charm","21":"product_tag-saint-anthony-medal","22":"product_tag-saint-statue","23":"product_tag-st-anthony","24":"product_tag-st-anthony-medal","25":"product_tag-wedding-gift","27":"first","28":"instock","29":"taxable","30":"shipping-taxable","31":"purchasable","32":"product-type-variable","33":"has-default-attributes","34":"wvs-archive-product-wrapper"},"acf":[],"gallery_images":[56931,56932,56933,56934,56935,56936,56937],"_links":{"self":[{"href":"https:\/\/www.padaworks.com\/pt\/wp-json\/wp\/v2\/product\/56929","targetHints":{"allow":["GET"]}}],"collection":[{"href":"https:\/\/www.padaworks.com\/pt\/wp-json\/wp\/v2\/product"}],"about":[{"href":"https:\/\/www.padaworks.com\/pt\/wp-json\/wp\/v2\/types\/product"}],"replies":[{"embeddable":true,"href":"https:\/\/www.padaworks.com\/pt\/wp-json\/wp\/v2\/comments?post=56929"}],"wp:featuredmedia":[{"embeddable":true,"href":"https:\/\/www.padaworks.com\/pt\/wp-json\/wp\/v2\/media\/56930"}],"wp:attachment":[{"href":"https:\/\/www.padaworks.com\/pt\/wp-json\/wp\/v2\/media?parent=56929"}],"wp:term":[{"taxonomy":"product_brand","embeddable":true,"href":"https:\/\/www.padaworks.com\/pt\/wp-json\/wp\/v2\/product_brand?post=56929"},{"taxonomy":"product_cat","embeddable":true,"href":"https:\/\/www.padaworks.com\/pt\/wp-json\/wp\/v2\/product_cat?post=56929"},{"taxonomy":"product_tag","embeddable":true,"href":"https:\/\/www.padaworks.com\/pt\/wp-json\/wp\/v2\/product_tag?post=56929"}],"curies":[{"name":"wp","href":"https:\/\/api.w.org\/{rel}","templated":true}]}}