{"id":56921,"date":"2022-08-03T16:59:16","date_gmt":"2022-08-03T16:59:16","guid":{"rendered":"https:\/\/www.padaworks.com\/product\/hand-painted-pink-ceramic-swallow-wall-decor\/"},"modified":"2026-03-20T22:22:58","modified_gmt":"2026-03-20T22:22:58","slug":"decoracao-de-parede-de-andorinha-em-ceramica-cor-de-rosa-pintada-a-mao","status":"publish","type":"product","link":"https:\/\/www.padaworks.com\/pt\/product\/decoracao-de-parede-de-andorinha-em-ceramica-cor-de-rosa-pintada-a-mao\/","title":{"rendered":"Decora\u00e7\u00e3o de parede de andorinha em cer\u00e2mica cor-de-rosa pintada \u00e0 m\u00e3o"},"content":{"rendered":"<p>Andorinha em cer\u00e2mica cor-de-rosa pintada \u00e0 m\u00e3o<\/p>\n<p>As andorinhas s\u00e3o aves migrat\u00f3rias que assinalam a chegada da primavera. Estas aves t\u00eam uma carater\u00edstica que as distingue. Regressam quase sempre ao mesmo local onde fizeram o primeiro ninho e t\u00eam apenas um companheiro de viagem! Por isso, tornaram-se um s\u00edmbolo de Amor, Fam\u00edlia, Lealdade, Lar e Fidelidade.<br \/>S\u00e3o o significado de harmonia e felicidade nas casas onde s\u00e3o pendurados.<br \/>H\u00e1 uma rela\u00e7\u00e3o entre as andorinhas e o povo portugu\u00eas. Somos um povo aventureiro que sai de casa em busca de novos mundos, mas acabamos sempre por regressar a casa. Tal como a andorinha, apesar de ser uma ave migrat\u00f3ria, que explora todos os cantos do mundo, uma vez por ano regressa sempre ao seu ninho de origem.<\/p>\n<p>Em Portugal \u00e9 t\u00edpico ver estas andorinhas penduradas nas paredes das casas!<br \/>Simbolizam os membros da fam\u00edlia. Os de tamanho grande s\u00e3o os pais, os de tamanho m\u00e9dio s\u00e3o os filhos e os de tamanho pequeno s\u00e3o os netos.<br \/>Crie tamb\u00e9m esta bela tradi\u00e7\u00e3o portuguesa em sua casa ?<\/p>\n<p>Feito \u00e0 m\u00e3o<br \/>Fabricado em Portugal<\/p>\n<p>Dimens\u00f5es:<br \/>C - 12 cm, L - 12 cm, P - 5 cm<br \/>C - 4,7 pol., L - 4,7 pol., P - 2,0 pol.<\/p>\n<p>As dimens\u00f5es podem variar ligeiramente.<\/p>","protected":false},"excerpt":{"rendered":"<p>Hand Painted Pink Ceramic Swallow Swallows are migratory birds that indicate the arrival of spring. These birds have a characteristic that sets them apart. They almost always return to the same place where they first made the nest and have only one partner along the way! Therefore, they became a symbol of Love, Family, Loyalty, [&hellip;]<\/p>","protected":false},"featured_media":56922,"comment_status":"open","ping_status":"open","template":"","meta":{"_acf_changed":false},"product_brand":[],"product_cat":[402,1550],"product_tag":[699,495,695,1008,1439,549,1043,1438,390,1608,666,540,1609,1009,698,662,659,697],"class_list":{"0":"post-56921","1":"product","2":"type-product","3":"status-publish","4":"has-post-thumbnail","6":"product_cat-pottery","7":"product_cat-birds","8":"product_tag-bird-wall-hanging","9":"product_tag-ceramic-art","10":"product_tag-ceramic-swallows","11":"product_tag-ceramic-wall-art","12":"product_tag-ceramics","13":"product_tag-handmade-ceramics","14":"product_tag-nursery-wall-decor","15":"product_tag-painted-swallow","16":"product_tag-portuguese-ceramic","17":"product_tag-portuguese-swallow","18":"product_tag-portuguese-swallows","19":"product_tag-traditional-ceramic","20":"product_tag-traditional-ceramic-swallows","21":"product_tag-wall-art-birds","22":"product_tag-wall-decor-swallow","23":"product_tag-wall-swallows","24":"product_tag-wedding-decor","25":"product_tag-wedding-favor","26":"product_shipping_class-small-package","28":"first","29":"instock","30":"sale","31":"taxable","32":"shipping-taxable","33":"purchasable","34":"product-type-simple"},"acf":[],"gallery_images":[56923,56924,56925,56926,56927,56928],"_links":{"self":[{"href":"https:\/\/www.padaworks.com\/pt\/wp-json\/wp\/v2\/product\/56921","targetHints":{"allow":["GET"]}}],"collection":[{"href":"https:\/\/www.padaworks.com\/pt\/wp-json\/wp\/v2\/product"}],"about":[{"href":"https:\/\/www.padaworks.com\/pt\/wp-json\/wp\/v2\/types\/product"}],"replies":[{"embeddable":true,"href":"https:\/\/www.padaworks.com\/pt\/wp-json\/wp\/v2\/comments?post=56921"}],"wp:featuredmedia":[{"embeddable":true,"href":"https:\/\/www.padaworks.com\/pt\/wp-json\/wp\/v2\/media\/56922"}],"wp:attachment":[{"href":"https:\/\/www.padaworks.com\/pt\/wp-json\/wp\/v2\/media?parent=56921"}],"wp:term":[{"taxonomy":"product_brand","embeddable":true,"href":"https:\/\/www.padaworks.com\/pt\/wp-json\/wp\/v2\/product_brand?post=56921"},{"taxonomy":"product_cat","embeddable":true,"href":"https:\/\/www.padaworks.com\/pt\/wp-json\/wp\/v2\/product_cat?post=56921"},{"taxonomy":"product_tag","embeddable":true,"href":"https:\/\/www.padaworks.com\/pt\/wp-json\/wp\/v2\/product_tag?post=56921"}],"curies":[{"name":"wp","href":"https:\/\/api.w.org\/{rel}","templated":true}]}}