{"id":56905,"date":"2022-08-03T16:58:28","date_gmt":"2022-08-03T16:58:28","guid":{"rendered":"https:\/\/www.padaworks.com\/product\/hand-painted-baby-blue-swallow\/"},"modified":"2025-11-19T09:26:37","modified_gmt":"2025-11-19T09:26:37","slug":"andorinha-azul-bebe-pintada-a-mao","status":"publish","type":"product","link":"https:\/\/www.padaworks.com\/pt\/product\/andorinha-azul-bebe-pintada-a-mao\/","title":{"rendered":"Andorinha azul beb\u00e9 pintada \u00e0 m\u00e3o"},"content":{"rendered":"<p>Andorinha azul beb\u00e9 pintada \u00e0 m\u00e3o<\/p>\n<p>As andorinhas s\u00e3o aves migrat\u00f3rias que indicam a chegada da primavera, sin\u00f3nimo da chegada da \u00e9poca dos encontros amorosos. Estas aves t\u00eam uma caracter\u00edstica que as diferencia. Quase sempre regressam ao mesmo local onde anteriormente fizeram o seu ninho e t\u00eam um \u00fanico parceiro ao longo do seu percurso! Por esta raz\u00e3o, tornaram-se um s\u00edmbolo de Amor, Fam\u00edlia, Lealdade, Lar e Fidelidade.<\/p>\n<p>Foi em 1881 que as primeiras andorinhas de cer\u00e2mica foram produzidas.<br \/>Por se terem tornado um s\u00edmbolo t\u00e3o importante, a sua troca entre casais profundamente apaixonados rapidamente se tornou habitual. Tamb\u00e9m representam harmonia e felicidade nos lares onde s\u00e3o pendurados.<\/p>\n<p>H\u00e1 tamb\u00e9m outra analogia, que j\u00e1 existe h\u00e1 v\u00e1rios anos, que pode ser feita entre estas magn\u00edficas aves e o povo portugu\u00eas. Pessoas conhecidas por serem aventureiras, que deixaram a sua terra natal para partir \u00e0 descoberta de \u201cnovos mundos\u201d, mas que, no final, acabaram por regressar \u00e0 sua terra natal. Tal como a andorinha, apesar de ser uma ave migrat\u00f3ria, que explora todos os cantos do mundo, uma vez por ano, regressa sempre ao seu ninho original.<\/p>\n<p>Feito \u00e0 m\u00e3o<br \/>Fabricado em Portugal<\/p>\n<p>Dimens\u00f5es:<br \/>C - 12 cm, L - 12 cm, P - 5 cm<br \/>C - 4,7 pol., L - 4,7 pol., P - 2,0 pol.<\/p>\n<p>Materiais:<br \/>Argila e tinta<\/p>\n<p>As dimens\u00f5es podem variar ligeiramente.<\/p>","protected":false},"excerpt":{"rendered":"<p>Hand Painted Baby Blue Swallow Swallows are migratory birds that indicate the arrival of spring, which is synonymous with the arrival of the dating season. These birds have a characteristic that differentiates them. They almost always return to the same place where they have previously made their nest and have a single partner along their [&hellip;]<\/p>","protected":false},"featured_media":56906,"comment_status":"open","ping_status":"open","template":"","meta":{"_acf_changed":false},"product_brand":[],"product_cat":[402,1550],"product_tag":[700,699,1612,1463,660,695,1008,1043,390,1608,540,1611,170,1009,698,680,662,659,697],"class_list":{"0":"post-56905","1":"product","2":"type-product","3":"status-publish","4":"has-post-thumbnail","6":"product_cat-pottery","7":"product_cat-birds","8":"product_tag-bird-decor","9":"product_tag-bird-wall-hanging","10":"product_tag-blue-bird","11":"product_tag-blue-swallow","12":"product_tag-ceramic-swallow","13":"product_tag-ceramic-swallows","14":"product_tag-ceramic-wall-art","15":"product_tag-nursery-wall-decor","16":"product_tag-portuguese-ceramic","17":"product_tag-portuguese-swallow","18":"product_tag-traditional-ceramic","19":"product_tag-traditional-portuguese-ceramic-swallow","20":"product_tag-vintage","21":"product_tag-wall-art-birds","22":"product_tag-wall-decor-swallow","23":"product_tag-wall-hanging","24":"product_tag-wall-swallows","25":"product_tag-wedding-decor","26":"product_tag-wedding-favor","27":"product_shipping_class-small-package","29":"first","30":"instock","31":"sale","32":"taxable","33":"shipping-taxable","34":"purchasable","35":"product-type-simple"},"acf":[],"gallery_images":[56907,56908,56909,56910,56911],"_links":{"self":[{"href":"https:\/\/www.padaworks.com\/pt\/wp-json\/wp\/v2\/product\/56905","targetHints":{"allow":["GET"]}}],"collection":[{"href":"https:\/\/www.padaworks.com\/pt\/wp-json\/wp\/v2\/product"}],"about":[{"href":"https:\/\/www.padaworks.com\/pt\/wp-json\/wp\/v2\/types\/product"}],"replies":[{"embeddable":true,"href":"https:\/\/www.padaworks.com\/pt\/wp-json\/wp\/v2\/comments?post=56905"}],"wp:featuredmedia":[{"embeddable":true,"href":"https:\/\/www.padaworks.com\/pt\/wp-json\/wp\/v2\/media\/56906"}],"wp:attachment":[{"href":"https:\/\/www.padaworks.com\/pt\/wp-json\/wp\/v2\/media?parent=56905"}],"wp:term":[{"taxonomy":"product_brand","embeddable":true,"href":"https:\/\/www.padaworks.com\/pt\/wp-json\/wp\/v2\/product_brand?post=56905"},{"taxonomy":"product_cat","embeddable":true,"href":"https:\/\/www.padaworks.com\/pt\/wp-json\/wp\/v2\/product_cat?post=56905"},{"taxonomy":"product_tag","embeddable":true,"href":"https:\/\/www.padaworks.com\/pt\/wp-json\/wp\/v2\/product_tag?post=56905"}],"curies":[{"name":"wp","href":"https:\/\/api.w.org\/{rel}","templated":true}]}}