{"id":56877,"date":"2022-08-03T16:54:18","date_gmt":"2022-08-03T16:54:18","guid":{"rendered":"https:\/\/www.padaworks.com\/product\/mini-reed-bag\/"},"modified":"2026-04-22T16:35:54","modified_gmt":"2026-04-22T16:35:54","slug":"mini-bolsa-de-palhetas","status":"publish","type":"product","link":"https:\/\/www.padaworks.com\/pt\/product\/mini-bolsa-de-palhetas\/","title":{"rendered":"Mala de junco"},"content":{"rendered":"<p>Mala de junco<\/p>\n<p>Feito \u00e0 m\u00e3o<br \/>Fabricado em Portugal<\/p>\n<p>Dimens\u00f5es:<br \/>C - 17 cm, L - 12 cm, A - 15 cm<br \/>C - 6,7 pol., L - 4,7 pol., A - 5,9 pol.<\/p>\n<p>Materiais:<br \/>Reed e Wicker<\/p>\n<p>As dimens\u00f5es do saco podem variar ligeiramente.<\/p>","protected":false},"excerpt":{"rendered":"<p>Mini Bolsa de Junco Feita \u00e0 M\u00e3o em Portugal Dimens\u00f5es: C \u2013 17 cm, L \u2013 12 cm, A \u2013 15 cm C \u2013 6,7 pol., L \u2013 4,7 pol., A \u2013 5,9 pol. Materiais: Junco e Vime As dimens\u00f5es da bolsa podem variar ligeiramente.<\/p>","protected":false},"featured_media":56878,"comment_status":"open","ping_status":"open","template":"","meta":{"_acf_changed":false},"product_brand":[],"product_cat":[2736],"product_tag":[302,363,844,1262,598,599,1578,822,342,843,361,341,845,291,345,344,346,347,303,376,846,538],"class_list":{"0":"post-56877","1":"product","2":"type-product","3":"status-publish","4":"has-post-thumbnail","6":"product_cat-reed-bags","7":"product_tag-basket-bag","8":"product_tag-beach-bag","9":"product_tag-colorful-baskets","10":"product_tag-cute-bag","11":"product_tag-gift-bag","12":"product_tag-handmade-bag","13":"product_tag-natural-reed-bag","14":"product_tag-natural-straw-bag","15":"product_tag-portuguese-bag","16":"product_tag-reed-bag","17":"product_tag-reed-basket-bag","18":"product_tag-reed-straw-bag","19":"product_tag-reed-straw-basket","20":"product_tag-small-bag","21":"product_tag-small-straw-bag","22":"product_tag-straw-bag","23":"product_tag-straw-handbag","24":"product_tag-straw-purse","25":"product_tag-summer-bag","26":"product_tag-vegan-bag","27":"product_tag-women-bag","28":"product_tag-woven-basket","29":"product_shipping_class-small-package","31":"first","32":"onbackorder","33":"taxable","34":"shipping-taxable","35":"purchasable","36":"product-type-simple"},"acf":[],"gallery_images":[56879,56880,56881,56882],"_links":{"self":[{"href":"https:\/\/www.padaworks.com\/pt\/wp-json\/wp\/v2\/product\/56877","targetHints":{"allow":["GET"]}}],"collection":[{"href":"https:\/\/www.padaworks.com\/pt\/wp-json\/wp\/v2\/product"}],"about":[{"href":"https:\/\/www.padaworks.com\/pt\/wp-json\/wp\/v2\/types\/product"}],"replies":[{"embeddable":true,"href":"https:\/\/www.padaworks.com\/pt\/wp-json\/wp\/v2\/comments?post=56877"}],"wp:featuredmedia":[{"embeddable":true,"href":"https:\/\/www.padaworks.com\/pt\/wp-json\/wp\/v2\/media\/56878"}],"wp:attachment":[{"href":"https:\/\/www.padaworks.com\/pt\/wp-json\/wp\/v2\/media?parent=56877"}],"wp:term":[{"taxonomy":"product_brand","embeddable":true,"href":"https:\/\/www.padaworks.com\/pt\/wp-json\/wp\/v2\/product_brand?post=56877"},{"taxonomy":"product_cat","embeddable":true,"href":"https:\/\/www.padaworks.com\/pt\/wp-json\/wp\/v2\/product_cat?post=56877"},{"taxonomy":"product_tag","embeddable":true,"href":"https:\/\/www.padaworks.com\/pt\/wp-json\/wp\/v2\/product_tag?post=56877"}],"curies":[{"name":"wp","href":"https:\/\/api.w.org\/{rel}","templated":true}]}}