{"id":56866,"date":"2022-08-03T16:53:48","date_gmt":"2022-08-03T16:53:48","guid":{"rendered":"https:\/\/www.padaworks.com\/product\/straw-reed-basket-bag-3\/"},"modified":"2026-02-20T23:40:32","modified_gmt":"2026-02-20T23:40:32","slug":"saco-de-cesto-de-cana-verde-e-roxo-32cm","status":"publish","type":"product","link":"https:\/\/www.padaworks.com\/pt\/product\/saco-de-cesto-de-cana-verde-e-roxo-32cm\/","title":{"rendered":"Saco de cesto em junco verde e roxo - 32cm"},"content":{"rendered":"<p>Saco m\u00e9dio em cana verde e roxo - 32cm<\/p>\n<p>Saco de cesto m\u00e9dio em cana com pegas em vime. Materiais naturais e sustent\u00e1veis. O padr\u00e3o reflecte as cores naturais do junco e as cores verde e roxo.<br \/>\nSaco de cesto feito \u00e0 m\u00e3o.<\/p>\n<p>Feito \u00e0 m\u00e3o<br \/>\nFeito em Portugal com produtos portugueses, dedica\u00e7\u00e3o e amor!!<\/p>\n<p>Dimens\u00f5es:<br \/>\nC - 33 cm, L - 18 cm, A - 22 cm<br \/>\nC - 13,0 pol., L - 7,1 pol., A - 8,7 pol.<\/p>\n<p>As dimens\u00f5es podem variar ligeiramente.<\/p>","protected":false},"excerpt":{"rendered":"<p>Medium Reed Basket Bag Green and Purple &#8211; 32cm Basket bag medium made of reed with wicker handles. Natural and sustainable materials. The pattern reflects the natural colors of reed and the colors green and purple. Handmade basket bag. Artisan Made Made in Portugal with portuguese products, dedication and love!! Dimensions: L &#8211; 33 cm, [&hellip;]<\/p>","protected":false},"featured_media":56867,"comment_status":"open","ping_status":"closed","template":"","meta":{"_acf_changed":false},"product_brand":[],"product_cat":[2736],"product_tag":[363,381,544,359,780,599,307,779,1156,342,781,759,389,344,1254,385,346,347,303,376,828],"class_list":{"0":"post-56866","1":"product","2":"type-product","3":"status-publish","4":"has-post-thumbnail","6":"product_cat-reed-bags","7":"product_tag-beach-bag","8":"product_tag-boho-bag","9":"product_tag-gift-from-portugal","10":"product_tag-grocery-bag","11":"product_tag-hand-bag","12":"product_tag-handmade-bag","13":"product_tag-market-bag","14":"product_tag-market-basket-bag","15":"product_tag-multicolor-bag","16":"product_tag-portuguese-bag","17":"product_tag-reusable-bag","18":"product_tag-shopping-bag","19":"product_tag-shoulder-bag","20":"product_tag-straw-bag","21":"product_tag-straw-basket","22":"product_tag-straw-beach-bag","23":"product_tag-straw-handbag","24":"product_tag-straw-purse","25":"product_tag-summer-bag","26":"product_tag-vegan-bag","27":"product_tag-vintage-bag","28":"product_shipping_class-small-package","30":"first","31":"instock","32":"taxable","33":"shipping-taxable","34":"purchasable","35":"product-type-simple"},"acf":[],"gallery_images":[56868,56869,56870,56871,56872,56873,56874,56875,56876],"_links":{"self":[{"href":"https:\/\/www.padaworks.com\/pt\/wp-json\/wp\/v2\/product\/56866","targetHints":{"allow":["GET"]}}],"collection":[{"href":"https:\/\/www.padaworks.com\/pt\/wp-json\/wp\/v2\/product"}],"about":[{"href":"https:\/\/www.padaworks.com\/pt\/wp-json\/wp\/v2\/types\/product"}],"replies":[{"embeddable":true,"href":"https:\/\/www.padaworks.com\/pt\/wp-json\/wp\/v2\/comments?post=56866"}],"wp:featuredmedia":[{"embeddable":true,"href":"https:\/\/www.padaworks.com\/pt\/wp-json\/wp\/v2\/media\/56867"}],"wp:attachment":[{"href":"https:\/\/www.padaworks.com\/pt\/wp-json\/wp\/v2\/media?parent=56866"}],"wp:term":[{"taxonomy":"product_brand","embeddable":true,"href":"https:\/\/www.padaworks.com\/pt\/wp-json\/wp\/v2\/product_brand?post=56866"},{"taxonomy":"product_cat","embeddable":true,"href":"https:\/\/www.padaworks.com\/pt\/wp-json\/wp\/v2\/product_cat?post=56866"},{"taxonomy":"product_tag","embeddable":true,"href":"https:\/\/www.padaworks.com\/pt\/wp-json\/wp\/v2\/product_tag?post=56866"}],"curies":[{"name":"wp","href":"https:\/\/api.w.org\/{rel}","templated":true}]}}