{"id":56852,"date":"2022-08-03T16:52:33","date_gmt":"2022-08-03T16:52:33","guid":{"rendered":"https:\/\/www.padaworks.com\/product\/rustic-bird-house-brown\/"},"modified":"2026-04-08T10:16:52","modified_gmt":"2026-04-08T10:16:52","slug":"casinha-de-passaros-rustica-castanha","status":"publish","type":"product","link":"https:\/\/www.padaworks.com\/pt\/product\/casinha-de-passaros-rustica-castanha\/","title":{"rendered":"Casa de P\u00e1ssaros R\u00fastica - Castanha"},"content":{"rendered":"<p>Casa de p\u00e1ssaros r\u00fastica castanha<\/p>\n<p>D\u00ea ao seu ador\u00e1vel p\u00e1ssaro uma nova gaiola, com um design r\u00fastico que pode facilmente adicionar \u00e0 decora\u00e7\u00e3o da sua casa.<br \/>Esta gaiola \u00e9 toda feita \u00e0 m\u00e3o com madeira reutilizada.<br \/>Esta madeira \u00e9 recolhida nos centros de res\u00edduos e transformada nesta bela gaiola.<\/p>\n<p>Carater\u00edsticas da gaiola:<br \/>- Uma porta da frente com mola e uma fechadura<br \/>- Dois comedouros de pl\u00e1stico, um de cada lado<br \/>- Uma gaveta de res\u00edduos com uma fechadura para facilitar a limpeza do ch\u00e3o da gaiola<br \/>- Um anel no topo da gaiola para pendurar<\/p>\n<p>Feito \u00e0 m\u00e3o<br \/>Fabricado em Portugal<\/p>\n<p>Dimens\u00f5es totais:<br \/>C \u2013 48 cm, L \u2013 25 cm, A \u2013 34 cm<br \/>L \u2013 47,9 cm, L \u2013 24,9 cm, A \u2013 34 cm<\/p>\n<p>Dimens\u00f5es do espa\u00e7o \u00fatil:<br \/>C \u2013 38 cm, L \u2013 23 cm, A \u2013 31 cm<br \/>L \u2013 37,8 cm, L \u2013 23,1 cm, A \u2013 31 cm<\/p>\n<p>Espa\u00e7amento entre fios \u2013 0,8 cm; 0,3 pol.<\/p>\n<p>Este produto \u00e9 cuidadosamente embalado para garantir que chega em boas condi\u00e7\u00f5es \u00e0 sua casa.<br \/>As dimens\u00f5es podem variar ligeiramente.<\/p>","protected":false},"excerpt":{"rendered":"<p>Rustic Bird House Brown Give to your lovely bird a new cage, with one rustic design that you can easily add in you home decor.This cage is all handmade with reused wood.This wood is collected from waste centers and transformed into this beautiful cage. Features of the cage:&#8211; One front door with spring and one [&hellip;]<\/p>","protected":false},"featured_media":56853,"comment_status":"open","ping_status":"closed","template":"","meta":{"_acf_changed":false},"product_brand":[],"product_cat":[509,132],"product_tag":[570,497,507,755,1110,498,1070,504,1068,571,1617,503,1449,1616,505,1072,499],"class_list":{"0":"post-56852","1":"product","2":"type-product","3":"status-publish","4":"has-post-thumbnail","6":"product_cat-pet-supplies","7":"product_cat-bird-cages","8":"product_tag-antique-bird-cage","9":"product_tag-bird-cage","10":"product_tag-bird-cage-decor","11":"product_tag-bird-cage-wooden","12":"product_tag-bird-cages-for-birds","13":"product_tag-bird-home","14":"product_tag-bird-house","15":"product_tag-budgie-cage","16":"product_tag-canary-cage","17":"product_tag-decorative-bird-cage","18":"product_tag-love-your-bird","19":"product_tag-parakeet-cage","20":"product_tag-personalized-cage","21":"product_tag-rustic-cage","22":"product_tag-vintage-bird-cage","23":"product_tag-wooden-aviary","24":"product_tag-wooden-bird-cage","25":"product_shipping_class-large-package","27":"first","28":"onbackorder","29":"taxable","30":"shipping-taxable","31":"purchasable","32":"product-type-simple"},"acf":[],"gallery_images":[56854,56855,56856,56857],"_links":{"self":[{"href":"https:\/\/www.padaworks.com\/pt\/wp-json\/wp\/v2\/product\/56852","targetHints":{"allow":["GET"]}}],"collection":[{"href":"https:\/\/www.padaworks.com\/pt\/wp-json\/wp\/v2\/product"}],"about":[{"href":"https:\/\/www.padaworks.com\/pt\/wp-json\/wp\/v2\/types\/product"}],"replies":[{"embeddable":true,"href":"https:\/\/www.padaworks.com\/pt\/wp-json\/wp\/v2\/comments?post=56852"}],"wp:featuredmedia":[{"embeddable":true,"href":"https:\/\/www.padaworks.com\/pt\/wp-json\/wp\/v2\/media\/56853"}],"wp:attachment":[{"href":"https:\/\/www.padaworks.com\/pt\/wp-json\/wp\/v2\/media?parent=56852"}],"wp:term":[{"taxonomy":"product_brand","embeddable":true,"href":"https:\/\/www.padaworks.com\/pt\/wp-json\/wp\/v2\/product_brand?post=56852"},{"taxonomy":"product_cat","embeddable":true,"href":"https:\/\/www.padaworks.com\/pt\/wp-json\/wp\/v2\/product_cat?post=56852"},{"taxonomy":"product_tag","embeddable":true,"href":"https:\/\/www.padaworks.com\/pt\/wp-json\/wp\/v2\/product_tag?post=56852"}],"curies":[{"name":"wp","href":"https:\/\/api.w.org\/{rel}","templated":true}]}}