{"id":56808,"date":"2022-08-03T16:48:37","date_gmt":"2022-08-03T16:48:37","guid":{"rendered":"https:\/\/www.padaworks.com\/product\/extra-large-cream-and-black-square-rug-200x300cm-soft-rug\/"},"modified":"2026-02-12T11:48:53","modified_gmt":"2026-02-12T11:48:53","slug":"tapete-quadrado-extra-grande-creme-e-preto-200x300cm-tapete-macio","status":"publish","type":"product","link":"https:\/\/www.padaworks.com\/pt\/product\/tapete-quadrado-extra-grande-creme-e-preto-200x300cm-tapete-macio\/","title":{"rendered":"Tapete quadrado extra grande em creme e preto - 200x300cm - Tapete macio"},"content":{"rendered":"<p>Tapete extra grande em creme e preto 300x200cm<\/p>\n<p>Estes tapetes s\u00e3o robustos, mas muito leves, e podem ser lavados regularmente \u00e0 m\u00e3o ou \u00e0 m\u00e1quina.<br \/>Para al\u00e9m de serem ecol\u00f3gicos, uma vez que reutilizam mat\u00e9ria-prima desperdi\u00e7ada pela ind\u00fastria, s\u00e3o muito mais saud\u00e1veis do que os tapetes de fibras sint\u00e9ticas.<br \/>Recomendamos a lavagem a frio ou a 30\u00b0C.<\/p>\n<p>Feito \u00e0 m\u00e3o<br \/>Fabricado em Portugal<\/p>\n<p>Dimens\u00f5es:<br \/>C - 300 cm, L - 200 cm<br \/>C - 118,1 pol., L - 78,7 pol.<br \/>C - 9,8 p\u00e9s, L - 6,7 p\u00e9s<\/p>\n<p>As dimens\u00f5es podem variar ligeiramente.<\/p>","protected":false},"excerpt":{"rendered":"<p>Extra Large Cream and Black Rug 300x200cm These rugs are robust, yet very light, and can be regularly washed by hand or machine.In addition to being ecological, as they reuse raw material wasted by the industry, they are much healthier than synthetic fiber rugs.We recommend cold washing or to 30\u00b0C. Artisan MadeMade in Portugal Dimensions:L [&hellip;]<\/p>","protected":false},"featured_media":56809,"comment_status":"open","ping_status":"closed","template":"","meta":{"_acf_changed":false},"product_brand":[],"product_cat":[2728,2719],"product_tag":[821,890,421,732,837,478,648,1451,575,841,482,515,656],"class_list":{"0":"post-56808","1":"product","2":"type-product","3":"status-publish","4":"has-post-thumbnail","6":"product_cat-soft","7":"product_cat-special-offers","8":"product_tag-8x10-rug","9":"product_tag-area-rugs","10":"product_tag-bathroom-rug","11":"product_tag-berber-rug","12":"product_tag-black-and-white-rug","13":"product_tag-boho-rug","14":"product_tag-carpet-rug","15":"product_tag-hand-knotted-rug","16":"product_tag-kitchen-rug","17":"product_tag-modern-rug","18":"product_tag-rugs-for-bedroom","19":"product_tag-rugs-for-living-room","20":"product_tag-washable-area-rug","21":"product_shipping_class-small-package","23":"first","24":"instock","25":"sale","26":"taxable","27":"shipping-taxable","28":"purchasable","29":"product-type-simple"},"acf":[],"gallery_images":[56810,56811,56812,56813],"_links":{"self":[{"href":"https:\/\/www.padaworks.com\/pt\/wp-json\/wp\/v2\/product\/56808","targetHints":{"allow":["GET"]}}],"collection":[{"href":"https:\/\/www.padaworks.com\/pt\/wp-json\/wp\/v2\/product"}],"about":[{"href":"https:\/\/www.padaworks.com\/pt\/wp-json\/wp\/v2\/types\/product"}],"replies":[{"embeddable":true,"href":"https:\/\/www.padaworks.com\/pt\/wp-json\/wp\/v2\/comments?post=56808"}],"wp:featuredmedia":[{"embeddable":true,"href":"https:\/\/www.padaworks.com\/pt\/wp-json\/wp\/v2\/media\/56809"}],"wp:attachment":[{"href":"https:\/\/www.padaworks.com\/pt\/wp-json\/wp\/v2\/media?parent=56808"}],"wp:term":[{"taxonomy":"product_brand","embeddable":true,"href":"https:\/\/www.padaworks.com\/pt\/wp-json\/wp\/v2\/product_brand?post=56808"},{"taxonomy":"product_cat","embeddable":true,"href":"https:\/\/www.padaworks.com\/pt\/wp-json\/wp\/v2\/product_cat?post=56808"},{"taxonomy":"product_tag","embeddable":true,"href":"https:\/\/www.padaworks.com\/pt\/wp-json\/wp\/v2\/product_tag?post=56808"}],"curies":[{"name":"wp","href":"https:\/\/api.w.org\/{rel}","templated":true}]}}