{"id":56770,"date":"2022-08-03T16:44:03","date_gmt":"2022-08-03T16:44:03","guid":{"rendered":"https:\/\/www.padaworks.com\/product\/rustic-bird-cage-natural-recycled-wood\/"},"modified":"2026-04-26T08:48:23","modified_gmt":"2026-04-26T08:48:23","slug":"gaiola-rustica-para-passaros-madeira-natural-reciclada","status":"publish","type":"product","link":"https:\/\/www.padaworks.com\/pt\/product\/gaiola-rustica-para-passaros-madeira-natural-reciclada\/","title":{"rendered":"Gaiola r\u00fastica para p\u00e1ssaros - Madeira natural reciclada"},"content":{"rendered":"<p>Gaiola r\u00fastica para p\u00e1ssaros<\/p>\n<p>Esta gaiola \u00e9 toda feita \u00e0 m\u00e3o com madeira reutilizada.<br \/>Esta madeira \u00e9 recolhida nos centros de res\u00edduos e transformada nesta bela gaiola.<br \/>Inclu\u00eda dois comedouros.<\/p>\n<p>Dimens\u00f5es :<br \/>C - 35 cm, L - 23 cm, A - 33 cm<br \/>C - 13,8 pol., L - 9,1 pol., A - 13,0 pol.<\/p>\n<p>As dimens\u00f5es podem variar ligeiramente.<\/p>","protected":false},"excerpt":{"rendered":"<p>Rustic Bird Cage This cage is all handmade with reused wood.This wood is collected from waste centers and transformed into this beautiful cage.Included two feeders. Dimensions :L &#8211; 35 cm, W &#8211; 23 cm, H &#8211; 33 cmL &#8211; 13,8 in, W &#8211; 9,1 in, H &#8211; 13,0 in The dimensions may vary slightly.<\/p>","protected":false},"featured_media":56771,"comment_status":"open","ping_status":"closed","template":"","meta":{"_acf_changed":false},"product_brand":[],"product_cat":[509,132],"product_tag":[570,497,507,755,1110,498,504,571,503,1449,505,1072,499],"class_list":{"0":"post-56770","1":"product","2":"type-product","3":"status-publish","4":"has-post-thumbnail","6":"product_cat-pet-supplies","7":"product_cat-bird-cages","8":"product_tag-antique-bird-cage","9":"product_tag-bird-cage","10":"product_tag-bird-cage-decor","11":"product_tag-bird-cage-wooden","12":"product_tag-bird-cages-for-birds","13":"product_tag-bird-home","14":"product_tag-budgie-cage","15":"product_tag-decorative-bird-cage","16":"product_tag-parakeet-cage","17":"product_tag-personalized-cage","18":"product_tag-vintage-bird-cage","19":"product_tag-wooden-aviary","20":"product_tag-wooden-bird-cage","21":"product_shipping_class-large-package","23":"first","24":"instock","25":"taxable","26":"shipping-taxable","27":"purchasable","28":"product-type-simple"},"acf":[],"gallery_images":[56772,56773,56774,56775,56776,56777,56778,56779,56780],"_links":{"self":[{"href":"https:\/\/www.padaworks.com\/pt\/wp-json\/wp\/v2\/product\/56770","targetHints":{"allow":["GET"]}}],"collection":[{"href":"https:\/\/www.padaworks.com\/pt\/wp-json\/wp\/v2\/product"}],"about":[{"href":"https:\/\/www.padaworks.com\/pt\/wp-json\/wp\/v2\/types\/product"}],"replies":[{"embeddable":true,"href":"https:\/\/www.padaworks.com\/pt\/wp-json\/wp\/v2\/comments?post=56770"}],"wp:featuredmedia":[{"embeddable":true,"href":"https:\/\/www.padaworks.com\/pt\/wp-json\/wp\/v2\/media\/56771"}],"wp:attachment":[{"href":"https:\/\/www.padaworks.com\/pt\/wp-json\/wp\/v2\/media?parent=56770"}],"wp:term":[{"taxonomy":"product_brand","embeddable":true,"href":"https:\/\/www.padaworks.com\/pt\/wp-json\/wp\/v2\/product_brand?post=56770"},{"taxonomy":"product_cat","embeddable":true,"href":"https:\/\/www.padaworks.com\/pt\/wp-json\/wp\/v2\/product_cat?post=56770"},{"taxonomy":"product_tag","embeddable":true,"href":"https:\/\/www.padaworks.com\/pt\/wp-json\/wp\/v2\/product_tag?post=56770"}],"curies":[{"name":"wp","href":"https:\/\/api.w.org\/{rel}","templated":true}]}}