{"id":56714,"date":"2022-08-03T16:33:37","date_gmt":"2022-08-03T16:33:37","guid":{"rendered":"https:\/\/www.padaworks.com\/product\/vintage-basket-bag-26-cm\/"},"modified":"2026-04-26T12:33:08","modified_gmt":"2026-04-26T12:33:08","slug":"saco-de-cesto-vintage-26-cm","status":"publish","type":"product","link":"https:\/\/www.padaworks.com\/pt\/product\/saco-de-cesto-vintage-26-cm\/","title":{"rendered":"Mala de cesto vintage 26 cm"},"content":{"rendered":"<p>Saco de cesto vintage<\/p>\n<p>Um bonito saco de cesto fabricado em Portugal e tecido \u00e0 m\u00e3o com materiais naturais. Tem uma pega entran\u00e7ada e tamb\u00e9m uma tampa.<br \/>\u00c9 perfeito para estilos vintage, boho ou bo\u00e9mio, para desloca\u00e7\u00f5es, escapadelas de fim de semana ou mesmo como cesto de colheita de frutas e legumes.<br \/>Uma pe\u00e7a totalmente sustent\u00e1vel e de grande durabilidade.<br \/>Cada cesto \u00e9 \u00fanico, pelo que n\u00e3o existe outro igual.<\/p>\n<p>Feito \u00e0 m\u00e3o<br \/>Fabricado em Portugal<\/p>\n<p>Dimens\u00f5es:<br \/>\u00d8 - 26 cm, H - 22 cm, H com pega - 38 cm<br \/>\u00d8 - 10,2 in, H - 8,6 in, H com pega - 15,0 in<\/p>\n<p>As dimens\u00f5es podem variar ligeiramente.<\/p>","protected":false},"excerpt":{"rendered":"<p>Vintage Basket Bag A beautiful basket bag made in Portugal and handwoven with natural materials. It has a braided handle and also a lid.It&#8217;s perfect for vintage, boho, or bohemian styles, for commuting, weekend getaways, or even as a fruit and vegetable harvest basket.A completely sustainable and highly durable piece.Each basket is unique so there [&hellip;]<\/p>","protected":false},"featured_media":56715,"comment_status":"open","ping_status":"closed","template":"","meta":{"_acf_changed":false},"product_brand":[],"product_cat":[2738],"product_tag":[302,524,823,381,1446,1447,827,529,1254,1444,446,923,1445],"class_list":{"0":"post-56714","1":"product","2":"type-product","3":"status-publish","4":"has-post-thumbnail","6":"product_cat-wicker-bags","7":"product_tag-basket-bag","8":"product_tag-basket-with-lid","9":"product_tag-bohemian-bag","10":"product_tag-boho-bag","11":"product_tag-flower-basket","12":"product_tag-handmade-baskets","13":"product_tag-round-bag","14":"product_tag-round-basket","15":"product_tag-straw-basket","16":"product_tag-vintage-baskets","17":"product_tag-wedding-basket","18":"product_tag-wicker-purse","19":"product_tag-woven-bag","20":"product_shipping_class-small-package","22":"first","23":"onbackorder","24":"sale","25":"taxable","26":"shipping-taxable","27":"purchasable","28":"product-type-simple"},"acf":[],"gallery_images":[56716,56717,56718,56719,56720,56721,56722],"_links":{"self":[{"href":"https:\/\/www.padaworks.com\/pt\/wp-json\/wp\/v2\/product\/56714","targetHints":{"allow":["GET"]}}],"collection":[{"href":"https:\/\/www.padaworks.com\/pt\/wp-json\/wp\/v2\/product"}],"about":[{"href":"https:\/\/www.padaworks.com\/pt\/wp-json\/wp\/v2\/types\/product"}],"replies":[{"embeddable":true,"href":"https:\/\/www.padaworks.com\/pt\/wp-json\/wp\/v2\/comments?post=56714"}],"wp:featuredmedia":[{"embeddable":true,"href":"https:\/\/www.padaworks.com\/pt\/wp-json\/wp\/v2\/media\/56715"}],"wp:attachment":[{"href":"https:\/\/www.padaworks.com\/pt\/wp-json\/wp\/v2\/media?parent=56714"}],"wp:term":[{"taxonomy":"product_brand","embeddable":true,"href":"https:\/\/www.padaworks.com\/pt\/wp-json\/wp\/v2\/product_brand?post=56714"},{"taxonomy":"product_cat","embeddable":true,"href":"https:\/\/www.padaworks.com\/pt\/wp-json\/wp\/v2\/product_cat?post=56714"},{"taxonomy":"product_tag","embeddable":true,"href":"https:\/\/www.padaworks.com\/pt\/wp-json\/wp\/v2\/product_tag?post=56714"}],"curies":[{"name":"wp","href":"https:\/\/api.w.org\/{rel}","templated":true}]}}