{"id":56697,"date":"2022-08-03T16:32:30","date_gmt":"2022-08-03T16:32:30","guid":{"rendered":"https:\/\/www.padaworks.com\/product\/round-wicker-bag-wicker-purse-wicker-wallet-summer-bag-wicker-handbag-wicker-basket-straw-bag-handmade-bag-bohemian-bag\/"},"modified":"2026-01-09T19:12:06","modified_gmt":"2026-01-09T19:12:06","slug":"saco-redondo-de-vime-bolsa-de-vime-carteira-de-vime-saco-de-verao-bolsa-de-vime-cesto-de-vime-saco-de-palha-saco-feito-a-mao-saco-boemio","status":"publish","type":"product","link":"https:\/\/www.padaworks.com\/pt\/product\/saco-redondo-de-vime-bolsa-de-vime-carteira-de-vime-saco-de-verao-bolsa-de-vime-cesto-de-vime-saco-de-palha-saco-feito-a-mao-saco-boemio\/","title":{"rendered":"Mala de vime redondo"},"content":{"rendered":"<p>Mala de vime redondo<\/p>\n<p>Dimens\u00f5es:<\/p>\n<p>TAMANHO PEQUENO<br \/>\u00d8 - 21 cm, L - 9 cm, A - 21 cm, A com pega - 23 cm<br \/>\u00d8 - 8,3 pol., L - 3,5 pol., A - 8,3 pol., A com pega - 9,1 pol.<\/p>\n<p>TAMANHO M\u00c9DIO<br \/>\u00d8 - 26 cm, L - 10 cm, A - 26 cm, A com pega - 28 cm<br \/>\u00d8 - 10,2 pol., L - 3,9 pol., A - 10,2 pol., A com pega - 11,0 pol.<\/p>\n<p>TAMANHO GRANDE<br \/>\u00d8 - 31 cm, L - 12 cm, A - 31 cm, A com pega - 33 cm<br \/>\u00d8 - 12,2 pol., L - 4,7 pol., A - 12,2 pol., A com pega - 13,0 pol.<\/p>\n<p>Feito \u00e0 m\u00e3o<br \/>Fabricado em Portugal<\/p>\n<p>As dimens\u00f5es do saco podem variar ligeiramente.<\/p>","protected":false},"excerpt":{"rendered":"<p>Round Wicker Bag Dimensions: SMALL SIZE\u00d8 &#8211; 21 cm, W &#8211; 9 cm, H &#8211; 21 cm, H with handle &#8211; 23 cm\u00d8 &#8211; 8,3 in, W &#8211; 3,5 in, H &#8211; 8,3 in, H with handle &#8211; 9,1 in MEDIUM SIZE\u00d8 &#8211; 26 cm, W &#8211; 10 cm, H &#8211; 26 cm, H with [&hellip;]<\/p>","protected":false},"featured_media":56698,"comment_status":"open","ping_status":"closed","template":"","meta":{"_acf_changed":false},"product_brand":[],"product_cat":[2738],"product_tag":[302,524,381,455,479,827,529,347,828,1444,446,830,824],"class_list":{"0":"post-56697","1":"product","2":"type-product","3":"status-publish","4":"has-post-thumbnail","6":"product_cat-wicker-bags","7":"product_tag-basket-bag","8":"product_tag-basket-with-lid","9":"product_tag-boho-bag","10":"product_tag-flower-girl-basket","11":"product_tag-gift-for-her","12":"product_tag-round-bag","13":"product_tag-round-basket","14":"product_tag-straw-purse","15":"product_tag-vintage-bag","16":"product_tag-vintage-baskets","17":"product_tag-wedding-basket","18":"product_tag-wicker-clutch","19":"product_tag-woman-bag","20":"product_shipping_class-small-package","22":"first","23":"instock","24":"taxable","25":"shipping-taxable","26":"purchasable","27":"product-type-variable","28":"has-default-attributes","29":"wvs-archive-product-wrapper"},"acf":[],"gallery_images":[56699,56700,56701,56702,56703,56704,56705,56706,56707,56709],"_links":{"self":[{"href":"https:\/\/www.padaworks.com\/pt\/wp-json\/wp\/v2\/product\/56697","targetHints":{"allow":["GET"]}}],"collection":[{"href":"https:\/\/www.padaworks.com\/pt\/wp-json\/wp\/v2\/product"}],"about":[{"href":"https:\/\/www.padaworks.com\/pt\/wp-json\/wp\/v2\/types\/product"}],"replies":[{"embeddable":true,"href":"https:\/\/www.padaworks.com\/pt\/wp-json\/wp\/v2\/comments?post=56697"}],"wp:featuredmedia":[{"embeddable":true,"href":"https:\/\/www.padaworks.com\/pt\/wp-json\/wp\/v2\/media\/56698"}],"wp:attachment":[{"href":"https:\/\/www.padaworks.com\/pt\/wp-json\/wp\/v2\/media?parent=56697"}],"wp:term":[{"taxonomy":"product_brand","embeddable":true,"href":"https:\/\/www.padaworks.com\/pt\/wp-json\/wp\/v2\/product_brand?post=56697"},{"taxonomy":"product_cat","embeddable":true,"href":"https:\/\/www.padaworks.com\/pt\/wp-json\/wp\/v2\/product_cat?post=56697"},{"taxonomy":"product_tag","embeddable":true,"href":"https:\/\/www.padaworks.com\/pt\/wp-json\/wp\/v2\/product_tag?post=56697"}],"curies":[{"name":"wp","href":"https:\/\/api.w.org\/{rel}","templated":true}]}}