{"id":56635,"date":"2022-06-14T12:12:07","date_gmt":"2022-06-14T12:12:07","guid":{"rendered":"https:\/\/www.padaworks.com\/product\/straw-hat-straw-kids-hat-summer-hat-spring-hat-holiday-hat-baby-hat-wedding-kids-hat-beach-hat-handmade-hat-vintage-hat\/"},"modified":"2025-11-19T09:27:01","modified_gmt":"2025-11-19T09:27:01","slug":"chapeu-de-palha-chapeu-de-palha-para-criancas-chapeu-de-verao-chapeu-de-primavera-chapeu-de-ferias-chapeu-de-bebe-chapeu-de-casamento-chapeu-de-crianca-chapeu-de-praia-chapeu-feito-a-mao-chapeu-vintag","status":"publish","type":"product","link":"https:\/\/www.padaworks.com\/pt\/product\/chapeu-de-palha-chapeu-de-palha-para-criancas-chapeu-de-verao-chapeu-de-primavera-chapeu-de-ferias-chapeu-de-bebe-chapeu-de-casamento-chapeu-de-crianca-chapeu-de-praia-chapeu-feito-a-mao-chapeu-vintag\/","title":{"rendered":"Chap\u00e9u de palha para crian\u00e7as - Blue Ribbon"},"content":{"rendered":"<p>Chap\u00e9u de palha<br \/>com fita azul e branca<\/p>\n<p>Feito \u00e0 m\u00e3o<br \/>Fabricado em Portugal<\/p>\n<p>Tamanho - 50 cm \/ 52 cm; 19,7 in \/ 20,5 in<br \/>Di\u00e2metro total - 27 cm; 10,6 in<br \/>H - 8 cm; 3,1 in<\/p>\n<p>As dimens\u00f5es do chap\u00e9u podem variar ligeiramente.<\/p>","protected":false},"excerpt":{"rendered":"<p>Chap\u00e9u de Palha com Fita Azul e Branca Feito \u00e0 m\u00e3o Artesanalmente Fabricado em Portugal Tamanho - 50 cm \/ 52 cm; 19,7 in \/ 20,5 inDi\u00e2metro total - 27 cm; 10,6 inH - 8 cm; 3,1 in As dimens\u00f5es do chap\u00e9u podem variar ligeiramente.<\/p>","protected":false},"featured_media":56636,"comment_status":"open","ping_status":"open","template":"","meta":{"_acf_changed":false},"product_brand":[],"product_cat":[1546],"product_tag":[744,734,880,881,876,332,1413,733,874,877,878,1412,1133],"class_list":{"0":"post-56635","1":"product","2":"type-product","3":"status-publish","4":"has-post-thumbnail","6":"product_cat-hats-accessories","7":"product_tag-beach-hat","8":"product_tag-boater-hat","9":"product_tag-boater-hats-for-kids","10":"product_tag-children-hat","11":"product_tag-childs-straw-hat","12":"product_tag-kids-hat","13":"product_tag-occasion-hat","14":"product_tag-portuguese-hat","15":"product_tag-portuguese-straw-hat","16":"product_tag-straw-hat-children","17":"product_tag-summer-hats","18":"product_tag-wedding-guest","19":"product_tag-wedding-hat","20":"product_shipping_class-small-package","22":"first","23":"instock","24":"sale","25":"taxable","26":"shipping-taxable","27":"purchasable","28":"product-type-simple"},"acf":[],"gallery_images":[56637,56638,56639],"_links":{"self":[{"href":"https:\/\/www.padaworks.com\/pt\/wp-json\/wp\/v2\/product\/56635","targetHints":{"allow":["GET"]}}],"collection":[{"href":"https:\/\/www.padaworks.com\/pt\/wp-json\/wp\/v2\/product"}],"about":[{"href":"https:\/\/www.padaworks.com\/pt\/wp-json\/wp\/v2\/types\/product"}],"replies":[{"embeddable":true,"href":"https:\/\/www.padaworks.com\/pt\/wp-json\/wp\/v2\/comments?post=56635"}],"wp:featuredmedia":[{"embeddable":true,"href":"https:\/\/www.padaworks.com\/pt\/wp-json\/wp\/v2\/media\/56636"}],"wp:attachment":[{"href":"https:\/\/www.padaworks.com\/pt\/wp-json\/wp\/v2\/media?parent=56635"}],"wp:term":[{"taxonomy":"product_brand","embeddable":true,"href":"https:\/\/www.padaworks.com\/pt\/wp-json\/wp\/v2\/product_brand?post=56635"},{"taxonomy":"product_cat","embeddable":true,"href":"https:\/\/www.padaworks.com\/pt\/wp-json\/wp\/v2\/product_cat?post=56635"},{"taxonomy":"product_tag","embeddable":true,"href":"https:\/\/www.padaworks.com\/pt\/wp-json\/wp\/v2\/product_tag?post=56635"}],"curies":[{"name":"wp","href":"https:\/\/api.w.org\/{rel}","templated":true}]}}