{"id":56629,"date":"2022-06-14T12:11:42","date_gmt":"2022-06-14T12:11:42","guid":{"rendered":"https:\/\/www.padaworks.com\/product\/straw-girl-hat-straw-kids-hat-summer-hat-spring-hat-holiday-hat-wedding-kids-hat-handmade-hat-vintage-hat\/"},"modified":"2026-04-15T14:02:54","modified_gmt":"2026-04-15T14:02:54","slug":"chapeu-de-palha-para-meninas-chapeu-de-palha-para-criancas-chapeu-de-verao-chapeu-de-primavera-chapeu-de-ferias-chapeu-de-casamento-para-criancas-chapeu-artesanal-chapeu-vintage","status":"publish","type":"product","link":"https:\/\/www.padaworks.com\/pt\/product\/chapeu-de-palha-para-meninas-chapeu-de-palha-para-criancas-chapeu-de-verao-chapeu-de-primavera-chapeu-de-ferias-chapeu-de-casamento-para-criancas-chapeu-artesanal-chapeu-vintage\/","title":{"rendered":"Chap\u00e9u de palha para crian\u00e7as - Fita floral"},"content":{"rendered":"<p>Chap\u00e9u de palha para meninas<br \/>com fita de flores<\/p>\n<p>Feito \u00e0 m\u00e3o<br \/>Fabricado em Portugal<\/p>\n<p>Tamanho \u2013 52 cm \/ 54 cm; 20,5 pol. \/ 21,3 pol.<br \/>Di\u00e2metro total \u2013 30 cm; 11,8 pol.<br \/>H - 8 cm; 3,1 in<\/p>\n<p>As dimens\u00f5es do chap\u00e9u podem variar ligeiramente.<\/p>","protected":false},"excerpt":{"rendered":"<p>Chap\u00e9u de palha para rapariga com flores e la\u00e7o Feito \u00e0 m\u00e3o Artesanal Fabricado em Portugal Tamanho - 52 cm \/ 54 cm; 20,5 in \/ 21,3 inDi\u00e2metro total - 30 cm; 11,8 inH - 8 cm; 3,1 in As dimens\u00f5es do chap\u00e9u podem variar ligeiramente.<\/p>","protected":false},"featured_media":56630,"comment_status":"open","ping_status":"open","template":"","meta":{"_acf_changed":false},"product_brand":[],"product_cat":[1546],"product_tag":[744,734,880,1414,881,876,332,1413,733,877,878,1412,1133],"class_list":{"0":"post-56629","1":"product","2":"type-product","3":"status-publish","4":"has-post-thumbnail","6":"product_cat-hats-accessories","7":"product_tag-beach-hat","8":"product_tag-boater-hat","9":"product_tag-boater-hats-for-kids","10":"product_tag-boho-hat","11":"product_tag-children-hat","12":"product_tag-childs-straw-hat","13":"product_tag-kids-hat","14":"product_tag-occasion-hat","15":"product_tag-portuguese-hat","16":"product_tag-straw-hat-children","17":"product_tag-summer-hats","18":"product_tag-wedding-guest","19":"product_tag-wedding-hat","20":"product_shipping_class-small-package","22":"first","23":"instock","24":"sale","25":"taxable","26":"shipping-taxable","27":"purchasable","28":"product-type-simple"},"acf":[],"gallery_images":[56631,56632,56633,56634],"_links":{"self":[{"href":"https:\/\/www.padaworks.com\/pt\/wp-json\/wp\/v2\/product\/56629","targetHints":{"allow":["GET"]}}],"collection":[{"href":"https:\/\/www.padaworks.com\/pt\/wp-json\/wp\/v2\/product"}],"about":[{"href":"https:\/\/www.padaworks.com\/pt\/wp-json\/wp\/v2\/types\/product"}],"replies":[{"embeddable":true,"href":"https:\/\/www.padaworks.com\/pt\/wp-json\/wp\/v2\/comments?post=56629"}],"wp:featuredmedia":[{"embeddable":true,"href":"https:\/\/www.padaworks.com\/pt\/wp-json\/wp\/v2\/media\/56630"}],"wp:attachment":[{"href":"https:\/\/www.padaworks.com\/pt\/wp-json\/wp\/v2\/media?parent=56629"}],"wp:term":[{"taxonomy":"product_brand","embeddable":true,"href":"https:\/\/www.padaworks.com\/pt\/wp-json\/wp\/v2\/product_brand?post=56629"},{"taxonomy":"product_cat","embeddable":true,"href":"https:\/\/www.padaworks.com\/pt\/wp-json\/wp\/v2\/product_cat?post=56629"},{"taxonomy":"product_tag","embeddable":true,"href":"https:\/\/www.padaworks.com\/pt\/wp-json\/wp\/v2\/product_tag?post=56629"}],"curies":[{"name":"wp","href":"https:\/\/api.w.org\/{rel}","templated":true}]}}