{"id":56608,"date":"2022-06-14T12:06:54","date_gmt":"2022-06-14T12:06:54","guid":{"rendered":"https:\/\/www.padaworks.com\/product\/black-with-hearts-portuguese-rooster-37cm\/"},"modified":"2026-03-06T09:58:22","modified_gmt":"2026-03-06T09:58:22","slug":"galo-portugues-preto-com-coracoes-37cm","status":"publish","type":"product","link":"https:\/\/www.padaworks.com\/pt\/product\/galo-portugues-preto-com-coracoes-37cm\/","title":{"rendered":"Galo Portugu\u00eas Preto com Cora\u00e7\u00f5es - 37cm"},"content":{"rendered":"<p>Galo grande de cer\u00e2mica com cora\u00e7\u00f5es<\/p>\n<p>A figura do galo de Barcelos tem origem na interessante lenda popular que transporta Barcelos para a \u00e9poca medieval, e que conta a hist\u00f3ria de um peregrino a caminho de Santiago de Compostela, que foi milagrosamente salvo da forca, gra\u00e7as a Santiago, quando um galo cantou e se fez ouvir de forma surpreendente.<br \/>It was from the 50s and 60s that the rooster of Barcelos became a symbol of national tourism and an icon of a nation&#39;s identity.<\/p>\n<p>With bright colors, multifaceted in size and shapes, a testament to Portugal&#39;s cultural differences and ethnographic variety.<br \/>A imagem do galo de Barcelos \u00e9 universal e \u00e9 um s\u00edmbolo da identidade portuguesa presente em muitas partes do mundo, ultrapassando as fronteiras do concelho que lhe deu o nome.<\/p>\n<p>Feito \u00e0 m\u00e3o<br \/>Pintado \u00e0 m\u00e3o<br \/>Fabricado em Portugal<\/p>\n<p>Dimens\u00f5es:<br \/>C - 25 cm, L - 17 cm, A - 37 cm<br \/>C - 9,8 pol., L - 6,7 pol., A - 14,6 pol.<\/p>\n<p>As dimens\u00f5es podem variar ligeiramente.<\/p>","protected":false},"excerpt":{"rendered":"<p>Large Ceramic Rooster With Hearts The figure of the rooster of Barcelos comes from the interesting popular legend that transports Barcelos to medieval times, and which tells the story of a pilgrim on his way to Santiago de Compostela, who was miraculously saved from the gallows, thanks to Santiago, when a rooster crowed made itself [&hellip;]<\/p>","protected":false},"featured_media":56609,"comment_status":"open","ping_status":"open","template":"","meta":{"_acf_changed":false},"product_brand":[],"product_cat":[402,1549],"product_tag":[1165,550,580,544,545,549,543,546,390,547,548,542,539],"class_list":{"0":"post-56608","1":"product","2":"type-product","3":"status-publish","4":"has-post-thumbnail","6":"product_cat-pottery","7":"product_cat-roosters","8":"product_tag-black-and-white","9":"product_tag-ceramic-figurine","10":"product_tag-ceramic-sculpture","11":"product_tag-gift-from-portugal","12":"product_tag-good-luck-rooster","13":"product_tag-handmade-ceramics","14":"product_tag-handpainted-rooster","15":"product_tag-lucky-rooster","16":"product_tag-portuguese-ceramic","17":"product_tag-rooster-decor","18":"product_tag-rooster-figurine","19":"product_tag-traditional-rooster","20":"product_tag-wedding-gift","21":"product_shipping_class-small-package","23":"first","24":"instock","25":"sale","26":"taxable","27":"shipping-taxable","28":"purchasable","29":"product-type-simple"},"acf":[],"gallery_images":[56610,56611,56612,56613,56614],"_links":{"self":[{"href":"https:\/\/www.padaworks.com\/pt\/wp-json\/wp\/v2\/product\/56608","targetHints":{"allow":["GET"]}}],"collection":[{"href":"https:\/\/www.padaworks.com\/pt\/wp-json\/wp\/v2\/product"}],"about":[{"href":"https:\/\/www.padaworks.com\/pt\/wp-json\/wp\/v2\/types\/product"}],"replies":[{"embeddable":true,"href":"https:\/\/www.padaworks.com\/pt\/wp-json\/wp\/v2\/comments?post=56608"}],"wp:featuredmedia":[{"embeddable":true,"href":"https:\/\/www.padaworks.com\/pt\/wp-json\/wp\/v2\/media\/56609"}],"wp:attachment":[{"href":"https:\/\/www.padaworks.com\/pt\/wp-json\/wp\/v2\/media?parent=56608"}],"wp:term":[{"taxonomy":"product_brand","embeddable":true,"href":"https:\/\/www.padaworks.com\/pt\/wp-json\/wp\/v2\/product_brand?post=56608"},{"taxonomy":"product_cat","embeddable":true,"href":"https:\/\/www.padaworks.com\/pt\/wp-json\/wp\/v2\/product_cat?post=56608"},{"taxonomy":"product_tag","embeddable":true,"href":"https:\/\/www.padaworks.com\/pt\/wp-json\/wp\/v2\/product_tag?post=56608"}],"curies":[{"name":"wp","href":"https:\/\/api.w.org\/{rel}","templated":true}]}}