{"id":56490,"date":"2022-06-14T12:00:57","date_gmt":"2022-06-14T12:00:57","guid":{"rendered":"https:\/\/www.padaworks.com\/product\/set-of-wicker-chair-and-wicker-table-patio-decor-outdoor-furniture-round-chair-outdoor-table-outdoor-garden-decor-boho-decor\/"},"modified":"2026-03-05T15:13:30","modified_gmt":"2026-03-05T15:13:30","slug":"conjunto-de-cadeira-de-vime-e-mesa-de-vime-vime-natural","status":"publish","type":"product","link":"https:\/\/www.padaworks.com\/pt\/product\/conjunto-de-cadeira-de-vime-e-mesa-de-vime-vime-natural\/","title":{"rendered":"Conjunto de Cadeira de Vime e Mesa de Vime - Vime Natural"},"content":{"rendered":"<p>Conjunto de cadeiras e mesa de vime<br \/>Cor Natural<\/p>\n<p>Uma cadeira e mesa de vime perfeitas para o seu espa\u00e7o exterior. Design sofisticado e totalmente artesanal, ideal para decora\u00e7\u00e3o boho, vintage e r\u00fastica.<br \/>Ideal para desfrutar de um bom descanso nos dias mais quentes.<\/p>\n<p>O pre\u00e7o inclui duas cadeiras e uma mesa.<br \/>\u00c9 poss\u00edvel comprar cada um destes itens separadamente.<\/p>\n<p>Dimens\u00f5es:<br \/>Cadeira<br \/>\u00d8 \u2013 70 cm, H montado \u2013 80 cm<br \/>\u00d8 \u2013 27,6 pol., H montado \u2013 31,5 pol.<\/p>\n<p>Tabela<br \/>\u00d8 \u2013 52 cm, A montado \u2013 45 cm<br \/>\u00d8 \u2013 52 cm, altura montado \u2013 45 cm<\/p>\n<p>Feito \u00e0 m\u00e3o<br \/>Fabricado em Portugal<\/p>","protected":false},"excerpt":{"rendered":"<p>Set of Wicker Chairs and Wicker TableColor Natural A perfect wicker chair and table for your outdoor space. Sophisticated and fully handcrafted design, perfect for boho, vintage and farmhouse decor.Ideal to enjoy a nice rest on the hottest days. The price includes two chairs and one table.It is possible to buy each of these items [&hellip;]<\/p>","protected":false},"featured_media":56491,"comment_status":"open","ping_status":"closed","template":"","meta":{"_acf_changed":false},"product_brand":[],"product_cat":[812],"product_tag":[1401,1399,63,319,1391,1386,1389,1400,1390,1385,1388,1387,1398],"class_list":{"0":"post-56490","1":"product","2":"type-product","3":"status-publish","4":"has-post-thumbnail","6":"product_cat-garden-decoration","7":"product_tag-beach-house-decor","8":"product_tag-cane-chair","9":"product_tag-chairs","10":"product_tag-farmhouse-decor","11":"product_tag-handmade-decor","12":"product_tag-lounge-chair","13":"product_tag-patio-chairs","14":"product_tag-spring-decor","15":"product_tag-vintage-lounge-chair","16":"product_tag-wicker-furniture","17":"product_tag-wicker-rattan","18":"product_tag-wicker-table","19":"product_tag-wood-chair","20":"product_shipping_class-large-package","22":"first","23":"instock","24":"taxable","25":"shipping-taxable","26":"purchasable","27":"product-type-simple"},"acf":[],"gallery_images":[],"_links":{"self":[{"href":"https:\/\/www.padaworks.com\/pt\/wp-json\/wp\/v2\/product\/56490","targetHints":{"allow":["GET"]}}],"collection":[{"href":"https:\/\/www.padaworks.com\/pt\/wp-json\/wp\/v2\/product"}],"about":[{"href":"https:\/\/www.padaworks.com\/pt\/wp-json\/wp\/v2\/types\/product"}],"replies":[{"embeddable":true,"href":"https:\/\/www.padaworks.com\/pt\/wp-json\/wp\/v2\/comments?post=56490"}],"wp:featuredmedia":[{"embeddable":true,"href":"https:\/\/www.padaworks.com\/pt\/wp-json\/wp\/v2\/media\/56491"}],"wp:attachment":[{"href":"https:\/\/www.padaworks.com\/pt\/wp-json\/wp\/v2\/media?parent=56490"}],"wp:term":[{"taxonomy":"product_brand","embeddable":true,"href":"https:\/\/www.padaworks.com\/pt\/wp-json\/wp\/v2\/product_brand?post=56490"},{"taxonomy":"product_cat","embeddable":true,"href":"https:\/\/www.padaworks.com\/pt\/wp-json\/wp\/v2\/product_cat?post=56490"},{"taxonomy":"product_tag","embeddable":true,"href":"https:\/\/www.padaworks.com\/pt\/wp-json\/wp\/v2\/product_tag?post=56490"}],"curies":[{"name":"wp","href":"https:\/\/api.w.org\/{rel}","templated":true}]}}