{"id":56445,"date":"2022-06-14T11:55:56","date_gmt":"2022-06-14T11:55:56","guid":{"rendered":"https:\/\/www.padaworks.com\/product\/ceramic-hanging-ladybug\/"},"modified":"2026-04-13T11:12:10","modified_gmt":"2026-04-13T11:12:10","slug":"joaninha-de-ceramica-para-pendurar","status":"publish","type":"product","link":"https:\/\/www.padaworks.com\/pt\/product\/joaninha-de-ceramica-para-pendurar\/","title":{"rendered":"Joaninha suspensa em cer\u00e2mica"},"content":{"rendered":"<p>Joaninha de cer\u00e2mica<\/p>\n<p>Joaninha de cer\u00e2mica feita e pintada \u00e0 m\u00e3o. Dispon\u00edvel em dois tamanhos.<br \/>\nT\u00eam uma abertura na parte de tr\u00e1s para serem pendurados na parede.<\/p>\n<p>Feito \u00e0 m\u00e3o<br \/>\nFabricado em Portugal<\/p>\n<p>Dimens\u00f5es:<br \/>\nTAMANHO PEQUENO<br \/>\nC \u2013 6 cm, L \u2013 4 cm, P \u2013 3 cm<br \/>\nL \u2013 2,4 pol., L \u2013 1,6 pol., A \u2013 1,2 pol.<\/p>\n<p>TAMANHO M\u00c9DIO<br \/>\nC - 7 cm, L - 6 cm, P - 3 cm<br \/>\nC - 2,8 pol., L - 2,4 pol., A - 1,2 pol.<\/p>\n<p>As dimens\u00f5es e as ilustra\u00e7\u00f5es podem variar ligeiramente.<\/p>","protected":false},"excerpt":{"rendered":"<p>Ceramic Ladybug Ceramic ladybug made and painted by hand. Available in two sizes. They have an opening on the back to hang on the wall. Artisan Made Made in Portugal Dimensions: SMALL SIZE L &#8211; 6 cm, W &#8211; 4 cm, D &#8211; 3 cm L &#8211; 2,4 in, W &#8211; 1,6 in, H &#8211; [&hellip;]<\/p>","protected":false},"featured_media":56446,"comment_status":"open","ping_status":"closed","template":"","meta":{"_acf_changed":false},"product_brand":[],"product_cat":[1799],"product_tag":[1338,1341,395,494,1339,544,1337,1335,493,1336,1340,390,572],"class_list":{"0":"post-56445","1":"product","2":"type-product","3":"status-publish","4":"has-post-thumbnail","6":"product_cat-little-treasoures","7":"product_tag-ceramic","8":"product_tag-ceramic-bisque","9":"product_tag-ceramic-painted","10":"product_tag-ceramic-wall-hanging","11":"product_tag-cute-gift","12":"product_tag-gift-from-portugal","13":"product_tag-ladybug","14":"product_tag-ladybug-wall-hanging","15":"product_tag-outdoor-wall-decor","16":"product_tag-painted-ladybug","17":"product_tag-patio-decor","18":"product_tag-portuguese-ceramic","19":"product_tag-vintage-decor","20":"product_shipping_class-small-package","22":"first","23":"instock","24":"taxable","25":"shipping-taxable","26":"purchasable","27":"product-type-variable","28":"wvs-archive-product-wrapper"},"acf":[],"gallery_images":[56447,56448,56449,56450,56451,56452,56453,62035],"_links":{"self":[{"href":"https:\/\/www.padaworks.com\/pt\/wp-json\/wp\/v2\/product\/56445","targetHints":{"allow":["GET"]}}],"collection":[{"href":"https:\/\/www.padaworks.com\/pt\/wp-json\/wp\/v2\/product"}],"about":[{"href":"https:\/\/www.padaworks.com\/pt\/wp-json\/wp\/v2\/types\/product"}],"replies":[{"embeddable":true,"href":"https:\/\/www.padaworks.com\/pt\/wp-json\/wp\/v2\/comments?post=56445"}],"wp:featuredmedia":[{"embeddable":true,"href":"https:\/\/www.padaworks.com\/pt\/wp-json\/wp\/v2\/media\/56446"}],"wp:attachment":[{"href":"https:\/\/www.padaworks.com\/pt\/wp-json\/wp\/v2\/media?parent=56445"}],"wp:term":[{"taxonomy":"product_brand","embeddable":true,"href":"https:\/\/www.padaworks.com\/pt\/wp-json\/wp\/v2\/product_brand?post=56445"},{"taxonomy":"product_cat","embeddable":true,"href":"https:\/\/www.padaworks.com\/pt\/wp-json\/wp\/v2\/product_cat?post=56445"},{"taxonomy":"product_tag","embeddable":true,"href":"https:\/\/www.padaworks.com\/pt\/wp-json\/wp\/v2\/product_tag?post=56445"}],"curies":[{"name":"wp","href":"https:\/\/api.w.org\/{rel}","templated":true}]}}