{"id":56430,"date":"2022-06-14T11:54:46","date_gmt":"2022-06-14T11:54:46","guid":{"rendered":"https:\/\/www.padaworks.com\/product\/small-cream-and-black-rug-geometric-rug-berber-rug-rugs-for-bedroom-bathroom-rug-bedside-rug-kitchen-rug-organic-cotton\/"},"modified":"2026-01-09T19:18:10","modified_gmt":"2026-01-09T19:18:10","slug":"pequeno-tapete-creme-com-diamantes-pretos-50x100cm-tapete-macio","status":"publish","type":"product","link":"https:\/\/www.padaworks.com\/pt\/product\/pequeno-tapete-creme-com-diamantes-pretos-50x100cm-tapete-macio\/","title":{"rendered":"Tapete pequeno creme com diamantes pretos - 50x100cm - Tapete macio"},"content":{"rendered":"<p>Tapete pequeno em creme e preto<\/p>\n<p>Este tapete \u00e9 tecido num tear manual com tecidos reutilizados de f\u00e1bricas t\u00eaxteis.<br \/>Estes tapetes s\u00e3o robustos, mas muito leves, e podem ser lavados regularmente \u00e0 m\u00e3o ou \u00e0 m\u00e1quina.<br \/>Para al\u00e9m de serem ecol\u00f3gicos, uma vez que reutilizam mat\u00e9ria-prima desperdi\u00e7ada pela ind\u00fastria, s\u00e3o muito mais saud\u00e1veis do que os tapetes de fibras sint\u00e9ticas.<br \/>Recomendamos a lavagem a frio ou a 30\u00b0C.<\/p>\n<p>Feito \u00e0 m\u00e3o<br \/>Fabricado em Portugal<\/p>\n<p>Dimens\u00f5es:<br \/>C - 100 cm, L - 55 cm<br \/>C - 39,4 pol., L - 21,7 pol.<br \/>C - 3,3 p\u00e9s, L - 1,8 p\u00e9s<\/p>\n<p>As dimens\u00f5es podem variar ligeiramente.<\/p>","protected":false},"excerpt":{"rendered":"<p>Tapete Pequeno Creme e Preto Este tapete \u00e9 tecido em tear manual com tecidos reaproveitados de f\u00e1bricas t\u00eaxteis, s\u00e3o robustos, mas muito leves, e podem ser lavados regularmente \u00e0 m\u00e3o ou \u00e0 m\u00e1quina, para al\u00e9m de serem ecol\u00f3gicos, pois reaproveitam mat\u00e9ria-prima desperdi\u00e7ada pela ind\u00fastria, s\u00e3o muito mais saud\u00e1veis do que os tapetes de fibras sint\u00e9ticas.<\/p>","protected":false},"featured_media":56431,"comment_status":"open","ping_status":"closed","template":"","meta":{"_acf_changed":false},"product_brand":[],"product_cat":[2728],"product_tag":[618,720,465,478,293,729,596,420,475,817,592,587,623],"class_list":{"0":"post-56430","1":"product","2":"type-product","3":"status-publish","4":"has-post-thumbnail","6":"product_cat-soft","7":"product_tag-bath-mat","8":"product_tag-bathroom-mat","9":"product_tag-bedroom-rug","10":"product_tag-boho-rug","11":"product_tag-cotton-rug","12":"product_tag-front-door-mat","13":"product_tag-hallway-rug","14":"product_tag-handmade-rug","15":"product_tag-handwoven-rug","16":"product_tag-shower-mat","17":"product_tag-small-rug","18":"product_tag-tufted-rug","19":"product_tag-vintage-rug","20":"product_shipping_class-small-package","22":"first","23":"instock","24":"taxable","25":"shipping-taxable","26":"purchasable","27":"product-type-simple"},"acf":[],"gallery_images":[56432,56433,56434,56435,56436],"_links":{"self":[{"href":"https:\/\/www.padaworks.com\/pt\/wp-json\/wp\/v2\/product\/56430","targetHints":{"allow":["GET"]}}],"collection":[{"href":"https:\/\/www.padaworks.com\/pt\/wp-json\/wp\/v2\/product"}],"about":[{"href":"https:\/\/www.padaworks.com\/pt\/wp-json\/wp\/v2\/types\/product"}],"replies":[{"embeddable":true,"href":"https:\/\/www.padaworks.com\/pt\/wp-json\/wp\/v2\/comments?post=56430"}],"wp:featuredmedia":[{"embeddable":true,"href":"https:\/\/www.padaworks.com\/pt\/wp-json\/wp\/v2\/media\/56431"}],"wp:attachment":[{"href":"https:\/\/www.padaworks.com\/pt\/wp-json\/wp\/v2\/media?parent=56430"}],"wp:term":[{"taxonomy":"product_brand","embeddable":true,"href":"https:\/\/www.padaworks.com\/pt\/wp-json\/wp\/v2\/product_brand?post=56430"},{"taxonomy":"product_cat","embeddable":true,"href":"https:\/\/www.padaworks.com\/pt\/wp-json\/wp\/v2\/product_cat?post=56430"},{"taxonomy":"product_tag","embeddable":true,"href":"https:\/\/www.padaworks.com\/pt\/wp-json\/wp\/v2\/product_tag?post=56430"}],"curies":[{"name":"wp","href":"https:\/\/api.w.org\/{rel}","templated":true}]}}