{"id":56415,"date":"2022-06-14T11:53:37","date_gmt":"2022-06-14T11:53:37","guid":{"rendered":"https:\/\/www.padaworks.com\/product\/wicker-hanging-basket-large\/"},"modified":"2026-04-15T08:52:21","modified_gmt":"2026-04-15T08:52:21","slug":"cesto-suspenso-de-vime-grande","status":"publish","type":"product","link":"https:\/\/www.padaworks.com\/pt\/product\/cesto-suspenso-de-vime-grande\/","title":{"rendered":"Cesto suspenso de vime - Grande"},"content":{"rendered":"<p>Cesto suspenso de vime<br \/>\nTamanho grande<\/p>\n<p>Feito \u00e0 m\u00e3o<br \/>\nFabricado em Portugal<\/p>\n<p>Dimens\u00f5es:<\/p>\n<p>\u00d8 - 30cm, H - 21cm, H com pega - 28cm<br \/>\n\u00d8 - 11,8in, H - 8,3in, H com pega - 11,0in<\/p>\n<p>As dimens\u00f5es podem variar ligeiramente.<\/p>","protected":false},"excerpt":{"rendered":"<p>Cesto Pendurado em Vime Tamanho Grande Feito Artesanalmente Feito em Portugal Dimens\u00f5es: \u00d8 - 30cm, H - 21cm, H com pega - 28cm \u00d8 - 11,8in, H - 8,3in, H com pega - 11,0in As dimens\u00f5es podem variar ligeiramente.<\/p>","protected":false},"featured_media":56416,"comment_status":"open","ping_status":"closed","template":"","meta":{"_acf_changed":false},"product_brand":[],"product_cat":[2720,2721],"product_tag":[1189,676,445,645,1032,1192,1101,312,1033,1035,1334,439,538],"class_list":{"0":"post-56415","1":"product","2":"type-product","3":"status-publish","4":"has-post-thumbnail","6":"product_cat-kitchen-storage","7":"product_cat-decorative","8":"product_tag-basket-wall-decor","9":"product_tag-farmhouse-basket","10":"product_tag-gift-basket","11":"product_tag-hanging-basket","12":"product_tag-hanging-fruit-basket","13":"product_tag-hanging-wall-planter","14":"product_tag-housewarming-basket","15":"product_tag-storage-basket","16":"product_tag-toys-basket","17":"product_tag-wall-basket","18":"product_tag-wall-hanging-decor","19":"product_tag-wicker-basket","20":"product_tag-woven-basket","21":"product_shipping_class-small-package","23":"first","24":"instock","25":"taxable","26":"shipping-taxable","27":"purchasable","28":"product-type-simple"},"acf":[],"gallery_images":[56417,56418,56419,56420],"_links":{"self":[{"href":"https:\/\/www.padaworks.com\/pt\/wp-json\/wp\/v2\/product\/56415","targetHints":{"allow":["GET"]}}],"collection":[{"href":"https:\/\/www.padaworks.com\/pt\/wp-json\/wp\/v2\/product"}],"about":[{"href":"https:\/\/www.padaworks.com\/pt\/wp-json\/wp\/v2\/types\/product"}],"replies":[{"embeddable":true,"href":"https:\/\/www.padaworks.com\/pt\/wp-json\/wp\/v2\/comments?post=56415"}],"wp:featuredmedia":[{"embeddable":true,"href":"https:\/\/www.padaworks.com\/pt\/wp-json\/wp\/v2\/media\/56416"}],"wp:attachment":[{"href":"https:\/\/www.padaworks.com\/pt\/wp-json\/wp\/v2\/media?parent=56415"}],"wp:term":[{"taxonomy":"product_brand","embeddable":true,"href":"https:\/\/www.padaworks.com\/pt\/wp-json\/wp\/v2\/product_brand?post=56415"},{"taxonomy":"product_cat","embeddable":true,"href":"https:\/\/www.padaworks.com\/pt\/wp-json\/wp\/v2\/product_cat?post=56415"},{"taxonomy":"product_tag","embeddable":true,"href":"https:\/\/www.padaworks.com\/pt\/wp-json\/wp\/v2\/product_tag?post=56415"}],"curies":[{"name":"wp","href":"https:\/\/api.w.org\/{rel}","templated":true}]}}