{"id":56406,"date":"2022-06-14T11:52:37","date_gmt":"2022-06-14T11:52:37","guid":{"rendered":"https:\/\/www.padaworks.com\/product\/small-white-and-yellow-rug-boho-rug-cotton-rug-rugs-for-bedroom-bathroom-rug-bedside-rug-kitchen-rug-front-door-mat\/"},"modified":"2026-01-09T19:18:48","modified_gmt":"2026-01-09T19:18:48","slug":"pequeno-tapete-branco-e-amarelo-50x100cm-tapete-tradicional","status":"publish","type":"product","link":"https:\/\/www.padaworks.com\/pt\/product\/pequeno-tapete-branco-e-amarelo-50x100cm-tapete-tradicional\/","title":{"rendered":"Tapete pequeno branco e amarelo - 50x100cm - Tapete tradicional"},"content":{"rendered":"<p>Tapete pequeno branco e amarelo<\/p>\n<p>Este tapete \u00e9 tecido num tear manual com tecidos reutilizados de f\u00e1bricas t\u00eaxteis.<br \/>Estes tapetes s\u00e3o robustos, mas muito leves, e podem ser lavados regularmente \u00e0 m\u00e3o ou \u00e0 m\u00e1quina.<br \/>Para al\u00e9m de serem ecol\u00f3gicos, pois reutilizam mat\u00e9ria-prima desperdi\u00e7ada pela ind\u00fastria, s\u00e3o muito mais saud\u00e1veis do que os tapetes de fibras sint\u00e9ticas. S\u00e3o recomendados para beb\u00e9s e crian\u00e7as e para pessoas com alergias.<br \/>Recomendamos a lavagem a frio ou a 30\u00b0C.<\/p>\n<p>Feito \u00e0 m\u00e3o<br \/>Fabricado em Portugal<\/p>\n<p>Dimens\u00f5es:<br \/>C \u2013 95 cm, L \u2013 53 cm<br \/>C \u2013 95 cm, L \u2013 53 cm<br \/>C - 3,1 p\u00e9s, L - 1,7 p\u00e9s<\/p>\n<p>As dimens\u00f5es podem variar ligeiramente.<\/p>","protected":false},"excerpt":{"rendered":"<p>Small White and Yellow Rug This rug is woven in a manual loom with fabrics reused from textile factories.These rugs are robust, yet very light, and can be regularly washed by hand or machine.In addition to being ecological, as they reuse raw material wasted by the industry, they are much healthier than synthetic fiber rugs. [&hellip;]<\/p>","protected":false},"featured_media":56407,"comment_status":"open","ping_status":"closed","template":"","meta":{"_acf_changed":false},"product_brand":[],"product_cat":[2730],"product_tag":[473,720,465,483,420,466,467,480,468,592,587,620,838],"class_list":{"0":"post-56406","1":"product","2":"type-product","3":"status-publish","4":"has-post-thumbnail","6":"product_cat-traditional","7":"product_tag-abstract-rug","8":"product_tag-bathroom-mat","9":"product_tag-bedroom-rug","10":"product_tag-front-door-rug","11":"product_tag-handmade-rug","12":"product_tag-kitchen-mat","13":"product_tag-nursery-rug","14":"product_tag-rag-rug","15":"product_tag-scandinavian-rug","16":"product_tag-small-rug","17":"product_tag-tufted-rug","18":"product_tag-woven-rug","19":"product_tag-yellow-rug","20":"product_shipping_class-small-package","22":"first","23":"instock","24":"taxable","25":"shipping-taxable","26":"purchasable","27":"product-type-simple"},"acf":[],"gallery_images":[56408,56409,56410,56411,56412,56413,56414],"_links":{"self":[{"href":"https:\/\/www.padaworks.com\/pt\/wp-json\/wp\/v2\/product\/56406","targetHints":{"allow":["GET"]}}],"collection":[{"href":"https:\/\/www.padaworks.com\/pt\/wp-json\/wp\/v2\/product"}],"about":[{"href":"https:\/\/www.padaworks.com\/pt\/wp-json\/wp\/v2\/types\/product"}],"replies":[{"embeddable":true,"href":"https:\/\/www.padaworks.com\/pt\/wp-json\/wp\/v2\/comments?post=56406"}],"wp:featuredmedia":[{"embeddable":true,"href":"https:\/\/www.padaworks.com\/pt\/wp-json\/wp\/v2\/media\/56407"}],"wp:attachment":[{"href":"https:\/\/www.padaworks.com\/pt\/wp-json\/wp\/v2\/media?parent=56406"}],"wp:term":[{"taxonomy":"product_brand","embeddable":true,"href":"https:\/\/www.padaworks.com\/pt\/wp-json\/wp\/v2\/product_brand?post=56406"},{"taxonomy":"product_cat","embeddable":true,"href":"https:\/\/www.padaworks.com\/pt\/wp-json\/wp\/v2\/product_cat?post=56406"},{"taxonomy":"product_tag","embeddable":true,"href":"https:\/\/www.padaworks.com\/pt\/wp-json\/wp\/v2\/product_tag?post=56406"}],"curies":[{"name":"wp","href":"https:\/\/api.w.org\/{rel}","templated":true}]}}