{"id":56348,"date":"2022-06-14T11:48:04","date_gmt":"2022-06-14T11:48:04","guid":{"rendered":"https:\/\/www.padaworks.com\/product\/medium-cream-and-black-rug-geometric-rug-berber-rug-rugs-for-bedroom-bathroom-mat-bedside-rug-kitchen-rug-area-rugs-boho-rug\/"},"modified":"2026-03-20T00:02:14","modified_gmt":"2026-03-20T00:02:14","slug":"tapete-medio-creme-e-preto-70x140cm-tapete-macio","status":"publish","type":"product","link":"https:\/\/www.padaworks.com\/pt\/product\/tapete-medio-creme-e-preto-70x140cm-tapete-macio\/","title":{"rendered":"Tapete m\u00e9dio creme e preto - 70x140cm - Tapete macio"},"content":{"rendered":"<p>Tapete m\u00e9dio creme e preto<\/p>\n<p>Este tapete \u00e9 tecido num tear manual com tecidos reutilizados de f\u00e1bricas t\u00eaxteis.<br \/>Estes tapetes s\u00e3o robustos, mas muito leves, e podem ser lavados regularmente \u00e0 m\u00e3o ou \u00e0 m\u00e1quina.<br \/>Para al\u00e9m de serem ecol\u00f3gicos, uma vez que reutilizam mat\u00e9ria-prima desperdi\u00e7ada pela ind\u00fastria, s\u00e3o muito mais saud\u00e1veis do que os tapetes de fibras sint\u00e9ticas.<br \/>Recomendamos a lavagem a frio ou a 30\u00b0C.<\/p>\n<p>Feito \u00e0 m\u00e3o<br \/>Fabricado em Portugal<\/p>\n<p>Dimens\u00f5es:<br \/>C - 140 cm, L - 70 cm<br \/>C - 55,1 pol., L - 27,6 pol.<br \/>C - 4,6 p\u00e9s, L - 2,3 p\u00e9s<\/p>\n<p>As dimens\u00f5es podem variar ligeiramente.<\/p>","protected":false},"excerpt":{"rendered":"<p>Tapete M\u00e9dio Creme e Preto Este tapete \u00e9 tecido em tear manual com tecidos reaproveitados de f\u00e1bricas t\u00eaxteis, s\u00e3o robustos, mas muito leves, e podem ser lavados regularmente \u00e0 m\u00e3o ou \u00e0 m\u00e1quina, para al\u00e9m de serem ecol\u00f3gicos, pois reaproveitam mat\u00e9ria-prima desperdi\u00e7ada pela ind\u00fastria, s\u00e3o muito mais saud\u00e1veis do que os tapetes de fibras sint\u00e9ticas.<\/p>","protected":false},"featured_media":56349,"comment_status":"open","ping_status":"closed","template":"","meta":{"_acf_changed":false},"product_brand":[],"product_cat":[2728,2719],"product_tag":[473,421,465,837,293,729,596,420,475,515,817,587,623],"class_list":{"0":"post-56348","1":"product","2":"type-product","3":"status-publish","4":"has-post-thumbnail","6":"product_cat-soft","7":"product_cat-special-offers","8":"product_tag-abstract-rug","9":"product_tag-bathroom-rug","10":"product_tag-bedroom-rug","11":"product_tag-black-and-white-rug","12":"product_tag-cotton-rug","13":"product_tag-front-door-mat","14":"product_tag-hallway-rug","15":"product_tag-handmade-rug","16":"product_tag-handwoven-rug","17":"product_tag-rugs-for-living-room","18":"product_tag-shower-mat","19":"product_tag-tufted-rug","20":"product_tag-vintage-rug","21":"product_shipping_class-small-package","23":"first","24":"instock","25":"sale","26":"taxable","27":"shipping-taxable","28":"purchasable","29":"product-type-simple"},"acf":[],"gallery_images":[56350,56351,56352,56353,56354,56355,56356,56357],"_links":{"self":[{"href":"https:\/\/www.padaworks.com\/pt\/wp-json\/wp\/v2\/product\/56348","targetHints":{"allow":["GET"]}}],"collection":[{"href":"https:\/\/www.padaworks.com\/pt\/wp-json\/wp\/v2\/product"}],"about":[{"href":"https:\/\/www.padaworks.com\/pt\/wp-json\/wp\/v2\/types\/product"}],"replies":[{"embeddable":true,"href":"https:\/\/www.padaworks.com\/pt\/wp-json\/wp\/v2\/comments?post=56348"}],"wp:featuredmedia":[{"embeddable":true,"href":"https:\/\/www.padaworks.com\/pt\/wp-json\/wp\/v2\/media\/56349"}],"wp:attachment":[{"href":"https:\/\/www.padaworks.com\/pt\/wp-json\/wp\/v2\/media?parent=56348"}],"wp:term":[{"taxonomy":"product_brand","embeddable":true,"href":"https:\/\/www.padaworks.com\/pt\/wp-json\/wp\/v2\/product_brand?post=56348"},{"taxonomy":"product_cat","embeddable":true,"href":"https:\/\/www.padaworks.com\/pt\/wp-json\/wp\/v2\/product_cat?post=56348"},{"taxonomy":"product_tag","embeddable":true,"href":"https:\/\/www.padaworks.com\/pt\/wp-json\/wp\/v2\/product_tag?post=56348"}],"curies":[{"name":"wp","href":"https:\/\/api.w.org\/{rel}","templated":true}]}}