{"id":56199,"date":"2022-06-14T11:33:49","date_gmt":"2022-06-14T11:33:49","guid":{"rendered":"https:\/\/www.padaworks.com\/product\/long-runner-rug-cream-50x300cm-soft-rug\/"},"modified":"2025-12-14T15:40:18","modified_gmt":"2025-12-14T15:40:18","slug":"tapete-de-correr-comprido-creme-50x300cm-tapete-macio","status":"publish","type":"product","link":"https:\/\/www.padaworks.com\/pt\/product\/tapete-de-correr-comprido-creme-50x300cm-tapete-macio\/","title":{"rendered":"Tapete comprido de correr Creme - 50x300cm - Tapete macio"},"content":{"rendered":"<p>Tapete de corredor comprido Creme 300cm<\/p>\n<p>Este tapete \u00e9 tecido num tear manual com tecidos reutilizados.<br \/>Os nossos tapetes s\u00e3o robustos, leves e podem ser lavados regularmente \u00e0 m\u00e3o ou \u00e0 m\u00e1quina.<br \/>\u00c9 ecol\u00f3gico porque reutiliza a mat\u00e9ria-prima desperdi\u00e7ada pela ind\u00fastria t\u00eaxtil.<br \/>Recomendamos a lavagem a frio ou a 30\u00b0C.<br \/>Uma vez que este tapete \u00e9 fabricado com produtos reciclados das ind\u00fastrias t\u00eaxteis, pode haver ligeiras varia\u00e7\u00f5es de cor.<\/p>\n<p>Feito \u00e0 m\u00e3o<br \/>Fabricado em Portugal<\/p>\n<p>Dimens\u00f5es:<br \/>C - 300 cm, L - 50 cm<br \/>C - 118,1 pol., L - 19,7 pol.<br \/>C - 9,8 p\u00e9s, L - 1,6 p\u00e9s<br \/>Espessura - cerca de 0,5 cm; 0,2 in<\/p>\n<p>As dimens\u00f5es podem variar ligeiramente.<\/p>","protected":false},"excerpt":{"rendered":"<p>Long Runner Rug Cream 300cm This rug is woven in a manual loom with fabrics reused.Our rugs are robust, light, and can be regularly washed by hand or machine.It is ecological because they reuse raw material wasted by the textil industry.We recommend cold washing or to 30\u00b0C.Since this rug is made with recycled products from [&hellip;]<\/p>","protected":false},"featured_media":56200,"comment_status":"open","ping_status":"open","template":"","meta":{"_acf_changed":false},"product_brand":[],"product_cat":[2728],"product_tag":[1138,421,477,481,293,513,2758,467,294,512,482,515,295,579],"class_list":{"0":"post-56199","1":"product","2":"type-product","3":"status-publish","4":"has-post-thumbnail","6":"product_cat-soft","7":"product_tag-2x10-rug","8":"product_tag-bathroom-rug","9":"product_tag-bedside-rug","10":"product_tag-chunky-rug","11":"product_tag-cotton-rug","12":"product_tag-kitchen-runner","13":"product_tag-long-rug","14":"product_tag-nursery-rug","15":"product_tag-portuguese-rug","16":"product_tag-rug-runner","17":"product_tag-rugs-for-bedroom","18":"product_tag-rugs-for-living-room","19":"product_tag-sustainable-rug","20":"product_tag-vintage-runner-rug","21":"product_shipping_class-small-package","23":"first","24":"instock","25":"taxable","26":"shipping-taxable","27":"purchasable","28":"product-type-simple"},"acf":[],"gallery_images":[56201,56202,56203,56204,56205,56206,56207,56208,56209,56210],"_links":{"self":[{"href":"https:\/\/www.padaworks.com\/pt\/wp-json\/wp\/v2\/product\/56199","targetHints":{"allow":["GET"]}}],"collection":[{"href":"https:\/\/www.padaworks.com\/pt\/wp-json\/wp\/v2\/product"}],"about":[{"href":"https:\/\/www.padaworks.com\/pt\/wp-json\/wp\/v2\/types\/product"}],"replies":[{"embeddable":true,"href":"https:\/\/www.padaworks.com\/pt\/wp-json\/wp\/v2\/comments?post=56199"}],"wp:featuredmedia":[{"embeddable":true,"href":"https:\/\/www.padaworks.com\/pt\/wp-json\/wp\/v2\/media\/56200"}],"wp:attachment":[{"href":"https:\/\/www.padaworks.com\/pt\/wp-json\/wp\/v2\/media?parent=56199"}],"wp:term":[{"taxonomy":"product_brand","embeddable":true,"href":"https:\/\/www.padaworks.com\/pt\/wp-json\/wp\/v2\/product_brand?post=56199"},{"taxonomy":"product_cat","embeddable":true,"href":"https:\/\/www.padaworks.com\/pt\/wp-json\/wp\/v2\/product_cat?post=56199"},{"taxonomy":"product_tag","embeddable":true,"href":"https:\/\/www.padaworks.com\/pt\/wp-json\/wp\/v2\/product_tag?post=56199"}],"curies":[{"name":"wp","href":"https:\/\/api.w.org\/{rel}","templated":true}]}}