{"id":56189,"date":"2022-06-14T11:33:29","date_gmt":"2022-06-14T11:33:29","guid":{"rendered":"https:\/\/www.padaworks.com\/product\/straw-woman-hat-classic\/"},"modified":"2026-04-06T16:16:45","modified_gmt":"2026-04-06T16:16:45","slug":"chapeu-de-palha-para-mulher-classico","status":"publish","type":"product","link":"https:\/\/www.padaworks.com\/pt\/product\/chapeu-de-palha-para-mulher-classico\/","title":{"rendered":"Chap\u00e9u de palha para mulher cl\u00e1ssico"},"content":{"rendered":"<p>Chap\u00e9u de palha para mulher<\/p>\n<p>Feito \u00e0 m\u00e3o<br \/>Fabricado em Portugal<\/p>\n<p>Tamanho - 56 cm \/ 58 cm; 22,0 in \/ 22,8 in<br \/>Di\u00e2metro total - 43 cm; 16,9 in<br \/>A - 9 cm; 3,5 pol.<\/p>\n<p>As dimens\u00f5es podem variar ligeiramente.<\/p>","protected":false},"excerpt":{"rendered":"<p>Straw Woman Hat Artisan MadeMade in Portugal Size &#8211; 56 cm \/ 58 cm; 22,0 in \/ 22,8 inFull Diameter &#8211; 43 cm; 16,9 inH &#8211; 9 cm; 3,5 in The dimensions may vary slightly.<\/p>","protected":false},"featured_media":56190,"comment_status":"open","ping_status":"open","template":"","meta":{"_acf_changed":false},"product_brand":[],"product_cat":[1546],"product_tag":[744,734,740,1131,741,1279,1132,271,751,739,1133,738,1280],"class_list":{"0":"post-56189","1":"product","2":"type-product","3":"status-publish","4":"has-post-thumbnail","6":"product_cat-hats-accessories","7":"product_tag-beach-hat","8":"product_tag-boater-hat","9":"product_tag-bucket-hat","10":"product_tag-church-hat","11":"product_tag-fashion-hat","12":"product_tag-fun-hat","13":"product_tag-straw-bucket-hat","14":"product_tag-straw-hat","15":"product_tag-tea-party-hat","16":"product_tag-vintage-hat","17":"product_tag-wedding-hat","18":"product_tag-wide-brim-hat","19":"product_tag-womens-straw-hat","20":"product_shipping_class-small-package","22":"first","23":"instock","24":"taxable","25":"shipping-taxable","26":"purchasable","27":"product-type-simple"},"acf":[],"gallery_images":[56191,56192,56193,56194,56195,56196,56197,56198],"_links":{"self":[{"href":"https:\/\/www.padaworks.com\/pt\/wp-json\/wp\/v2\/product\/56189","targetHints":{"allow":["GET"]}}],"collection":[{"href":"https:\/\/www.padaworks.com\/pt\/wp-json\/wp\/v2\/product"}],"about":[{"href":"https:\/\/www.padaworks.com\/pt\/wp-json\/wp\/v2\/types\/product"}],"replies":[{"embeddable":true,"href":"https:\/\/www.padaworks.com\/pt\/wp-json\/wp\/v2\/comments?post=56189"}],"wp:featuredmedia":[{"embeddable":true,"href":"https:\/\/www.padaworks.com\/pt\/wp-json\/wp\/v2\/media\/56190"}],"wp:attachment":[{"href":"https:\/\/www.padaworks.com\/pt\/wp-json\/wp\/v2\/media?parent=56189"}],"wp:term":[{"taxonomy":"product_brand","embeddable":true,"href":"https:\/\/www.padaworks.com\/pt\/wp-json\/wp\/v2\/product_brand?post=56189"},{"taxonomy":"product_cat","embeddable":true,"href":"https:\/\/www.padaworks.com\/pt\/wp-json\/wp\/v2\/product_cat?post=56189"},{"taxonomy":"product_tag","embeddable":true,"href":"https:\/\/www.padaworks.com\/pt\/wp-json\/wp\/v2\/product_tag?post=56189"}],"curies":[{"name":"wp","href":"https:\/\/api.w.org\/{rel}","templated":true}]}}