{"id":56140,"date":"2022-06-14T11:29:43","date_gmt":"2022-06-14T11:29:43","guid":{"rendered":"https:\/\/www.padaworks.com\/product\/ceramic-holy-family-hand-painted\/"},"modified":"2026-03-20T00:02:12","modified_gmt":"2026-03-20T00:02:12","slug":"familia-sagrada-em-ceramica-pintada-a-mao","status":"publish","type":"product","link":"https:\/\/www.padaworks.com\/pt\/product\/familia-sagrada-em-ceramica-pintada-a-mao\/","title":{"rendered":"Cer\u00e2mica Sagrada Fam\u00edlia pintada \u00e0 m\u00e3o"},"content":{"rendered":"<p>Sagrada Fam\u00edlia Pintada \u00e0 M\u00e3o<\/p>\n<p>Feito \u00e0 m\u00e3o<br \/>Fabricado em Portugal<\/p>\n<p>Dimens\u00f5es:<br \/>C \u2013 9 cm, L \u2013 10 cm, A \u2013 23 cm<br \/>L \u2013 3,5 pol., L \u2013 3,9 pol., A \u2013 9,1 pol.<\/p>\n<p>As dimens\u00f5es podem variar ligeiramente.<\/p>","protected":false},"excerpt":{"rendered":"<p>Holy Family Hand Painted Artisan MadeMade in Portugal Dimensions:L &#8211; 9 cm, W &#8211; 10 cm, H &#8211; 23 cmL &#8211; 3,5 in, W &#8211; 3,9 in, H &#8211; 9,1 in The dimensions may vary slightly.<\/p>","protected":false},"featured_media":56141,"comment_status":"open","ping_status":"closed","template":"","meta":{"_acf_changed":false},"product_brand":[],"product_cat":[1553,2719],"product_tag":[550,851,580,789,849,1267,1268,848,573,796,847,790,540],"class_list":{"0":"post-56140","1":"product","2":"type-product","3":"status-publish","4":"has-post-thumbnail","6":"product_cat-religious","7":"product_cat-special-offers","8":"product_tag-ceramic-figurine","9":"product_tag-ceramic-ornaments","10":"product_tag-ceramic-sculpture","11":"product_tag-christmas-nativity","12":"product_tag-christmas-ornament","13":"product_tag-family-gift","14":"product_tag-family-ornament","15":"product_tag-folk-art-nativity","16":"product_tag-housewarming-gift","17":"product_tag-nativity-ornament","18":"product_tag-nativity-scene","19":"product_tag-nativity-set","20":"product_tag-traditional-ceramic","21":"product_shipping_class-small-package","23":"first","24":"instock","25":"sale","26":"taxable","27":"shipping-taxable","28":"purchasable","29":"product-type-simple"},"acf":[],"gallery_images":[56142,56143,56144],"_links":{"self":[{"href":"https:\/\/www.padaworks.com\/pt\/wp-json\/wp\/v2\/product\/56140","targetHints":{"allow":["GET"]}}],"collection":[{"href":"https:\/\/www.padaworks.com\/pt\/wp-json\/wp\/v2\/product"}],"about":[{"href":"https:\/\/www.padaworks.com\/pt\/wp-json\/wp\/v2\/types\/product"}],"replies":[{"embeddable":true,"href":"https:\/\/www.padaworks.com\/pt\/wp-json\/wp\/v2\/comments?post=56140"}],"wp:featuredmedia":[{"embeddable":true,"href":"https:\/\/www.padaworks.com\/pt\/wp-json\/wp\/v2\/media\/56141"}],"wp:attachment":[{"href":"https:\/\/www.padaworks.com\/pt\/wp-json\/wp\/v2\/media?parent=56140"}],"wp:term":[{"taxonomy":"product_brand","embeddable":true,"href":"https:\/\/www.padaworks.com\/pt\/wp-json\/wp\/v2\/product_brand?post=56140"},{"taxonomy":"product_cat","embeddable":true,"href":"https:\/\/www.padaworks.com\/pt\/wp-json\/wp\/v2\/product_cat?post=56140"},{"taxonomy":"product_tag","embeddable":true,"href":"https:\/\/www.padaworks.com\/pt\/wp-json\/wp\/v2\/product_tag?post=56140"}],"curies":[{"name":"wp","href":"https:\/\/api.w.org\/{rel}","templated":true}]}}