{"id":56071,"date":"2022-06-14T11:25:07","date_gmt":"2022-06-14T11:25:07","guid":{"rendered":"https:\/\/www.padaworks.com\/product\/large-cream-rug-with-black-line-l-150x200cm-soft-rug\/"},"modified":"2025-11-19T09:27:42","modified_gmt":"2025-11-19T09:27:42","slug":"tapete-grande-creme-com-linha-preta-l-150x200cm-tapete-macio","status":"publish","type":"product","link":"https:\/\/www.padaworks.com\/pt\/product\/tapete-grande-creme-com-linha-preta-l-150x200cm-tapete-macio\/","title":{"rendered":"Tapete creme grande com linha preta L - 150x200cm - Tapete macio"},"content":{"rendered":"<p>Tapete grande em creme com linha preta L<\/p>\n<p>Este tapete \u00e9 tecido num tear manual com tecidos reutilizados.<br \/>Estes tapetes s\u00e3o robustos, leves e podem ser lavados regularmente \u00e0 m\u00e3o ou \u00e0 m\u00e1quina.<br \/>\u00c9 ecol\u00f3gico porque reutiliza a mat\u00e9ria-prima desperdi\u00e7ada pela ind\u00fastria t\u00eaxtil.<br \/>Recomendamos a lavagem a frio ou a 30\u00b0C.<br \/>Uma vez que este tapete \u00e9 fabricado com produtos reciclados das ind\u00fastrias t\u00eaxteis, pode haver ligeiras varia\u00e7\u00f5es de cor.<\/p>\n<p>Feito \u00e0 m\u00e3o<br \/>Fabricado em Portugal<\/p>\n<p>Dimens\u00f5es:<br \/>C - 200 cm, L - 150 cm<br \/>C - 78,7 pol., L - 59,1 pol.<br \/>C - 6,7 p\u00e9s, L - 4,9 p\u00e9s<br \/>Espessura - cerca de 0,8 cm; 0,3 in<\/p>\n<p>As dimens\u00f5es podem variar ligeiramente.<\/p>","protected":false},"excerpt":{"rendered":"<p>Tapete grande creme com linha preta L Este tapete \u00e9 tecido num tear manual com tecidos reutilizados.Estes tapetes s\u00e3o robustos, leves e podem ser lavados regularmente \u00e0 m\u00e3o ou \u00e0 m\u00e1quina.\u00c9 ecol\u00f3gico porque reutiliza mat\u00e9ria-prima desperdi\u00e7ada pela ind\u00fastria t\u00eaxtil.Recomendamos a lavagem a frio ou a 30\u00b0C.Uma vez que este tapete \u00e9 feito com materiais reciclados [...]<\/p>","protected":false},"featured_media":56072,"comment_status":"open","ping_status":"open","template":"","meta":{"_acf_changed":false},"product_brand":[],"product_cat":[2728],"product_tag":[655,589,421,465,732,837,961,596,420,581,471,468,623],"class_list":{"0":"post-56071","1":"product","2":"type-product","3":"status-publish","4":"has-post-thumbnail","6":"product_cat-soft","7":"product_tag-5x7-rug","8":"product_tag-bath-rug","9":"product_tag-bathroom-rug","10":"product_tag-bedroom-rug","11":"product_tag-berber-rug","12":"product_tag-black-and-white-rug","13":"product_tag-cotton-carpet-rug","14":"product_tag-hallway-rug","15":"product_tag-handmade-rug","16":"product_tag-living-room-rug","17":"product_tag-off-white-rug","18":"product_tag-scandinavian-rug","19":"product_tag-vintage-rug","20":"product_shipping_class-small-package","22":"first","23":"instock","24":"taxable","25":"shipping-taxable","26":"purchasable","27":"product-type-simple"},"acf":[],"gallery_images":[56073,56074,56075,56076,56077,56078,56079,56080,56081],"_links":{"self":[{"href":"https:\/\/www.padaworks.com\/pt\/wp-json\/wp\/v2\/product\/56071","targetHints":{"allow":["GET"]}}],"collection":[{"href":"https:\/\/www.padaworks.com\/pt\/wp-json\/wp\/v2\/product"}],"about":[{"href":"https:\/\/www.padaworks.com\/pt\/wp-json\/wp\/v2\/types\/product"}],"replies":[{"embeddable":true,"href":"https:\/\/www.padaworks.com\/pt\/wp-json\/wp\/v2\/comments?post=56071"}],"wp:featuredmedia":[{"embeddable":true,"href":"https:\/\/www.padaworks.com\/pt\/wp-json\/wp\/v2\/media\/56072"}],"wp:attachment":[{"href":"https:\/\/www.padaworks.com\/pt\/wp-json\/wp\/v2\/media?parent=56071"}],"wp:term":[{"taxonomy":"product_brand","embeddable":true,"href":"https:\/\/www.padaworks.com\/pt\/wp-json\/wp\/v2\/product_brand?post=56071"},{"taxonomy":"product_cat","embeddable":true,"href":"https:\/\/www.padaworks.com\/pt\/wp-json\/wp\/v2\/product_cat?post=56071"},{"taxonomy":"product_tag","embeddable":true,"href":"https:\/\/www.padaworks.com\/pt\/wp-json\/wp\/v2\/product_tag?post=56071"}],"curies":[{"name":"wp","href":"https:\/\/api.w.org\/{rel}","templated":true}]}}