{"id":55744,"date":"2022-06-14T11:03:04","date_gmt":"2022-06-14T11:03:04","guid":{"rendered":"https:\/\/www.padaworks.com\/product\/handmade-bird-cage-bird-cage-canary-cage-bird-house-parakeet-cage-gift-for-pet-bird\/"},"modified":"2026-02-16T15:03:49","modified_gmt":"2026-02-16T15:03:49","slug":"gaiola-para-passaros-feita-a-mao-gaiola-para-canarios-casa-para-passaros-gaiola-para-periquitos-presente-para-passaro-de-estimacao","status":"publish","type":"product","link":"https:\/\/www.padaworks.com\/pt\/product\/gaiola-para-passaros-feita-a-mao-gaiola-para-canarios-casa-para-passaros-gaiola-para-periquitos-presente-para-passaro-de-estimacao\/","title":{"rendered":"Gaiola para p\u00e1ssaros feita \u00e0 m\u00e3o - Madeira natural reciclada"},"content":{"rendered":"<p>Gaiola para p\u00e1ssaros feita \u00e0 m\u00e3o<\/p>\n<p>Esta gaiola \u00e9 toda feita \u00e0 m\u00e3o com madeira reutilizada.<br \/>Esta madeira \u00e9 recolhida nos centros de res\u00edduos e transformada nesta bela gaiola.<br \/>Inclu\u00eda dois comedouros.<\/p>\n<p>Dimens\u00f5es :<br \/>C - 36 cm, L - 28 cm, A - 44 cm<br \/>C - 14,2 pol., L - 11,0 pol., A - 17,3 pol.<\/p>\n<p>As dimens\u00f5es podem variar ligeiramente.<\/p>","protected":false},"excerpt":{"rendered":"<p>Handmade Bird Cage This cage is all handmade with reused wood.This wood is collected from waste centers and transformed into this beautiful cage.Included two feeders. Dimensions :L &#8211; 36 cm, W &#8211; 28 cm, H &#8211; 44 cmL &#8211; 14,2 in, W &#8211; 11,0 in, H &#8211; 17,3 in The dimensions may vary slightly.<\/p>","protected":false},"featured_media":55745,"comment_status":"open","ping_status":"open","template":"","meta":{"_acf_changed":false},"product_brand":[],"product_cat":[509,132],"product_tag":[498,1070,561,1069,501,1179,564,1178,1180,500,499,569,558],"class_list":{"0":"post-55744","1":"product","2":"type-product","3":"status-publish","4":"has-post-thumbnail","6":"product_cat-pet-supplies","7":"product_cat-bird-cages","8":"product_tag-bird-home","9":"product_tag-bird-house","10":"product_tag-birds-cage","11":"product_tag-canary-bird-cage","12":"product_tag-finch-cage","13":"product_tag-flight-cage","14":"product_tag-gift-for-him","15":"product_tag-handmade-cage","16":"product_tag-sustainable-cage","17":"product_tag-wood-bird-cage","18":"product_tag-wooden-bird-cage","19":"product_tag-wooden-bird-cages","20":"product_tag-wooden-cage","21":"product_shipping_class-large-package","23":"first","24":"instock","25":"taxable","26":"shipping-taxable","27":"purchasable","28":"product-type-simple"},"acf":[],"gallery_images":[55746,55747,55748,55749,55750,55751,55752,55753,55754],"_links":{"self":[{"href":"https:\/\/www.padaworks.com\/pt\/wp-json\/wp\/v2\/product\/55744","targetHints":{"allow":["GET"]}}],"collection":[{"href":"https:\/\/www.padaworks.com\/pt\/wp-json\/wp\/v2\/product"}],"about":[{"href":"https:\/\/www.padaworks.com\/pt\/wp-json\/wp\/v2\/types\/product"}],"replies":[{"embeddable":true,"href":"https:\/\/www.padaworks.com\/pt\/wp-json\/wp\/v2\/comments?post=55744"}],"wp:featuredmedia":[{"embeddable":true,"href":"https:\/\/www.padaworks.com\/pt\/wp-json\/wp\/v2\/media\/55745"}],"wp:attachment":[{"href":"https:\/\/www.padaworks.com\/pt\/wp-json\/wp\/v2\/media?parent=55744"}],"wp:term":[{"taxonomy":"product_brand","embeddable":true,"href":"https:\/\/www.padaworks.com\/pt\/wp-json\/wp\/v2\/product_brand?post=55744"},{"taxonomy":"product_cat","embeddable":true,"href":"https:\/\/www.padaworks.com\/pt\/wp-json\/wp\/v2\/product_cat?post=55744"},{"taxonomy":"product_tag","embeddable":true,"href":"https:\/\/www.padaworks.com\/pt\/wp-json\/wp\/v2\/product_tag?post=55744"}],"curies":[{"name":"wp","href":"https:\/\/api.w.org\/{rel}","templated":true}]}}