{"id":55717,"date":"2022-06-14T11:00:45","date_gmt":"2022-06-14T11:00:45","guid":{"rendered":"https:\/\/www.padaworks.com\/product\/ceramic-piggy-bank\/"},"modified":"2026-02-12T14:40:53","modified_gmt":"2026-02-12T14:40:53","slug":"mealheiro-de-ceramica","status":"publish","type":"product","link":"https:\/\/www.padaworks.com\/pt\/product\/mealheiro-de-ceramica\/","title":{"rendered":"Porquinho mealheiro em cer\u00e2mica"},"content":{"rendered":"<p>Porquinho mealheiro<\/p>\n<p>Pintado \u00e0 m\u00e3o<br \/>Feito \u00e0 m\u00e3o<br \/>Fabricado em Portugal<\/p>\n<p>Dimens\u00f5es:<br \/>C - 15cm, L - 17cm, P - 20cm<br \/>C - 5,9in, W - 6,7in, D - 7,9in<\/p>\n<p>As dimens\u00f5es podem variar ligeiramente.<\/p>","protected":false},"excerpt":{"rendered":"<p>Porquinho mealheiro Pintado \u00e0 m\u00e3oFabricado artesanalmenteFabricado em Portugal Dimens\u00f5es:C - 15cm, L - 17cm, P - 20cmC - 5,9in, L - 6,7in, P - 7,9in As dimens\u00f5es podem variar ligeiramente.<\/p>","protected":false},"featured_media":55718,"comment_status":"open","ping_status":"closed","template":"","meta":{"_acf_changed":false},"product_brand":[],"product_cat":[1799,2719],"product_tag":[1170,1167,1177,1171,573,902,1169,1176,1175,1168,1172,1174,1173],"class_list":{"0":"post-55717","1":"product","2":"type-product","3":"status-publish","4":"has-post-thumbnail","6":"product_cat-little-treasoures","7":"product_cat-special-offers","8":"product_tag-adult-piggy-bank","9":"product_tag-baby-gifts","10":"product_tag-funny-gifts","11":"product_tag-girls-piggy-bank","12":"product_tag-housewarming-gift","13":"product_tag-kids-gift","14":"product_tag-kids-piggy-bank","15":"product_tag-money-box","16":"product_tag-money-jar","17":"product_tag-piggy-bank","18":"product_tag-piggy-bank-adult","19":"product_tag-save-money","20":"product_tag-teen-piggy-bank","22":"first","23":"instock","24":"taxable","25":"shipping-taxable","26":"purchasable","27":"product-type-variable","28":"wvs-archive-product-wrapper"},"acf":[],"gallery_images":[55719,55720,55721,55722,55723,55724],"_links":{"self":[{"href":"https:\/\/www.padaworks.com\/pt\/wp-json\/wp\/v2\/product\/55717","targetHints":{"allow":["GET"]}}],"collection":[{"href":"https:\/\/www.padaworks.com\/pt\/wp-json\/wp\/v2\/product"}],"about":[{"href":"https:\/\/www.padaworks.com\/pt\/wp-json\/wp\/v2\/types\/product"}],"replies":[{"embeddable":true,"href":"https:\/\/www.padaworks.com\/pt\/wp-json\/wp\/v2\/comments?post=55717"}],"wp:featuredmedia":[{"embeddable":true,"href":"https:\/\/www.padaworks.com\/pt\/wp-json\/wp\/v2\/media\/55718"}],"wp:attachment":[{"href":"https:\/\/www.padaworks.com\/pt\/wp-json\/wp\/v2\/media?parent=55717"}],"wp:term":[{"taxonomy":"product_brand","embeddable":true,"href":"https:\/\/www.padaworks.com\/pt\/wp-json\/wp\/v2\/product_brand?post=55717"},{"taxonomy":"product_cat","embeddable":true,"href":"https:\/\/www.padaworks.com\/pt\/wp-json\/wp\/v2\/product_cat?post=55717"},{"taxonomy":"product_tag","embeddable":true,"href":"https:\/\/www.padaworks.com\/pt\/wp-json\/wp\/v2\/product_tag?post=55717"}],"curies":[{"name":"wp","href":"https:\/\/api.w.org\/{rel}","templated":true}]}}