{"id":55712,"date":"2022-06-14T11:00:24","date_gmt":"2022-06-14T11:00:24","guid":{"rendered":"https:\/\/www.padaworks.com\/product\/large-light-gray-rug-area-rug-carpet-rug-room-rug-living-room-rug-hallway-rug-bedroom-rug-kids-rug-boho-decor-bathroom-rug\/"},"modified":"2026-02-12T14:37:20","modified_gmt":"2026-02-12T14:37:20","slug":"tapete-cinzento-claro-grande-tapete-de-area-tapete-de-sala-tapete-de-sala-tapete-de-corredor-tapete-de-quarto-tapete-para-criancas-decoracao-boho-tapete-de-casa-de-banho","status":"publish","type":"product","link":"https:\/\/www.padaworks.com\/pt\/product\/tapete-cinzento-claro-grande-tapete-de-area-tapete-de-sala-tapete-de-sala-tapete-de-corredor-tapete-de-quarto-tapete-para-criancas-decoracao-boho-tapete-de-casa-de-banho\/","title":{"rendered":"Tapete grande cinzento claro - 150x200cm - Tapete atado"},"content":{"rendered":"<p>Tapete grande cinzento claro<\/p>\n<p>Este tapete \u00e9 tecido num tear manual com tecidos reutilizados de f\u00e1bricas t\u00eaxteis.<br \/>Estes tapetes s\u00e3o robustos, mas muito leves, e podem ser lavados regularmente \u00e0 m\u00e3o ou \u00e0 m\u00e1quina.<br \/>Para al\u00e9m de serem ecol\u00f3gicos, uma vez que reutilizam mat\u00e9ria-prima desperdi\u00e7ada pela ind\u00fastria, s\u00e3o muito mais saud\u00e1veis do que os tapetes de fibras sint\u00e9ticas.<br \/>Recomendamos a lavagem a frio ou a 30\u00b0C.<br \/>Acabamento com costura b\u00e1sica.<\/p>\n<p>Feito \u00e0 m\u00e3o<br \/>Fabricado em Portugal<\/p>\n<p>Dimens\u00f5es:<br \/>C - 200 cm, L - 150 cm<br \/>C - 78,7 pol., L - 59,1 pol.<br \/>C - 6,56 p\u00e9s, L - 4,92 p\u00e9s<\/p>\n<p>As dimens\u00f5es podem variar ligeiramente.<\/p>","protected":false},"excerpt":{"rendered":"<p>Large Light Gray Rug This rug is woven in a manual loom with fabrics reused from textile factories.These rugs are robust, yet very light, and can be regularly washed by hand or machine.In addition to being ecological, as they reuse raw material wasted by the industry, they are much healthier than synthetic fiber rugs.We recommend [&hellip;]<\/p>","protected":false},"featured_media":55713,"comment_status":"open","ping_status":"closed","template":"","meta":{"_acf_changed":false},"product_brand":[],"product_cat":[2731,2719],"product_tag":[655,477,585,420,475,575,717,841,467,647,482,515,623],"class_list":{"0":"post-55712","1":"product","2":"type-product","3":"status-publish","4":"has-post-thumbnail","6":"product_cat-knotted","7":"product_cat-special-offers","8":"product_tag-5x7-rug","9":"product_tag-bedside-rug","10":"product_tag-entryway-rug","11":"product_tag-handmade-rug","12":"product_tag-handwoven-rug","13":"product_tag-kitchen-rug","14":"product_tag-large-rug","15":"product_tag-modern-rug","16":"product_tag-nursery-rug","17":"product_tag-organic-rug","18":"product_tag-rugs-for-bedroom","19":"product_tag-rugs-for-living-room","20":"product_tag-vintage-rug","21":"product_shipping_class-small-package","23":"first","24":"instock","25":"sale","26":"taxable","27":"shipping-taxable","28":"purchasable","29":"product-type-simple"},"acf":[],"gallery_images":[55714,55715,55716],"_links":{"self":[{"href":"https:\/\/www.padaworks.com\/pt\/wp-json\/wp\/v2\/product\/55712","targetHints":{"allow":["GET"]}}],"collection":[{"href":"https:\/\/www.padaworks.com\/pt\/wp-json\/wp\/v2\/product"}],"about":[{"href":"https:\/\/www.padaworks.com\/pt\/wp-json\/wp\/v2\/types\/product"}],"replies":[{"embeddable":true,"href":"https:\/\/www.padaworks.com\/pt\/wp-json\/wp\/v2\/comments?post=55712"}],"wp:featuredmedia":[{"embeddable":true,"href":"https:\/\/www.padaworks.com\/pt\/wp-json\/wp\/v2\/media\/55713"}],"wp:attachment":[{"href":"https:\/\/www.padaworks.com\/pt\/wp-json\/wp\/v2\/media?parent=55712"}],"wp:term":[{"taxonomy":"product_brand","embeddable":true,"href":"https:\/\/www.padaworks.com\/pt\/wp-json\/wp\/v2\/product_brand?post=55712"},{"taxonomy":"product_cat","embeddable":true,"href":"https:\/\/www.padaworks.com\/pt\/wp-json\/wp\/v2\/product_cat?post=55712"},{"taxonomy":"product_tag","embeddable":true,"href":"https:\/\/www.padaworks.com\/pt\/wp-json\/wp\/v2\/product_tag?post=55712"}],"curies":[{"name":"wp","href":"https:\/\/api.w.org\/{rel}","templated":true}]}}