{"id":55681,"date":"2022-06-14T10:58:24","date_gmt":"2022-06-14T10:58:24","guid":{"rendered":"https:\/\/www.padaworks.com\/product\/crossbody-bag-straw-basket-bag-market-bag-portuguese-basket-multicolor-bag-straw-bag-summer-bag\/"},"modified":"2025-11-21T16:03:24","modified_gmt":"2025-11-21T16:03:24","slug":"saco-a-tiracolo-saco-cesto-de-palha-saco-mercado-saco-cesto-portugues-saco-multicolorido-saco-de-palha-saco-verao","status":"publish","type":"product","link":"https:\/\/www.padaworks.com\/pt\/product\/saco-a-tiracolo-saco-cesto-de-palha-saco-mercado-saco-cesto-portugues-saco-multicolorido-saco-de-palha-saco-verao\/","title":{"rendered":"Bolsa de ombro Junco"},"content":{"rendered":"<p>Saco de ombro Reed Roxo e verde<\/p>\n<p>Todo o saco \u00e9 feito \u00e0 m\u00e3o, at\u00e9 as aplica\u00e7\u00f5es de fecho do saco e as pegas!<br \/>Com forro no interior, em algod\u00e3o 100%. Forro cosido \u00e0 m\u00e3o.<br \/>Pega de couro ajust\u00e1vel.<br \/>Todos os produtos utilizados para o fabrico do saco s\u00e3o portugueses!!!<\/p>\n<p>Feito \u00e0 m\u00e3o<\/p>\n<p>Dimens\u00f5es:<br \/>C - 26cm, L - 12cm, A - 20cm<br \/>C - 10,2in, W - 4,7in, H - 7,9in<\/p>\n<p>As dimens\u00f5es do saco podem variar ligeiramente.<\/p>","protected":false},"excerpt":{"rendered":"<p>Reed Shoulder Bag Purple and Green The entire bag is made by hand, even the bag closure applications and the handles!With lining inside, 100% cotton. Hand-sewn lining.Adjustable leather handle.All products used for the manufacture of the bag are Portuguese!! Artisan Made Dimensions:L &#8211; 26cm, W &#8211; 12cm, H &#8211; 20cmL &#8211; 10,2in, W &#8211; 4,7in, [&hellip;]<\/p>","protected":false},"featured_media":55682,"comment_status":"open","ping_status":"closed","template":"","meta":{"_acf_changed":false},"product_brand":[],"product_cat":[2736],"product_tag":[302,599,779,990,341,389,865,348,386,1163,971,350,953],"class_list":{"0":"post-55681","1":"product","2":"type-product","3":"status-publish","4":"has-post-thumbnail","6":"product_cat-reed-bags","7":"product_tag-basket-bag","8":"product_tag-handmade-bag","9":"product_tag-market-basket-bag","10":"product_tag-portuguese-basket","11":"product_tag-reed-straw-bag","12":"product_tag-shoulder-bag","13":"product_tag-sling-bag","14":"product_tag-straw-basket-bag","15":"product_tag-straw-boho-bag","16":"product_tag-straw-crossbody-bag","17":"product_tag-straw-reed-basket","18":"product_tag-straw-shoulder-bag","19":"product_tag-work-bag","20":"product_shipping_class-small-package","22":"first","23":"instock","24":"taxable","25":"shipping-taxable","26":"purchasable","27":"product-type-simple"},"acf":[],"gallery_images":[55683,55684,55685,55686],"_links":{"self":[{"href":"https:\/\/www.padaworks.com\/pt\/wp-json\/wp\/v2\/product\/55681","targetHints":{"allow":["GET"]}}],"collection":[{"href":"https:\/\/www.padaworks.com\/pt\/wp-json\/wp\/v2\/product"}],"about":[{"href":"https:\/\/www.padaworks.com\/pt\/wp-json\/wp\/v2\/types\/product"}],"replies":[{"embeddable":true,"href":"https:\/\/www.padaworks.com\/pt\/wp-json\/wp\/v2\/comments?post=55681"}],"wp:featuredmedia":[{"embeddable":true,"href":"https:\/\/www.padaworks.com\/pt\/wp-json\/wp\/v2\/media\/55682"}],"wp:attachment":[{"href":"https:\/\/www.padaworks.com\/pt\/wp-json\/wp\/v2\/media?parent=55681"}],"wp:term":[{"taxonomy":"product_brand","embeddable":true,"href":"https:\/\/www.padaworks.com\/pt\/wp-json\/wp\/v2\/product_brand?post=55681"},{"taxonomy":"product_cat","embeddable":true,"href":"https:\/\/www.padaworks.com\/pt\/wp-json\/wp\/v2\/product_cat?post=55681"},{"taxonomy":"product_tag","embeddable":true,"href":"https:\/\/www.padaworks.com\/pt\/wp-json\/wp\/v2\/product_tag?post=55681"}],"curies":[{"name":"wp","href":"https:\/\/api.w.org\/{rel}","templated":true}]}}