{"id":55674,"date":"2022-06-14T10:58:02","date_gmt":"2022-06-14T10:58:02","guid":{"rendered":"https:\/\/www.padaworks.com\/product\/straw-reed-clutch-portuguese-bag-straw-bag-vegan-bag\/"},"modified":"2026-02-12T14:40:16","modified_gmt":"2026-02-12T14:40:16","slug":"saco-de-palha-cana-clutch-saco-portugues-saco-de-palha-saco-vegan","status":"publish","type":"product","link":"https:\/\/www.padaworks.com\/pt\/product\/saco-de-palha-cana-clutch-saco-portugues-saco-de-palha-saco-vegan\/","title":{"rendered":"Bolsa de canudo"},"content":{"rendered":"<p>Bolsa de canudo<\/p>\n<p>Todo o saco \u00e9 feito \u00e0 m\u00e3o, at\u00e9 mesmo as aplica\u00e7\u00f5es de fecho do saco!<br \/>Com forro interior em algod\u00e3o 100%. Forro cosido \u00e0 m\u00e3o.<br \/>Os lados da embraiagem s\u00e3o cosidos em burel.<br \/>Todos os produtos utilizados para o fabrico do saco s\u00e3o portugueses!!!<\/p>\n<p>Feito \u00e0 m\u00e3o<\/p>\n<p>Dimens\u00f5es:<br \/>C - 24cm, L - 8cm, A - 16cm<br \/>C - 9,4in, W - 3,1in, H - 6,3in<\/p>\n<p>As dimens\u00f5es do saco podem variar ligeiramente.<\/p>","protected":false},"excerpt":{"rendered":"<p>Straw Reed Clutch The entire bag is hand-made, even bag closure applications!With inner lining 100% cotton. Hand-sewn lining.Clutch sides are sewn in Burel.All products used for the manufacture of the bag are Portuguese!! Artisan Made Dimensions:L &#8211; 24cm, W &#8211; 8cm, H &#8211; 16cmL &#8211; 9,4in, W &#8211; 3,1in, H &#8211; 6,3in The dimensions of [&hellip;]<\/p>","protected":false},"featured_media":55675,"comment_status":"open","ping_status":"closed","template":"","meta":{"_acf_changed":false},"product_brand":[],"product_cat":[2736,2719],"product_tag":[1158,429,449,430,431,433,426,432,1162,1160,362,1161,1159],"class_list":{"0":"post-55674","1":"product","2":"type-product","3":"status-publish","4":"has-post-thumbnail","6":"product_cat-reed-bags","7":"product_cat-special-offers","8":"product_tag-basket-bag-clutch","9":"product_tag-bridesmaid-clutch","10":"product_tag-clutch-bag","11":"product_tag-clutch-purse","12":"product_tag-clutch-wallet","13":"product_tag-cosmetic-bag","14":"product_tag-makeup-bag","15":"product_tag-photo-clutch","16":"product_tag-straw-reed-bag","17":"product_tag-straw-reed-clutch","18":"product_tag-sustainable-bag","19":"product_tag-wedding-clutch","20":"product_tag-wristlet-clutch","21":"product_shipping_class-small-package","23":"first","24":"instock","25":"sale","26":"taxable","27":"shipping-taxable","28":"purchasable","29":"product-type-simple"},"acf":[],"gallery_images":[55676,55677,55678,55679,55680],"_links":{"self":[{"href":"https:\/\/www.padaworks.com\/pt\/wp-json\/wp\/v2\/product\/55674","targetHints":{"allow":["GET"]}}],"collection":[{"href":"https:\/\/www.padaworks.com\/pt\/wp-json\/wp\/v2\/product"}],"about":[{"href":"https:\/\/www.padaworks.com\/pt\/wp-json\/wp\/v2\/types\/product"}],"replies":[{"embeddable":true,"href":"https:\/\/www.padaworks.com\/pt\/wp-json\/wp\/v2\/comments?post=55674"}],"wp:featuredmedia":[{"embeddable":true,"href":"https:\/\/www.padaworks.com\/pt\/wp-json\/wp\/v2\/media\/55675"}],"wp:attachment":[{"href":"https:\/\/www.padaworks.com\/pt\/wp-json\/wp\/v2\/media?parent=55674"}],"wp:term":[{"taxonomy":"product_brand","embeddable":true,"href":"https:\/\/www.padaworks.com\/pt\/wp-json\/wp\/v2\/product_brand?post=55674"},{"taxonomy":"product_cat","embeddable":true,"href":"https:\/\/www.padaworks.com\/pt\/wp-json\/wp\/v2\/product_cat?post=55674"},{"taxonomy":"product_tag","embeddable":true,"href":"https:\/\/www.padaworks.com\/pt\/wp-json\/wp\/v2\/product_tag?post=55674"}],"curies":[{"name":"wp","href":"https:\/\/api.w.org\/{rel}","templated":true}]}}