{"id":55542,"date":"2022-06-14T10:49:35","date_gmt":"2022-06-14T10:49:35","guid":{"rendered":"https:\/\/www.padaworks.com\/product\/super-large-oval-bird-cage\/"},"modified":"2026-04-08T15:02:13","modified_gmt":"2026-04-08T15:02:13","slug":"gaiola-oval-super-grande-para-passaros","status":"publish","type":"product","link":"https:\/\/www.padaworks.com\/pt\/product\/gaiola-oval-super-grande-para-passaros\/","title":{"rendered":"Gaiola oval super grande para p\u00e1ssaros"},"content":{"rendered":"<p>Gaiola oval para p\u00e1ssaros super grande<\/p>\n<p>Ofere\u00e7a ao seu ador\u00e1vel p\u00e1ssaro uma gaiola nova e grande, com um design atrativo que pode facilmente acrescentar \u00e0 decora\u00e7\u00e3o da sua casa.<br \/>\nEsta gaiola \u00e9 toda feita \u00e0 m\u00e3o com madeira reutilizada.<br \/>\nEsta madeira \u00e9 recolhida nos centros de res\u00edduos e transformada nesta bela gaiola.<\/p>\n<p>Carater\u00edsticas da gaiola:<br \/>\n\u2013 Uma porta frontal com mola e fechadura;<br \/>\n\u2013 Quatro alimentadores de pl\u00e1stico, dois de cada lado;<br \/>\n\u2013 Uma gaveta para res\u00edduos com fechadura para facilitar a limpeza do piso da gaiola;<br \/>\n\u2013 Um anel no topo da gaiola<\/p>\n<p>Feito \u00e0 m\u00e3o<br \/>\nFabricado em Portugal<\/p>\n<p>Dimens\u00f5es:<br \/>\nC \u2013 56 cm, L \u2013 48 cm, A \u2013 77 cm<br \/>\nL \u2013 56 cm, L \u2013 48 cm, A \u2013 77 cm<\/p>\n<p>Espa\u00e7amento entre fios \u2013 1,1 cm; 0,4 pol.<\/p>\n<p>Este produto \u00e9 cuidadosamente embalado para garantir que chega em boas condi\u00e7\u00f5es \u00e0 sua casa.<br \/>\nAs dimens\u00f5es podem variar ligeiramente.<\/p>","protected":false},"excerpt":{"rendered":"<p>Super large Oval Bird Cage Give to your lovely bird a new and large cage, with one attractive design that you can easily add in you home decor. This cage is all handmade with reused wood. This wood is collected from waste centers and transformed into this beautiful cage. Features of the cage: \u2013 One [&hellip;]<\/p>","protected":false},"featured_media":55543,"comment_status":"open","ping_status":"closed","template":"","meta":{"_acf_changed":false},"product_brand":[],"product_cat":[509,132],"product_tag":[570,567,1146,497,561,501,758,563,722,568,505,500,499],"class_list":{"0":"post-55542","1":"product","2":"type-product","3":"status-publish","4":"has-post-thumbnail","6":"product_cat-pet-supplies","7":"product_cat-bird-cages","8":"product_tag-antique-bird-cage","9":"product_tag-aviary-cage","10":"product_tag-big-bird-cage","11":"product_tag-bird-cage","12":"product_tag-birds-cage","13":"product_tag-finch-cage","14":"product_tag-handmade-bird-cage","15":"product_tag-large-bird-cage","16":"product_tag-large-wooden-cage","17":"product_tag-parrot-cage","18":"product_tag-vintage-bird-cage","19":"product_tag-wood-bird-cage","20":"product_tag-wooden-bird-cage","21":"product_shipping_class-large-package","22":"pa_option-dark-wood","23":"pa_option-natural-wood","25":"first","26":"instock","27":"taxable","28":"shipping-taxable","29":"purchasable","30":"product-type-variable","31":"has-default-attributes","32":"wvs-archive-product-wrapper"},"acf":[],"gallery_images":[55544,55545,55546,55547,55548,55549,55550,55551,55552,55553,55554,55555,55559],"_links":{"self":[{"href":"https:\/\/www.padaworks.com\/pt\/wp-json\/wp\/v2\/product\/55542","targetHints":{"allow":["GET"]}}],"collection":[{"href":"https:\/\/www.padaworks.com\/pt\/wp-json\/wp\/v2\/product"}],"about":[{"href":"https:\/\/www.padaworks.com\/pt\/wp-json\/wp\/v2\/types\/product"}],"replies":[{"embeddable":true,"href":"https:\/\/www.padaworks.com\/pt\/wp-json\/wp\/v2\/comments?post=55542"}],"wp:featuredmedia":[{"embeddable":true,"href":"https:\/\/www.padaworks.com\/pt\/wp-json\/wp\/v2\/media\/55543"}],"wp:attachment":[{"href":"https:\/\/www.padaworks.com\/pt\/wp-json\/wp\/v2\/media?parent=55542"}],"wp:term":[{"taxonomy":"product_brand","embeddable":true,"href":"https:\/\/www.padaworks.com\/pt\/wp-json\/wp\/v2\/product_brand?post=55542"},{"taxonomy":"product_cat","embeddable":true,"href":"https:\/\/www.padaworks.com\/pt\/wp-json\/wp\/v2\/product_cat?post=55542"},{"taxonomy":"product_tag","embeddable":true,"href":"https:\/\/www.padaworks.com\/pt\/wp-json\/wp\/v2\/product_tag?post=55542"}],"curies":[{"name":"wp","href":"https:\/\/api.w.org\/{rel}","templated":true}]}}