{"id":55481,"date":"2022-06-14T10:32:33","date_gmt":"2022-06-14T10:32:33","guid":{"rendered":"https:\/\/www.padaworks.com\/product\/straw-hat-summer-hat-womens-hat-sun-hat-spring-hat-vintage-hat-farmhouse-hat-beach-hat\/"},"modified":"2026-04-14T07:17:27","modified_gmt":"2026-04-14T07:17:27","slug":"chapeu-de-verao-de-palha-com-fita","status":"publish","type":"product","link":"https:\/\/www.padaworks.com\/pt\/product\/chapeu-de-verao-de-palha-com-fita\/","title":{"rendered":"Chap\u00e9u de ver\u00e3o de palha com fita"},"content":{"rendered":"<p>Chap\u00e9u de palha<\/p>\n<p>Feito \u00e0 m\u00e3o<br \/>Fabricado em Portugal<\/p>\n<p>Tamanho \u2013 56 cm \/ 57 cm; 22,0 pol. \/ 22,4 pol.<\/p>\n<p>As dimens\u00f5es do chap\u00e9u podem variar ligeiramente.<\/p>","protected":false},"excerpt":{"rendered":"<p>Straw Hat Artisan MadeMade in Portugal Size &#8211; 56 cm \/ 57 cm; 22,0 in \/ 22,4 in The dimensions of the hat may vary slightly.<\/p>","protected":false},"featured_media":55482,"comment_status":"open","ping_status":"closed","template":"","meta":{"_acf_changed":false},"product_brand":[],"product_cat":[1546],"product_tag":[734,740,1131,741,1135,753,1134,1136,1132,735,751,1133,738],"class_list":{"0":"post-55481","1":"product","2":"type-product","3":"status-publish","4":"has-post-thumbnail","6":"product_cat-hats-accessories","7":"product_tag-boater-hat","8":"product_tag-bucket-hat","9":"product_tag-church-hat","10":"product_tag-fashion-hat","11":"product_tag-garden-hat","12":"product_tag-handmade-hat","13":"product_tag-hats-for-women","14":"product_tag-honeymoon-hat","15":"product_tag-straw-bucket-hat","16":"product_tag-straw-hat-women","17":"product_tag-tea-party-hat","18":"product_tag-wedding-hat","19":"product_tag-wide-brim-hat","20":"product_shipping_class-small-package","22":"first","23":"instock","24":"taxable","25":"shipping-taxable","26":"purchasable","27":"product-type-simple"},"acf":[],"gallery_images":[55483,55484,55485],"_links":{"self":[{"href":"https:\/\/www.padaworks.com\/pt\/wp-json\/wp\/v2\/product\/55481","targetHints":{"allow":["GET"]}}],"collection":[{"href":"https:\/\/www.padaworks.com\/pt\/wp-json\/wp\/v2\/product"}],"about":[{"href":"https:\/\/www.padaworks.com\/pt\/wp-json\/wp\/v2\/types\/product"}],"replies":[{"embeddable":true,"href":"https:\/\/www.padaworks.com\/pt\/wp-json\/wp\/v2\/comments?post=55481"}],"wp:featuredmedia":[{"embeddable":true,"href":"https:\/\/www.padaworks.com\/pt\/wp-json\/wp\/v2\/media\/55482"}],"wp:attachment":[{"href":"https:\/\/www.padaworks.com\/pt\/wp-json\/wp\/v2\/media?parent=55481"}],"wp:term":[{"taxonomy":"product_brand","embeddable":true,"href":"https:\/\/www.padaworks.com\/pt\/wp-json\/wp\/v2\/product_brand?post=55481"},{"taxonomy":"product_cat","embeddable":true,"href":"https:\/\/www.padaworks.com\/pt\/wp-json\/wp\/v2\/product_cat?post=55481"},{"taxonomy":"product_tag","embeddable":true,"href":"https:\/\/www.padaworks.com\/pt\/wp-json\/wp\/v2\/product_tag?post=55481"}],"curies":[{"name":"wp","href":"https:\/\/api.w.org\/{rel}","templated":true}]}}