{"id":55466,"date":"1970-01-01T00:00:00","date_gmt":"1970-01-01T00:00:00","guid":{"rendered":"https:\/\/www.padaworks.com\/product\/round-wood-bird-cage\/"},"modified":"2026-03-06T10:05:34","modified_gmt":"2026-03-06T10:05:34","slug":"gaiola-redonda-de-madeira-para-passaros","status":"publish","type":"product","link":"https:\/\/www.padaworks.com\/pt\/product\/gaiola-redonda-de-madeira-para-passaros\/","title":{"rendered":"Gaiola de madeira redonda para p\u00e1ssaros"},"content":{"rendered":"<p>Gaiola de madeira redonda para p\u00e1ssaros<\/p>\n<p>Ofere\u00e7a ao seu ador\u00e1vel p\u00e1ssaro uma gaiola nova, com um design atrativo que pode facilmente acrescentar \u00e0 decora\u00e7\u00e3o da sua casa.<br \/>Esta gaiola \u00e9 toda feita \u00e0 m\u00e3o com madeira reutilizada.<br \/>Esta madeira \u00e9 recolhida nos centros de res\u00edduos e transformada nesta bela gaiola.<\/p>\n<p>Carater\u00edsticas da gaiola:<br \/>- Uma porta frontal com mola<br \/>- Uma gaveta de res\u00edduos para facilitar a limpeza do ch\u00e3o da gaiola<br \/>- Um anel no topo da gaiola para pendurar<br \/>- Dois comedouros de pl\u00e1stico<\/p>\n<p>Feito \u00e0 m\u00e3o<br \/>Fabricado em Portugal<\/p>\n<p>Dimens\u00f5es:<br \/>C - 30 cm, L - 30 cm, A - 45 cm<br \/>C - 11,8 pol., L - 11,8 pol., A - 17,7 pol.<\/p>\n<p>Este produto \u00e9 cuidadosamente embalado para garantir que chega em boas condi\u00e7\u00f5es \u00e0 sua casa.<br \/>As dimens\u00f5es podem variar ligeiramente.<\/p>","protected":false},"excerpt":{"rendered":"<p>Round Wood Bird Cage Give to your lovely bird a new cage, with one attractive design that you can easily add in your home decor.This cage is all handmade with reused wood.This wood is collected from waste centers and transformed into this beautiful cage. Features of the cage:&#8211; One front door with spring&#8211; One waste [&hellip;]<\/p>","protected":false},"featured_media":55467,"comment_status":"open","ping_status":"open","template":"","meta":{"_acf_changed":false},"product_brand":[],"product_cat":[509,132],"product_tag":[570,567,507,565,561,638,1130,571,501,508,566,505,558],"class_list":{"0":"post-55466","1":"product","2":"type-product","3":"status-publish","4":"has-post-thumbnail","6":"product_cat-pet-supplies","7":"product_cat-bird-cages","8":"product_tag-antique-bird-cage","9":"product_tag-aviary-cage","10":"product_tag-bird-cage-decor","11":"product_tag-bird-cage-wood","12":"product_tag-birds-cage","13":"product_tag-birthday-gift","14":"product_tag-budgie-home","15":"product_tag-decorative-bird-cage","16":"product_tag-finch-cage","17":"product_tag-gift-for-pet-bird","18":"product_tag-round-bird-cage","19":"product_tag-vintage-bird-cage","20":"product_tag-wooden-cage","21":"product_shipping_class-large-package","23":"first","24":"instock","25":"taxable","26":"shipping-taxable","27":"purchasable","28":"product-type-variable","29":"has-default-attributes","30":"wvs-archive-product-wrapper"},"acf":[],"gallery_images":[55468,55469,55470,55471,55472,55473,55474,55475,55476,55477,55478,55479,55480,60264],"_links":{"self":[{"href":"https:\/\/www.padaworks.com\/pt\/wp-json\/wp\/v2\/product\/55466","targetHints":{"allow":["GET"]}}],"collection":[{"href":"https:\/\/www.padaworks.com\/pt\/wp-json\/wp\/v2\/product"}],"about":[{"href":"https:\/\/www.padaworks.com\/pt\/wp-json\/wp\/v2\/types\/product"}],"replies":[{"embeddable":true,"href":"https:\/\/www.padaworks.com\/pt\/wp-json\/wp\/v2\/comments?post=55466"}],"wp:featuredmedia":[{"embeddable":true,"href":"https:\/\/www.padaworks.com\/pt\/wp-json\/wp\/v2\/media\/55467"}],"wp:attachment":[{"href":"https:\/\/www.padaworks.com\/pt\/wp-json\/wp\/v2\/media?parent=55466"}],"wp:term":[{"taxonomy":"product_brand","embeddable":true,"href":"https:\/\/www.padaworks.com\/pt\/wp-json\/wp\/v2\/product_brand?post=55466"},{"taxonomy":"product_cat","embeddable":true,"href":"https:\/\/www.padaworks.com\/pt\/wp-json\/wp\/v2\/product_cat?post=55466"},{"taxonomy":"product_tag","embeddable":true,"href":"https:\/\/www.padaworks.com\/pt\/wp-json\/wp\/v2\/product_tag?post=55466"}],"curies":[{"name":"wp","href":"https:\/\/api.w.org\/{rel}","templated":true}]}}