{"id":55445,"date":"2022-06-14T10:30:49","date_gmt":"2022-06-14T10:30:49","guid":{"rendered":"https:\/\/www.padaworks.com\/product\/wicker-bike-basket-bicycle-basket-wicker-bicycle-basket-with-handle-market-basket-bicycle-bicycle-handlebar-basket-christmas-gift\/"},"modified":"2026-02-20T23:34:22","modified_gmt":"2026-02-20T23:34:22","slug":"cesto-de-vime-para-bicicleta-cesto-de-bicicleta-cesto-de-vime-com-pega-cesto-de-mercado-cesto-de-bicicleta-cesto-de-guiador-de-bicicleta-prenda-de-natal","status":"publish","type":"product","link":"https:\/\/www.padaworks.com\/pt\/product\/cesto-de-vime-para-bicicleta-cesto-de-bicicleta-cesto-de-vime-com-pega-cesto-de-mercado-cesto-de-bicicleta-cesto-de-guiador-de-bicicleta-prenda-de-natal\/","title":{"rendered":"Cesto de vime para bicicletas"},"content":{"rendered":"<p>Cesto de vime para bicicletas<\/p>\n<p>Este cesto de vime \u00e9 perfeito para a sua bicicleta!<br \/>Totalmente artesanal, com material de qualidade e acabamento em verniz para durar uma vida inteira.<br \/>Adapta-se facilmente a qualquer tipo de bicicleta com as fivelas na parte de tr\u00e1s do cesto.<\/p>\n<p>\u00c9 o cesto perfeito para o acompanhar para todo o lado com a sua bicicleta. Para o trabalho, para levar ao mercado, \u00e0s compras, ao piquenique ou simplesmente para guardar as suas coisas enquanto desfruta de um agrad\u00e1vel passeio de bicicleta?<br \/>Tem uma pega para ser facilmente transportada.<\/p>\n<p>Cada pe\u00e7a \u00e9 totalmente feita \u00e0 m\u00e3o, pelo que, por vezes, podem apresentar varia\u00e7\u00f5es que fazem parte do seu processo de produ\u00e7\u00e3o.<\/p>\n<p>Dimens\u00f5es:<br \/>C - 36cm, L - 29cm, A - 23cm, A com pega - 40cm<br \/>C - 14,2in, W - 11,4in, H - 9,1in, H com pega - 15,7in<\/p>\n<p>As dimens\u00f5es podem variar ligeiramente.<\/p>","protected":false},"excerpt":{"rendered":"<p>Wicker Bike Basket This wicker basket is perfect for your bike!Entirely handcrafted, with quality material and finished in varnish to last a lifetime.It is easily fitted to any type of bike with the buckles on the back of the basket. It&#8217;s the perfect basket to accompany you anywhere with your bike. For work, to take [&hellip;]<\/p>","protected":false},"featured_media":55446,"comment_status":"open","ping_status":"closed","template":"","meta":{"_acf_changed":false},"product_brand":[],"product_cat":[2722],"product_tag":[1114,1116,1115,1117,1120,1118,645,336,1119,1102,1112,1113,538],"class_list":{"0":"post-55445","1":"product","2":"type-product","3":"status-publish","4":"has-post-thumbnail","6":"product_cat-bike-baskets","7":"product_tag-bike-accessories","8":"product_tag-bike-bag","9":"product_tag-bike-basket","10":"product_tag-bike-basket-bag","11":"product_tag-bike-pannier","12":"product_tag-birthday-gift-basket","13":"product_tag-hanging-basket","14":"product_tag-picnic-basket","15":"product_tag-rattan-basket","16":"product_tag-shopping-basket","17":"product_tag-vime-bike-basket","18":"product_tag-wicker-bike-basket","19":"product_tag-woven-basket","20":"product_shipping_class-small-package","22":"first","23":"instock","24":"taxable","25":"shipping-taxable","26":"purchasable","27":"product-type-simple"},"acf":[],"gallery_images":[55447,55448,55449,55450,55451,55452,55453,55454,55455],"_links":{"self":[{"href":"https:\/\/www.padaworks.com\/pt\/wp-json\/wp\/v2\/product\/55445","targetHints":{"allow":["GET"]}}],"collection":[{"href":"https:\/\/www.padaworks.com\/pt\/wp-json\/wp\/v2\/product"}],"about":[{"href":"https:\/\/www.padaworks.com\/pt\/wp-json\/wp\/v2\/types\/product"}],"replies":[{"embeddable":true,"href":"https:\/\/www.padaworks.com\/pt\/wp-json\/wp\/v2\/comments?post=55445"}],"wp:featuredmedia":[{"embeddable":true,"href":"https:\/\/www.padaworks.com\/pt\/wp-json\/wp\/v2\/media\/55446"}],"wp:attachment":[{"href":"https:\/\/www.padaworks.com\/pt\/wp-json\/wp\/v2\/media?parent=55445"}],"wp:term":[{"taxonomy":"product_brand","embeddable":true,"href":"https:\/\/www.padaworks.com\/pt\/wp-json\/wp\/v2\/product_brand?post=55445"},{"taxonomy":"product_cat","embeddable":true,"href":"https:\/\/www.padaworks.com\/pt\/wp-json\/wp\/v2\/product_cat?post=55445"},{"taxonomy":"product_tag","embeddable":true,"href":"https:\/\/www.padaworks.com\/pt\/wp-json\/wp\/v2\/product_tag?post=55445"}],"curies":[{"name":"wp","href":"https:\/\/api.w.org\/{rel}","templated":true}]}}