{"id":55429,"date":"2022-06-14T10:30:17","date_gmt":"2022-06-14T10:30:17","guid":{"rendered":"https:\/\/www.padaworks.com\/product\/mini-rustic-bird-cage\/"},"modified":"2026-02-16T15:07:06","modified_gmt":"2026-02-16T15:07:06","slug":"mini-gaiola-rustica-para-passaros","status":"publish","type":"product","link":"https:\/\/www.padaworks.com\/pt\/product\/mini-gaiola-rustica-para-passaros\/","title":{"rendered":"Mini gaiola r\u00fastica para p\u00e1ssaros"},"content":{"rendered":"<p>Mini gaiola r\u00fastica para p\u00e1ssaros<\/p>\n<p>Esta mini gaiola \u00e9 toda feita \u00e0 m\u00e3o com madeira reutilizada.<br \/>Esta madeira \u00e9 recolhida em centros de recolha de res\u00edduos e transformada nesta bonita mini gaiola.<\/p>\n<p>Dimens\u00f5es :<br \/>C - 8 cm, L - 8 cm, A - 11 cm<br \/>C - 3,1 pol., L - 3,1 pol., A - 4,3 pol.<\/p>\n<p>As dimens\u00f5es podem variar ligeiramente.<\/p>","protected":false},"excerpt":{"rendered":"<p>Mini Rustic Bird Cage This mini cage is all handmade with reused wood.This wood is collected from waste centers and transformed into this beautiful mini cage. Dimensions :L &#8211; 8 cm, W &#8211; 8 cm, H &#8211; 11 cmL &#8211; 3,1 in, W &#8211; 3,1 in, H &#8211; 4,3 in The dimensions may vary slightly.<\/p>","protected":false},"featured_media":55430,"comment_status":"open","ping_status":"open","template":"","meta":{"_acf_changed":false},"product_brand":[],"product_cat":[509,132],"product_tag":[570,497,507,755,1110,498,504,1068,571,1111,503,505,499],"class_list":{"0":"post-55429","1":"product","2":"type-product","3":"status-publish","4":"has-post-thumbnail","6":"product_cat-pet-supplies","7":"product_cat-bird-cages","8":"product_tag-antique-bird-cage","9":"product_tag-bird-cage","10":"product_tag-bird-cage-decor","11":"product_tag-bird-cage-wooden","12":"product_tag-bird-cages-for-birds","13":"product_tag-bird-home","14":"product_tag-budgie-cage","15":"product_tag-canary-cage","16":"product_tag-decorative-bird-cage","17":"product_tag-miniature-bird-cage","18":"product_tag-parakeet-cage","19":"product_tag-vintage-bird-cage","20":"product_tag-wooden-bird-cage","21":"product_shipping_class-large-package","23":"first","24":"instock","25":"taxable","26":"shipping-taxable","27":"purchasable","28":"product-type-simple"},"acf":[],"gallery_images":[55431,55432,55433,55434],"_links":{"self":[{"href":"https:\/\/www.padaworks.com\/pt\/wp-json\/wp\/v2\/product\/55429","targetHints":{"allow":["GET"]}}],"collection":[{"href":"https:\/\/www.padaworks.com\/pt\/wp-json\/wp\/v2\/product"}],"about":[{"href":"https:\/\/www.padaworks.com\/pt\/wp-json\/wp\/v2\/types\/product"}],"replies":[{"embeddable":true,"href":"https:\/\/www.padaworks.com\/pt\/wp-json\/wp\/v2\/comments?post=55429"}],"wp:featuredmedia":[{"embeddable":true,"href":"https:\/\/www.padaworks.com\/pt\/wp-json\/wp\/v2\/media\/55430"}],"wp:attachment":[{"href":"https:\/\/www.padaworks.com\/pt\/wp-json\/wp\/v2\/media?parent=55429"}],"wp:term":[{"taxonomy":"product_brand","embeddable":true,"href":"https:\/\/www.padaworks.com\/pt\/wp-json\/wp\/v2\/product_brand?post=55429"},{"taxonomy":"product_cat","embeddable":true,"href":"https:\/\/www.padaworks.com\/pt\/wp-json\/wp\/v2\/product_cat?post=55429"},{"taxonomy":"product_tag","embeddable":true,"href":"https:\/\/www.padaworks.com\/pt\/wp-json\/wp\/v2\/product_tag?post=55429"}],"curies":[{"name":"wp","href":"https:\/\/api.w.org\/{rel}","templated":true}]}}