{"id":55421,"date":"2022-06-14T10:28:41","date_gmt":"2022-06-14T10:28:41","guid":{"rendered":"https:\/\/www.padaworks.com\/product\/small-grey-rug-farmhouse-rug-bath-mat-bedside-rug-recycled-cotton-rug-bedroom-rug-handmade-rug-kitchen-rug\/"},"modified":"2026-02-20T23:34:21","modified_gmt":"2026-02-20T23:34:21","slug":"tapete-cinzento-pequeno-50x100cm-tapete-com-no-3","status":"publish","type":"product","link":"https:\/\/www.padaworks.com\/pt\/product\/tapete-cinzento-pequeno-50x100cm-tapete-com-no-3\/","title":{"rendered":"Tapete cinzento pequeno - 50x100cm - Tapete atado"},"content":{"rendered":"<p>Tapete cinzento pequeno<\/p>\n<p>Cada tapete \u00e9 tecido num tear manual com tecidos reutilizados de f\u00e1bricas t\u00eaxteis.<br \/>Por serem tecidos por tecel\u00f5es experientes, estes tapetes s\u00e3o robustos, embora muito leves, e podem ser submetidos a lavagens regulares \u00e0 m\u00e3o ou \u00e0 m\u00e1quina.<br \/>Para al\u00e9m de serem ecol\u00f3gicos e amigos do ambiente, porque reutilizam mat\u00e9ria-prima desperdi\u00e7ada pela ind\u00fastria, s\u00e3o tamb\u00e9m muito mais saud\u00e1veis do que os tapetes de fibras sint\u00e9ticas. S\u00e3o recomendados para beb\u00e9s e crian\u00e7as e para pessoas com alergias.<br \/>Acabamento com costura b\u00e1sica.<\/p>\n<p>Feito \u00e0 m\u00e3o<br \/>Fabricado em Portugal<\/p>\n<p>Dimens\u00f5es:<br \/>C - 100cm, L - 50cm<br \/>C - 39,4in, W - 19,7in<br \/>C - 3,28 p\u00e9s, L - 1,64 p\u00e9s<\/p>\n<p>As dimens\u00f5es podem variar ligeiramente.<\/p>","protected":false},"excerpt":{"rendered":"<p>Small Grey Rug Each rug is woven on a hand loom with fabrics reused from textile factories.Because they are woven by experienced weavers, these rugs are robust, although very light, and can be subjected to regular hand or machine washes.In addition to being ecological and environmentally friendly, because they reuse raw material wasted by the [&hellip;]<\/p>","protected":false},"featured_media":55422,"comment_status":"open","ping_status":"closed","template":"","meta":{"_acf_changed":false},"product_brand":[],"product_cat":[2731,2719],"product_tag":[720,421,293,729,726,625,657,466,730,480,576,482,592],"class_list":{"0":"post-55421","1":"product","2":"type-product","3":"status-publish","4":"has-post-thumbnail","6":"product_cat-knotted","7":"product_cat-special-offers","8":"product_tag-bathroom-mat","9":"product_tag-bathroom-rug","10":"product_tag-cotton-rug","11":"product_tag-front-door-mat","12":"product_tag-geometric-rug","13":"product_tag-grey-rug","14":"product_tag-kids-rug","15":"product_tag-kitchen-mat","16":"product_tag-office-rug","17":"product_tag-rag-rug","18":"product_tag-room-rug","19":"product_tag-rugs-for-bedroom","20":"product_tag-small-rug","21":"product_shipping_class-small-package","23":"first","24":"instock","25":"sale","26":"taxable","27":"shipping-taxable","28":"purchasable","29":"product-type-simple"},"acf":[],"gallery_images":[55423,55424,55425,55426,55427,55428],"_links":{"self":[{"href":"https:\/\/www.padaworks.com\/pt\/wp-json\/wp\/v2\/product\/55421","targetHints":{"allow":["GET"]}}],"collection":[{"href":"https:\/\/www.padaworks.com\/pt\/wp-json\/wp\/v2\/product"}],"about":[{"href":"https:\/\/www.padaworks.com\/pt\/wp-json\/wp\/v2\/types\/product"}],"replies":[{"embeddable":true,"href":"https:\/\/www.padaworks.com\/pt\/wp-json\/wp\/v2\/comments?post=55421"}],"wp:featuredmedia":[{"embeddable":true,"href":"https:\/\/www.padaworks.com\/pt\/wp-json\/wp\/v2\/media\/55422"}],"wp:attachment":[{"href":"https:\/\/www.padaworks.com\/pt\/wp-json\/wp\/v2\/media?parent=55421"}],"wp:term":[{"taxonomy":"product_brand","embeddable":true,"href":"https:\/\/www.padaworks.com\/pt\/wp-json\/wp\/v2\/product_brand?post=55421"},{"taxonomy":"product_cat","embeddable":true,"href":"https:\/\/www.padaworks.com\/pt\/wp-json\/wp\/v2\/product_cat?post=55421"},{"taxonomy":"product_tag","embeddable":true,"href":"https:\/\/www.padaworks.com\/pt\/wp-json\/wp\/v2\/product_tag?post=55421"}],"curies":[{"name":"wp","href":"https:\/\/api.w.org\/{rel}","templated":true}]}}