{"id":55396,"date":"2022-06-14T10:27:44","date_gmt":"2022-06-14T10:27:44","guid":{"rendered":"https:\/\/www.padaworks.com\/product\/market-basket-wicker-handbag-wicker-picnic-basket-summer-basket-halloween-basket-halloween-party-easter-basket-garden-basket\/"},"modified":"2026-02-12T14:35:34","modified_gmt":"2026-02-12T14:35:34","slug":"cesto-de-compras-bolsa-de-vime-cesto-de-piquenique-de-vime-cesto-de-verao-cesto-de-halloween-festa-de-halloween-cesto-de-pascoa-cesto-de-jardim","status":"publish","type":"product","link":"https:\/\/www.padaworks.com\/pt\/product\/cesto-de-compras-bolsa-de-vime-cesto-de-piquenique-de-vime-cesto-de-verao-cesto-de-halloween-festa-de-halloween-cesto-de-pascoa-cesto-de-jardim\/","title":{"rendered":"Cesto de compras"},"content":{"rendered":"<p>Cesto de compras<br \/>Tamanho m\u00e9dio<\/p>\n<p>Cesto multicolorido totalmente feito \u00e0 m\u00e3o, assim como a sua pintura, tamb\u00e9m feita \u00e0 m\u00e3o. Pintado em laranja e roxo.<br \/>Feito \u00e0 m\u00e3o<br \/>Fabricado em Portugal<\/p>\n<p>Dimens\u00f5es:<br \/>C \u2013 24 cm, L \u2013 19 cm, A \u2013 26 cm, A com al\u00e7a \u2013 34 cm<br \/>C \u2013 24 cm, L \u2013 19 cm, A \u2013 26 cm, A com pega \u2013 34 cm<\/p>\n<p>As dimens\u00f5es podem variar ligeiramente.<\/p>","protected":false},"excerpt":{"rendered":"<p>Market BasketMedium Size Multicolor basket completely handmade as well as its painting is also done by hand. Painted orange and purple.Artisan MadeMade in Portugal Dimensions:L &#8211; 24cm, W &#8211; 19cm, H &#8211; 26cm, H with handle &#8211; 34cmL &#8211; 9,4in, W &#8211; 7,5in, H &#8211; 10,2in, H with handle &#8211; 13,4in The dimensions may vary [&hellip;]<\/p>","protected":false},"featured_media":55397,"comment_status":"open","ping_status":"closed","template":"","meta":{"_acf_changed":false},"product_brand":[],"product_cat":[448,2738,2719],"product_tag":[1098,1000,455,691,1101,336,1102,312,828,1100,439,1099,538],"class_list":{"0":"post-55396","1":"product","2":"type-product","3":"status-publish","4":"has-post-thumbnail","6":"product_cat-picnic","7":"product_cat-wicker-bags","8":"product_cat-special-offers","9":"product_tag-antique-basket","10":"product_tag-decorative-box","11":"product_tag-flower-girl-basket","12":"product_tag-fruits-basket","13":"product_tag-housewarming-basket","14":"product_tag-picnic-basket","15":"product_tag-shopping-basket","16":"product_tag-storage-basket","17":"product_tag-vintage-bag","18":"product_tag-wicker-bag","19":"product_tag-wicker-basket","20":"product_tag-wicker-lunch-box","21":"product_tag-woven-basket","22":"product_shipping_class-small-package","24":"first","25":"instock","26":"sale","27":"taxable","28":"shipping-taxable","29":"purchasable","30":"product-type-simple"},"acf":[],"gallery_images":[55398,55399,55400,55401,55402,55403],"_links":{"self":[{"href":"https:\/\/www.padaworks.com\/pt\/wp-json\/wp\/v2\/product\/55396","targetHints":{"allow":["GET"]}}],"collection":[{"href":"https:\/\/www.padaworks.com\/pt\/wp-json\/wp\/v2\/product"}],"about":[{"href":"https:\/\/www.padaworks.com\/pt\/wp-json\/wp\/v2\/types\/product"}],"replies":[{"embeddable":true,"href":"https:\/\/www.padaworks.com\/pt\/wp-json\/wp\/v2\/comments?post=55396"}],"wp:featuredmedia":[{"embeddable":true,"href":"https:\/\/www.padaworks.com\/pt\/wp-json\/wp\/v2\/media\/55397"}],"wp:attachment":[{"href":"https:\/\/www.padaworks.com\/pt\/wp-json\/wp\/v2\/media?parent=55396"}],"wp:term":[{"taxonomy":"product_brand","embeddable":true,"href":"https:\/\/www.padaworks.com\/pt\/wp-json\/wp\/v2\/product_brand?post=55396"},{"taxonomy":"product_cat","embeddable":true,"href":"https:\/\/www.padaworks.com\/pt\/wp-json\/wp\/v2\/product_cat?post=55396"},{"taxonomy":"product_tag","embeddable":true,"href":"https:\/\/www.padaworks.com\/pt\/wp-json\/wp\/v2\/product_tag?post=55396"}],"curies":[{"name":"wp","href":"https:\/\/api.w.org\/{rel}","templated":true}]}}