{"id":55380,"date":"2022-06-14T10:27:03","date_gmt":"2022-06-14T10:27:03","guid":{"rendered":"https:\/\/www.padaworks.com\/product\/miniature-silvestrism-bird-cage\/"},"modified":"2026-04-15T11:16:45","modified_gmt":"2026-04-15T11:16:45","slug":"gaiola-para-passaros-silvestris-em-miniatura","status":"publish","type":"product","link":"https:\/\/www.padaworks.com\/pt\/product\/gaiola-para-passaros-silvestris-em-miniatura\/","title":{"rendered":"Gaiola miniatura de silvestrism para p\u00e1ssaros"},"content":{"rendered":"<p>Gaiola de silvestrismo miniatura<\/p>\n<p>Esta mini gaiola \u00e9 toda feita \u00e0 m\u00e3o com madeira reutilizada.<br \/>Esta madeira \u00e9 recolhida em centros de recolha de res\u00edduos e transformada nesta bonita mini gaiola.<\/p>\n<p>Dimens\u00f5es :<br \/>C - 7,5 cm, L - 7,5 cm, A - 8 cm<br \/>C - 3,0 pol., L - 3,0 pol., A - 3,1 pol.<\/p>\n<p>As dimens\u00f5es podem variar ligeiramente.<\/p>","protected":false},"excerpt":{"rendered":"<p>Miniature Silvestrism Cage This mini cage is all handmade with reused wood.This wood is collected from waste centers and transformed into this beautiful mini cage. Dimensions :L &#8211; 7,5 cm, W &#8211; 7,5 cm, H &#8211; 8 cmL &#8211; 3,0 in, W &#8211; 3,0 in, H &#8211; 3,1 in The dimensions may vary slightly.<\/p>","protected":false},"featured_media":55381,"comment_status":"open","ping_status":"open","template":"","meta":{"_acf_changed":false},"product_brand":[],"product_cat":[509,132],"product_tag":[570,507,565,561,1068,571,1097,501,503,505,659,500,558],"class_list":{"0":"post-55380","1":"product","2":"type-product","3":"status-publish","4":"has-post-thumbnail","6":"product_cat-pet-supplies","7":"product_cat-bird-cages","8":"product_tag-antique-bird-cage","9":"product_tag-bird-cage-decor","10":"product_tag-bird-cage-wood","11":"product_tag-birds-cage","12":"product_tag-canary-cage","13":"product_tag-decorative-bird-cage","14":"product_tag-doll-cage","15":"product_tag-finch-cage","16":"product_tag-parakeet-cage","17":"product_tag-vintage-bird-cage","18":"product_tag-wedding-decor","19":"product_tag-wood-bird-cage","20":"product_tag-wooden-cage","21":"product_shipping_class-small-package","23":"first","24":"instock","25":"sale","26":"taxable","27":"shipping-taxable","28":"purchasable","29":"product-type-simple"},"acf":[],"gallery_images":[55382,55383,55384,55385],"_links":{"self":[{"href":"https:\/\/www.padaworks.com\/pt\/wp-json\/wp\/v2\/product\/55380","targetHints":{"allow":["GET"]}}],"collection":[{"href":"https:\/\/www.padaworks.com\/pt\/wp-json\/wp\/v2\/product"}],"about":[{"href":"https:\/\/www.padaworks.com\/pt\/wp-json\/wp\/v2\/types\/product"}],"replies":[{"embeddable":true,"href":"https:\/\/www.padaworks.com\/pt\/wp-json\/wp\/v2\/comments?post=55380"}],"wp:featuredmedia":[{"embeddable":true,"href":"https:\/\/www.padaworks.com\/pt\/wp-json\/wp\/v2\/media\/55381"}],"wp:attachment":[{"href":"https:\/\/www.padaworks.com\/pt\/wp-json\/wp\/v2\/media?parent=55380"}],"wp:term":[{"taxonomy":"product_brand","embeddable":true,"href":"https:\/\/www.padaworks.com\/pt\/wp-json\/wp\/v2\/product_brand?post=55380"},{"taxonomy":"product_cat","embeddable":true,"href":"https:\/\/www.padaworks.com\/pt\/wp-json\/wp\/v2\/product_cat?post=55380"},{"taxonomy":"product_tag","embeddable":true,"href":"https:\/\/www.padaworks.com\/pt\/wp-json\/wp\/v2\/product_tag?post=55380"}],"curies":[{"name":"wp","href":"https:\/\/api.w.org\/{rel}","templated":true}]}}