{"id":55358,"date":"2022-06-14T10:26:21","date_gmt":"2022-06-14T10:26:21","guid":{"rendered":"https:\/\/www.padaworks.com\/product\/medium-baby-blue-rug-70x140cm-ring-line-rug\/"},"modified":"2026-03-06T19:42:03","modified_gmt":"2026-03-06T19:42:03","slug":"tapete-azul-bebe-medio-70x140cm-tapete-de-argolas","status":"publish","type":"product","link":"https:\/\/www.padaworks.com\/pt\/product\/tapete-azul-bebe-medio-70x140cm-tapete-de-argolas\/","title":{"rendered":"Tapete M\u00e9dio Azul Beb\u00e9 - 70x140cm - Tapete Ring Line"},"content":{"rendered":"<p>Tapete azul beb\u00e9 m\u00e9dio<\/p>\n<p>Este tapete \u00e9 tecido num tear manual com tecidos reutilizados.<br \/>Estes tapetes s\u00e3o robustos, leves e podem ser lavados regularmente \u00e0 m\u00e3o ou \u00e0 m\u00e1quina.<br \/>\u00c9 ecol\u00f3gico porque reutiliza a mat\u00e9ria-prima desperdi\u00e7ada pela ind\u00fastria t\u00eaxtil.<br \/>Recomendamos a lavagem a frio ou a 30\u00b0C.<br \/>Uma vez que este tapete \u00e9 fabricado com produtos reciclados das ind\u00fastrias t\u00eaxteis, pode haver ligeiras varia\u00e7\u00f5es de cor.<\/p>\n<p>\u00c9 poss\u00edvel fazer um tamanho personalizado deste bonito tapete, por favor contacte-nos ?<br \/>Temos mais cores dispon\u00edveis, por favor veja a sua cor favorita na galeria para que possamos fazer o tapete perfeito para a sua casa!<\/p>\n<p>Feito \u00e0 m\u00e3o<br \/>Fabricado em Portugal<\/p>\n<p>Dimens\u00f5es:<br \/>C - 140 cm, L - 70 cm<br \/>C - 55,1 pol., L - 27,6 pol.<br \/>C - 4,6 p\u00e9s, L - 2,3 p\u00e9s<\/p>\n<p>As dimens\u00f5es podem variar ligeiramente.<\/p>","protected":false},"excerpt":{"rendered":"<p>Medium Baby Blue Rug This rug is woven in a manual loom with fabrics reused.These rugs are robust, light, and can be regularly washed by hand or machine.It is ecological because they reuse raw material wasted by the textil industry.We recommend cold washing or to 30\u00b0C.Since this rug is made with recycled products from the [&hellip;]<\/p>","protected":false},"featured_media":55359,"comment_status":"open","ping_status":"open","template":"","meta":{"_acf_changed":false},"product_brand":[],"product_cat":[2729],"product_tag":[731,618,465,293,596,657,575,1093,482,515,574,719,628],"class_list":{"0":"post-55358","1":"product","2":"type-product","3":"status-publish","4":"has-post-thumbnail","6":"product_cat-ring-line","7":"product_tag-2x5-rug","8":"product_tag-bath-mat","9":"product_tag-bedroom-rug","10":"product_tag-cotton-rug","11":"product_tag-hallway-rug","12":"product_tag-kids-rug","13":"product_tag-kitchen-rug","14":"product_tag-play-mat","15":"product_tag-rugs-for-bedroom","16":"product_tag-rugs-for-living-room","17":"product_tag-runner-rug","18":"product_tag-rustic-rug","19":"product_tag-soft-rug","20":"product_shipping_class-small-package","21":"pa_finish-with-fringes","22":"pa_finish-without-fringes","24":"first","25":"instock","26":"taxable","27":"shipping-taxable","28":"purchasable","29":"product-type-variable","30":"has-default-attributes","31":"wvs-archive-product-wrapper"},"acf":[],"gallery_images":[55360,55361,55362,55363,55364,55365,55366,55367],"_links":{"self":[{"href":"https:\/\/www.padaworks.com\/pt\/wp-json\/wp\/v2\/product\/55358","targetHints":{"allow":["GET"]}}],"collection":[{"href":"https:\/\/www.padaworks.com\/pt\/wp-json\/wp\/v2\/product"}],"about":[{"href":"https:\/\/www.padaworks.com\/pt\/wp-json\/wp\/v2\/types\/product"}],"replies":[{"embeddable":true,"href":"https:\/\/www.padaworks.com\/pt\/wp-json\/wp\/v2\/comments?post=55358"}],"wp:featuredmedia":[{"embeddable":true,"href":"https:\/\/www.padaworks.com\/pt\/wp-json\/wp\/v2\/media\/55359"}],"wp:attachment":[{"href":"https:\/\/www.padaworks.com\/pt\/wp-json\/wp\/v2\/media?parent=55358"}],"wp:term":[{"taxonomy":"product_brand","embeddable":true,"href":"https:\/\/www.padaworks.com\/pt\/wp-json\/wp\/v2\/product_brand?post=55358"},{"taxonomy":"product_cat","embeddable":true,"href":"https:\/\/www.padaworks.com\/pt\/wp-json\/wp\/v2\/product_cat?post=55358"},{"taxonomy":"product_tag","embeddable":true,"href":"https:\/\/www.padaworks.com\/pt\/wp-json\/wp\/v2\/product_tag?post=55358"}],"curies":[{"name":"wp","href":"https:\/\/api.w.org\/{rel}","templated":true}]}}