{"id":55321,"date":"2022-06-14T10:22:03","date_gmt":"2022-06-14T10:22:03","guid":{"rendered":"https:\/\/www.padaworks.com\/product\/long-kitchen-rug-blue-and-black-rug-kitchen-runner-floor-mat-runner-rug-area-rug-rustic-rug-farmhouse-rug-vintage-rug\/"},"modified":"2026-02-12T14:34:19","modified_gmt":"2026-02-12T14:34:19","slug":"tapete-de-cozinha-comprido-50x190cm-tapete-tradicional","status":"publish","type":"product","link":"https:\/\/www.padaworks.com\/pt\/product\/tapete-de-cozinha-comprido-50x190cm-tapete-tradicional\/","title":{"rendered":"Tapete de cozinha comprido - 50x190cm - Tapete tradicional"},"content":{"rendered":"<p>Tapete de cozinha comprido<\/p>\n<p>Estes tapetes s\u00e3o robustos, mas muito leves, e podem ser lavados regularmente \u00e0 m\u00e3o ou \u00e0 m\u00e1quina.<br \/>Recomendamos a lavagem a frio ou a 30\u00b0C.<br \/>Acabamento com costura b\u00e1sica.<\/p>\n<p>Fabricado em Portugal<\/p>\n<p>Dimens\u00f5es:<br \/>C - 190cm, L - 50cm<br \/>C - 74,8in, W - 19,7in<br \/>C - 6,23 p\u00e9s, L - 1,64 p\u00e9s<\/p>\n<p>As dimens\u00f5es podem variar ligeiramente.<\/p>","protected":false},"excerpt":{"rendered":"<p>Long Kitchen Rug These rugs are robust, yet very light, and can be regularly washed by hand or machine.We recommend cold washing or to 30\u00b0C.Finished with basic stitching. Made in Portugal Dimensions:L &#8211; 190cm, W &#8211; 50cmL &#8211; 74,8in, W &#8211; 19,7inL &#8211; 6,23ft, W &#8211; 1,64ft The dimensions may vary slightly.<\/p>","protected":false},"featured_media":55322,"comment_status":"open","ping_status":"closed","template":"","meta":{"_acf_changed":false},"product_brand":[],"product_cat":[2730,2719],"product_tag":[1078,293,619,573,466,575,1079,294,480,512,583,579,595],"class_list":{"0":"post-55321","1":"product","2":"type-product","3":"status-publish","4":"has-post-thumbnail","6":"product_cat-traditional","7":"product_cat-special-offers","8":"product_tag-6x2-rug","9":"product_tag-cotton-rug","10":"product_tag-entry-rug","11":"product_tag-housewarming-gift","12":"product_tag-kitchen-mat","13":"product_tag-kitchen-rug","14":"product_tag-long-runner","15":"product_tag-portuguese-rug","16":"product_tag-rag-rug","17":"product_tag-rug-runner","18":"product_tag-rustic-home-decor","19":"product_tag-vintage-runner-rug","20":"product_tag-washable-rug","21":"product_shipping_class-small-package","23":"first","24":"instock","25":"sale","26":"taxable","27":"shipping-taxable","28":"purchasable","29":"product-type-simple"},"acf":[],"gallery_images":[55323,55324,55325,55326,55327,55328,55329,55330],"_links":{"self":[{"href":"https:\/\/www.padaworks.com\/pt\/wp-json\/wp\/v2\/product\/55321","targetHints":{"allow":["GET"]}}],"collection":[{"href":"https:\/\/www.padaworks.com\/pt\/wp-json\/wp\/v2\/product"}],"about":[{"href":"https:\/\/www.padaworks.com\/pt\/wp-json\/wp\/v2\/types\/product"}],"replies":[{"embeddable":true,"href":"https:\/\/www.padaworks.com\/pt\/wp-json\/wp\/v2\/comments?post=55321"}],"wp:featuredmedia":[{"embeddable":true,"href":"https:\/\/www.padaworks.com\/pt\/wp-json\/wp\/v2\/media\/55322"}],"wp:attachment":[{"href":"https:\/\/www.padaworks.com\/pt\/wp-json\/wp\/v2\/media?parent=55321"}],"wp:term":[{"taxonomy":"product_brand","embeddable":true,"href":"https:\/\/www.padaworks.com\/pt\/wp-json\/wp\/v2\/product_brand?post=55321"},{"taxonomy":"product_cat","embeddable":true,"href":"https:\/\/www.padaworks.com\/pt\/wp-json\/wp\/v2\/product_cat?post=55321"},{"taxonomy":"product_tag","embeddable":true,"href":"https:\/\/www.padaworks.com\/pt\/wp-json\/wp\/v2\/product_tag?post=55321"}],"curies":[{"name":"wp","href":"https:\/\/api.w.org\/{rel}","templated":true}]}}