{"id":55304,"date":"2022-06-14T10:19:30","date_gmt":"2022-06-14T10:19:30","guid":{"rendered":"https:\/\/www.padaworks.com\/product\/white-multicolor-portuguese-rooster-20cm\/"},"modified":"2026-04-01T13:43:38","modified_gmt":"2026-04-01T13:43:38","slug":"galo-portugues-multicolor-branco-20cm","status":"publish","type":"product","link":"https:\/\/www.padaworks.com\/pt\/product\/galo-portugues-multicolor-branco-20cm\/","title":{"rendered":"Galo Portugu\u00eas Branco Multicolorido - 20cm"},"content":{"rendered":"<p>Galo pequeno colorido<\/p>\n<p>A figura do galo de Barcelos tem origem na interessante lenda popular que transporta Barcelos para a \u00e9poca medieval, e que conta a hist\u00f3ria de um peregrino a caminho de Santiago de Compostela, que foi milagrosamente salvo da forca, gra\u00e7as a Santiago, quando um galo cantou e se fez ouvir de forma surpreendente.<br \/>Foi a partir dos anos 50 e 60 que o galo de Barcelos se tornou um s\u00edmbolo do turismo nacional e um \u00edcone da identidade de uma na\u00e7\u00e3o.<\/p>\n<p>Com cores vivas, multifacetadas em tamanho e formas, um testemunho das diferen\u00e7as culturais e da variedade etnogr\u00e1fica de Portugal.<br \/>A imagem do galo de Barcelos \u00e9 universal e \u00e9 um s\u00edmbolo da identidade portuguesa presente em muitas partes do mundo, ultrapassando as fronteiras do concelho que lhe deu o nome.<\/p>\n<p>Como estes galos s\u00e3o t\u00e3o bonitos e simb\u00f3licos, avisamos que os padr\u00f5es podem mudar ligeiramente, mas \u00e9 sempre com o mesmo padr\u00e3o de cores.<\/p>\n<p>Feito \u00e0 m\u00e3o<br \/>Pintado \u00e0 m\u00e3o<br \/>Fabricado em Portugal<br \/>As dimens\u00f5es podem variar ligeiramente.<\/p>\n<p>Dimens\u00f5es:<br \/>C - 12 cm, L - 8 cm, A - 20cm<br \/>C - 4,7 pol., L - 3,1 pol., A - 7,9 pol.<\/p>","protected":false},"excerpt":{"rendered":"<p>Small Colorful Rooster The figure of the rooster of Barcelos comes from the interesting popular legend that transports Barcelos to medieval times, and which tells the story of a pilgrim on his way to Santiago de Compostela, who was miraculously saved from the gallows, thanks to Santiago, when a rooster crowed made itself heard in [&hellip;]<\/p>","protected":false},"featured_media":55305,"comment_status":"open","ping_status":"closed","template":"","meta":{"_acf_changed":false},"product_brand":[],"product_cat":[402,1549],"product_tag":[541,550,580,544,545,549,543,573,546,390,547,548,1066],"class_list":{"0":"post-55304","1":"product","2":"type-product","3":"status-publish","4":"has-post-thumbnail","6":"product_cat-pottery","7":"product_cat-roosters","8":"product_tag-barcelos-rooster","9":"product_tag-ceramic-figurine","10":"product_tag-ceramic-sculpture","11":"product_tag-gift-from-portugal","12":"product_tag-good-luck-rooster","13":"product_tag-handmade-ceramics","14":"product_tag-handpainted-rooster","15":"product_tag-housewarming-gift","16":"product_tag-lucky-rooster","17":"product_tag-portuguese-ceramic","18":"product_tag-rooster-decor","19":"product_tag-rooster-figurine","20":"product_tag-rustic-decor","21":"product_shipping_class-small-package","23":"first","24":"instock","25":"sale","26":"taxable","27":"shipping-taxable","28":"purchasable","29":"product-type-simple"},"acf":[],"gallery_images":[55306,55307,55308,55309,55310,55311],"_links":{"self":[{"href":"https:\/\/www.padaworks.com\/pt\/wp-json\/wp\/v2\/product\/55304","targetHints":{"allow":["GET"]}}],"collection":[{"href":"https:\/\/www.padaworks.com\/pt\/wp-json\/wp\/v2\/product"}],"about":[{"href":"https:\/\/www.padaworks.com\/pt\/wp-json\/wp\/v2\/types\/product"}],"replies":[{"embeddable":true,"href":"https:\/\/www.padaworks.com\/pt\/wp-json\/wp\/v2\/comments?post=55304"}],"wp:featuredmedia":[{"embeddable":true,"href":"https:\/\/www.padaworks.com\/pt\/wp-json\/wp\/v2\/media\/55305"}],"wp:attachment":[{"href":"https:\/\/www.padaworks.com\/pt\/wp-json\/wp\/v2\/media?parent=55304"}],"wp:term":[{"taxonomy":"product_brand","embeddable":true,"href":"https:\/\/www.padaworks.com\/pt\/wp-json\/wp\/v2\/product_brand?post=55304"},{"taxonomy":"product_cat","embeddable":true,"href":"https:\/\/www.padaworks.com\/pt\/wp-json\/wp\/v2\/product_cat?post=55304"},{"taxonomy":"product_tag","embeddable":true,"href":"https:\/\/www.padaworks.com\/pt\/wp-json\/wp\/v2\/product_tag?post=55304"}],"curies":[{"name":"wp","href":"https:\/\/api.w.org\/{rel}","templated":true}]}}