{"id":55282,"date":"2022-06-14T10:17:38","date_gmt":"2022-06-14T10:17:38","guid":{"rendered":"https:\/\/www.padaworks.com\/product\/wicker-pet-bed-for-cats-or-small-dogs\/"},"modified":"2026-03-28T04:02:30","modified_gmt":"2026-03-28T04:02:30","slug":"cama-de-vime-para-gatos-ou-caes-pequenos","status":"publish","type":"product","link":"https:\/\/www.padaworks.com\/pt\/product\/cama-de-vime-para-gatos-ou-caes-pequenos\/","title":{"rendered":"Cama de vime para gatos ou c\u00e3es pequenos"},"content":{"rendered":"<p>Cama de vime para animais de estima\u00e7\u00e3o<\/p>\n<p>O aconchego perfeito para o seu c\u00e3ozinho ou gato.<br \/>Inclui uma almofada no interior para que o seu animal de estima\u00e7\u00e3o se sinta confort\u00e1vel.<br \/>Perfeito e compat\u00edvel com a decora\u00e7\u00e3o da sua casa.<\/p>\n<p>Feito \u00e0 m\u00e3o<br \/>Fabricado em Portugal<\/p>\n<p>Dimens\u00f5es:<br \/>C - 40 cm, L - 30 cm, A - 35 cm, Di\u00e2metro de abertura - 21 cm<br \/>C - 15,7 pol., L - 11,8 pol., A - 13,8 pol., Di\u00e2metro de abertura - 8,3 pol.<\/p>\n<p><strong>Para encomendas pendentes, produzimos o artigo e enviamo-lo em 1-2 semanas<\/strong><\/p>","protected":false},"excerpt":{"rendered":"<p>Wicker Pet Bed The perfect snuggle for your little dog or cat.It includes a pillow inside so that your pet is comfortable.Perfect and compatible with your home decor. Artisan MadeMade in Portugal Dimensions:L &#8211; 40 cm, W &#8211; 30 cm, H &#8211; 35 cm, Opening Diameter &#8211; 21 cmL &#8211; 15,7 in, W &#8211; 11,8 [&hellip;]<\/p>","protected":false},"featured_media":55283,"comment_status":"open","ping_status":"open","template":"","meta":{"_acf_changed":false},"product_brand":[],"product_cat":[509,1064],"product_tag":[1061,1054,1053,1060,1052,1058,1062,1056,1057,1059,1055,679,439],"class_list":{"0":"post-55282","1":"product","2":"type-product","3":"status-publish","4":"has-post-thumbnail","6":"product_cat-pet-supplies","7":"product_cat-beds-and-cots","8":"product_tag-cat-accessories","9":"product_tag-cat-gift","10":"product_tag-cat-lover-gift","11":"product_tag-dog-accessories","12":"product_tag-dog-basket","13":"product_tag-dog-beds","14":"product_tag-dog-lover-gift","15":"product_tag-gift-for-cat","16":"product_tag-gift-for-dog","17":"product_tag-modern-dog-bed","18":"product_tag-pet-beds","19":"product_tag-vintage-basket","20":"product_tag-wicker-basket","21":"product_shipping_class-small-package","23":"first","24":"instock","25":"taxable","26":"shipping-taxable","27":"purchasable","28":"product-type-variable","29":"has-default-attributes","30":"wvs-archive-product-wrapper"},"acf":[],"gallery_images":[55284,55285,55286,55287,55288,61167],"_links":{"self":[{"href":"https:\/\/www.padaworks.com\/pt\/wp-json\/wp\/v2\/product\/55282","targetHints":{"allow":["GET"]}}],"collection":[{"href":"https:\/\/www.padaworks.com\/pt\/wp-json\/wp\/v2\/product"}],"about":[{"href":"https:\/\/www.padaworks.com\/pt\/wp-json\/wp\/v2\/types\/product"}],"replies":[{"embeddable":true,"href":"https:\/\/www.padaworks.com\/pt\/wp-json\/wp\/v2\/comments?post=55282"}],"wp:featuredmedia":[{"embeddable":true,"href":"https:\/\/www.padaworks.com\/pt\/wp-json\/wp\/v2\/media\/55283"}],"wp:attachment":[{"href":"https:\/\/www.padaworks.com\/pt\/wp-json\/wp\/v2\/media?parent=55282"}],"wp:term":[{"taxonomy":"product_brand","embeddable":true,"href":"https:\/\/www.padaworks.com\/pt\/wp-json\/wp\/v2\/product_brand?post=55282"},{"taxonomy":"product_cat","embeddable":true,"href":"https:\/\/www.padaworks.com\/pt\/wp-json\/wp\/v2\/product_cat?post=55282"},{"taxonomy":"product_tag","embeddable":true,"href":"https:\/\/www.padaworks.com\/pt\/wp-json\/wp\/v2\/product_tag?post=55282"}],"curies":[{"name":"wp","href":"https:\/\/api.w.org\/{rel}","templated":true}]}}