{"id":55239,"date":"2022-06-14T10:14:46","date_gmt":"2022-06-14T10:14:46","guid":{"rendered":"https:\/\/www.padaworks.com\/product\/set-of-3-bathroom-rugs-white-rug-handmade-rug-cotton-rug-minimalist-rug-bathroom-rug-washable-rug-rustic-home-decor\/"},"modified":"2026-03-06T22:02:11","modified_gmt":"2026-03-06T22:02:11","slug":"conjunto-de-3-tapetes-de-casa-de-banho-tapete-branco-tapete-feito-a-mao-tapete-de-algodao-tapete-minimalista-tapete-de-casa-de-banho-tapete-lavavel-tapete-rustico-decoracao-de-casa","status":"publish","type":"product","link":"https:\/\/www.padaworks.com\/pt\/product\/conjunto-de-3-tapetes-de-casa-de-banho-tapete-branco-tapete-feito-a-mao-tapete-de-algodao-tapete-minimalista-tapete-de-casa-de-banho-tapete-lavavel-tapete-rustico-decoracao-de-casa\/","title":{"rendered":"Conjunto de 3 tapetes de casa de banho Branco - Tapete atado"},"content":{"rendered":"<p>Conjunto de 3 tapetes de casa de banho<\/p>\n<p>Este tapete \u00e9 tecido num tear manual com tecidos reutilizados de f\u00e1bricas t\u00eaxteis.<br \/>Estes tapetes s\u00e3o robustos, mas muito leves, e podem ser lavados regularmente \u00e0 m\u00e3o ou \u00e0 m\u00e1quina.<br \/>Para al\u00e9m de serem ecol\u00f3gicos, uma vez que reutilizam mat\u00e9ria-prima desperdi\u00e7ada pela ind\u00fastria, s\u00e3o muito mais saud\u00e1veis do que os tapetes de fibras sint\u00e9ticas.<br \/>Recomendamos a lavagem a frio ou a 30\u00b0C.<\/p>\n<p>Feito \u00e0 m\u00e3o<br \/>Fabricado em Portugal<\/p>\n<p>Dimens\u00f5es:<br \/>1x<br \/>C - 95 cm, L - 50 cm<br \/>C - 37,4 pol., L - 19,7 pol.<br \/>C - 3,1 p\u00e9s, L - 1,6 p\u00e9s<\/p>\n<p>2x<br \/>C - 57 cm, L - 50 cm<br \/>C - 22,4 pol., L - 19,7 pol.<br \/>C - 1,9 p\u00e9s, L - 1,6 p\u00e9s<\/p>\n<p>As dimens\u00f5es podem variar ligeiramente.<\/p>","protected":false},"excerpt":{"rendered":"<p>Set of 3 Bathroom Rugs This rug is woven in a manual loom with fabrics reused from textile factories.These rugs are robust, yet very light, and can be regularly washed by hand or machine.In addition to being ecological, as they reuse raw material wasted by the industry, they are much healthier than synthetic fiber rugs.We [&hellip;]<\/p>","protected":false},"featured_media":55240,"comment_status":"open","ping_status":"open","template":"","meta":{"_acf_changed":false},"product_brand":[],"product_cat":[2731],"product_tag":[618,589,885,720,478,591,420,475,573,480,296,817,623],"class_list":{"0":"post-55239","1":"product","2":"type-product","3":"status-publish","4":"has-post-thumbnail","6":"product_cat-knotted","7":"product_tag-bath-mat","8":"product_tag-bath-rug","9":"product_tag-bathroom-decor","10":"product_tag-bathroom-mat","11":"product_tag-boho-rug","12":"product_tag-farmhouse-rug","13":"product_tag-handmade-rug","14":"product_tag-handwoven-rug","15":"product_tag-housewarming-gift","16":"product_tag-rag-rug","17":"product_tag-recycled-rug","18":"product_tag-shower-mat","19":"product_tag-vintage-rug","20":"product_shipping_class-small-package","22":"first","23":"onbackorder","24":"taxable","25":"shipping-taxable","26":"purchasable","27":"product-type-simple"},"acf":[],"gallery_images":[55241,55242,55243,55244,55245,55246,55247,55248],"_links":{"self":[{"href":"https:\/\/www.padaworks.com\/pt\/wp-json\/wp\/v2\/product\/55239","targetHints":{"allow":["GET"]}}],"collection":[{"href":"https:\/\/www.padaworks.com\/pt\/wp-json\/wp\/v2\/product"}],"about":[{"href":"https:\/\/www.padaworks.com\/pt\/wp-json\/wp\/v2\/types\/product"}],"replies":[{"embeddable":true,"href":"https:\/\/www.padaworks.com\/pt\/wp-json\/wp\/v2\/comments?post=55239"}],"wp:featuredmedia":[{"embeddable":true,"href":"https:\/\/www.padaworks.com\/pt\/wp-json\/wp\/v2\/media\/55240"}],"wp:attachment":[{"href":"https:\/\/www.padaworks.com\/pt\/wp-json\/wp\/v2\/media?parent=55239"}],"wp:term":[{"taxonomy":"product_brand","embeddable":true,"href":"https:\/\/www.padaworks.com\/pt\/wp-json\/wp\/v2\/product_brand?post=55239"},{"taxonomy":"product_cat","embeddable":true,"href":"https:\/\/www.padaworks.com\/pt\/wp-json\/wp\/v2\/product_cat?post=55239"},{"taxonomy":"product_tag","embeddable":true,"href":"https:\/\/www.padaworks.com\/pt\/wp-json\/wp\/v2\/product_tag?post=55239"}],"curies":[{"name":"wp","href":"https:\/\/api.w.org\/{rel}","templated":true}]}}