{"id":55148,"date":"2022-06-14T10:05:54","date_gmt":"2022-06-14T10:05:54","guid":{"rendered":"https:\/\/www.padaworks.com\/product\/nursery-rug-small-white-rug-cotton-rug-bathroom-rug-bath-mat-bedside-rug-kitchen-rug-washable-rug-hallway-rug\/"},"modified":"2026-03-06T09:50:18","modified_gmt":"2026-03-06T09:50:18","slug":"tapete-para-quarto-de-crianca-tapete-branco-pequeno-tapete-de-algodao-tapete-de-casa-de-banho-tapete-de-cabeceira-tapete-de-cozinha-tapete-lavavel-tapete-para-corredor","status":"publish","type":"product","link":"https:\/\/www.padaworks.com\/pt\/product\/tapete-para-quarto-de-crianca-tapete-branco-pequeno-tapete-de-algodao-tapete-de-casa-de-banho-tapete-de-cabeceira-tapete-de-cozinha-tapete-lavavel-tapete-para-corredor\/","title":{"rendered":"Tapete branco pequeno - 50x100cm - Tapete atado"},"content":{"rendered":"<p>Tapete branco pequeno<\/p>\n<p>Este tapete \u00e9 tecido num tear manual com tecidos reutilizados.<br \/>Estes tapetes s\u00e3o robustos, leves e podem ser lavados regularmente \u00e0 m\u00e3o ou \u00e0 m\u00e1quina.<br \/>\u00c9 ecol\u00f3gico porque reutiliza a mat\u00e9ria-prima desperdi\u00e7ada pela ind\u00fastria t\u00eaxtil.<br \/>Recomendamos a lavagem a frio ou a 30\u00b0C.<br \/>Uma vez que este tapete \u00e9 fabricado com produtos reciclados das ind\u00fastrias t\u00eaxteis, pode haver ligeiras varia\u00e7\u00f5es de cor.<\/p>\n<p>Feito \u00e0 m\u00e3o<br \/>Fabricado em Portugal<\/p>\n<p>Dimens\u00f5es:<br \/>C - 100 cm, L - 50 cm<br \/>C - 39,4 pol., L - 19,7 pol.<br \/>C - 3,3 p\u00e9s, L - 1,6 p\u00e9s<\/p>\n<p>As dimens\u00f5es podem variar ligeiramente.<\/p>","protected":false},"excerpt":{"rendered":"<p>Small White Rug This rug is woven in a manual loom with fabrics reused.These rugs are robust, light, and can be regularly washed by hand or machine.It is ecological because they reuse raw material wasted by the textil industry.We recommend cold washing or to 30\u00b0C.Since this rug is made with recycled products from the textile [&hellip;]<\/p>","protected":false},"featured_media":55149,"comment_status":"open","ping_status":"open","template":"","meta":{"_acf_changed":false},"product_brand":[],"product_cat":[2731],"product_tag":[621,465,478,588,590,479,420,294,480,476,576,622,620],"class_list":{"0":"post-55148","1":"product","2":"type-product","3":"status-publish","4":"has-post-thumbnail","6":"product_cat-knotted","7":"product_tag-2x3-rug","8":"product_tag-bedroom-rug","9":"product_tag-boho-rug","10":"product_tag-door-mat","11":"product_tag-floor-mat","12":"product_tag-gift-for-her","13":"product_tag-handmade-rug","14":"product_tag-portuguese-rug","15":"product_tag-rag-rug","16":"product_tag-recycled-rugs","17":"product_tag-room-rug","18":"product_tag-vegan-rug","19":"product_tag-woven-rug","20":"product_shipping_class-small-package","22":"first","23":"instock","24":"taxable","25":"shipping-taxable","26":"purchasable","27":"product-type-simple"},"acf":[],"gallery_images":[55150,55151,55152,55153,55154,55155,55156,55157,55158],"_links":{"self":[{"href":"https:\/\/www.padaworks.com\/pt\/wp-json\/wp\/v2\/product\/55148","targetHints":{"allow":["GET"]}}],"collection":[{"href":"https:\/\/www.padaworks.com\/pt\/wp-json\/wp\/v2\/product"}],"about":[{"href":"https:\/\/www.padaworks.com\/pt\/wp-json\/wp\/v2\/types\/product"}],"replies":[{"embeddable":true,"href":"https:\/\/www.padaworks.com\/pt\/wp-json\/wp\/v2\/comments?post=55148"}],"wp:featuredmedia":[{"embeddable":true,"href":"https:\/\/www.padaworks.com\/pt\/wp-json\/wp\/v2\/media\/55149"}],"wp:attachment":[{"href":"https:\/\/www.padaworks.com\/pt\/wp-json\/wp\/v2\/media?parent=55148"}],"wp:term":[{"taxonomy":"product_brand","embeddable":true,"href":"https:\/\/www.padaworks.com\/pt\/wp-json\/wp\/v2\/product_brand?post=55148"},{"taxonomy":"product_cat","embeddable":true,"href":"https:\/\/www.padaworks.com\/pt\/wp-json\/wp\/v2\/product_cat?post=55148"},{"taxonomy":"product_tag","embeddable":true,"href":"https:\/\/www.padaworks.com\/pt\/wp-json\/wp\/v2\/product_tag?post=55148"}],"curies":[{"name":"wp","href":"https:\/\/api.w.org\/{rel}","templated":true}]}}