{"id":55113,"date":"2022-06-14T10:01:01","date_gmt":"2022-06-14T10:01:01","guid":{"rendered":"https:\/\/www.padaworks.com\/product\/straw-basket-bag-summer-bag-market-bag-french-basket-market-vegan-bag-boho-bag-vintage-bag-straw-handbag-beach-bag\/"},"modified":"2026-01-03T03:59:05","modified_gmt":"2026-01-03T03:59:05","slug":"saco-de-cesto-de-palha-saco-de-verao-saco-de-mercado-saco-de-cesto-frances-saco-vegan-saco-boho-saco-vintage-saco-de-palha-saco-de-mao-saco-de-praia","status":"publish","type":"product","link":"https:\/\/www.padaworks.com\/pt\/product\/saco-de-cesto-de-palha-saco-de-verao-saco-de-mercado-saco-de-cesto-frances-saco-vegan-saco-boho-saco-vintage-saco-de-palha-saco-de-mao-saco-de-praia\/","title":{"rendered":"Mala de cesto de palha"},"content":{"rendered":"<p>Mala de cesto de palha<\/p>\n<p>Com forro interior em algod\u00e3o 100%. Forro cosido \u00e0 m\u00e3o.<br \/>Feito \u00e0 m\u00e3o<br \/>Fabricado em Portugal<\/p>\n<p>Dimens\u00f5es:<br \/>M\u00c9DIO<br \/>C - 29 cm, L - 13 cm, A - 22 cm<br \/>C - 11,4 pol., L - 5,1 pol., A - 8,7 pol.<\/p>\n<p>As dimens\u00f5es do saco podem variar ligeiramente<\/p>","protected":false},"excerpt":{"rendered":"<p>Straw Basket Bag With lining inside 100% cotton. Hand-sewn lining.Artisan MadeMade in Portugal Dimensions:MEDIUML &#8211; 29 cm, W &#8211; 13 cm, H &#8211; 22 cmL &#8211; 11,4 in, W &#8211; 5,1 in, H &#8211; 8,7 in The dimensions of the bag may vary slightly<\/p>","protected":false},"featured_media":55114,"comment_status":"open","ping_status":"closed","template":"","meta":{"_acf_changed":false},"product_brand":[],"product_cat":[2735],"product_tag":[302,1003,455,388,598,780,779,345,344,385,355,347,350],"class_list":{"0":"post-55113","1":"product","2":"type-product","3":"status-publish","4":"has-post-thumbnail","6":"product_cat-straw-bags","7":"product_tag-basket-bag","8":"product_tag-ecofriendly-bag","9":"product_tag-flower-girl-basket","10":"product_tag-french-basket-bag","11":"product_tag-gift-bag","12":"product_tag-hand-bag","13":"product_tag-market-basket-bag","14":"product_tag-small-straw-bag","15":"product_tag-straw-bag","16":"product_tag-straw-beach-bag","17":"product_tag-straw-market-bag","18":"product_tag-straw-purse","19":"product_tag-straw-shoulder-bag","20":"product_shipping_class-small-package","22":"first","23":"instock","24":"taxable","25":"shipping-taxable","26":"purchasable","27":"product-type-simple"},"acf":[],"gallery_images":[55115,55116,55117],"_links":{"self":[{"href":"https:\/\/www.padaworks.com\/pt\/wp-json\/wp\/v2\/product\/55113","targetHints":{"allow":["GET"]}}],"collection":[{"href":"https:\/\/www.padaworks.com\/pt\/wp-json\/wp\/v2\/product"}],"about":[{"href":"https:\/\/www.padaworks.com\/pt\/wp-json\/wp\/v2\/types\/product"}],"replies":[{"embeddable":true,"href":"https:\/\/www.padaworks.com\/pt\/wp-json\/wp\/v2\/comments?post=55113"}],"wp:featuredmedia":[{"embeddable":true,"href":"https:\/\/www.padaworks.com\/pt\/wp-json\/wp\/v2\/media\/55114"}],"wp:attachment":[{"href":"https:\/\/www.padaworks.com\/pt\/wp-json\/wp\/v2\/media?parent=55113"}],"wp:term":[{"taxonomy":"product_brand","embeddable":true,"href":"https:\/\/www.padaworks.com\/pt\/wp-json\/wp\/v2\/product_brand?post=55113"},{"taxonomy":"product_cat","embeddable":true,"href":"https:\/\/www.padaworks.com\/pt\/wp-json\/wp\/v2\/product_cat?post=55113"},{"taxonomy":"product_tag","embeddable":true,"href":"https:\/\/www.padaworks.com\/pt\/wp-json\/wp\/v2\/product_tag?post=55113"}],"curies":[{"name":"wp","href":"https:\/\/api.w.org\/{rel}","templated":true}]}}