{"id":55097,"date":"2022-06-14T10:00:30","date_gmt":"2022-06-14T10:00:30","guid":{"rendered":"https:\/\/www.padaworks.com\/product\/wicker-bread-box\/"},"modified":"2026-04-28T17:16:53","modified_gmt":"2026-04-28T17:16:53","slug":"caixa-de-pao-de-vime","status":"publish","type":"product","link":"https:\/\/www.padaworks.com\/pt\/product\/caixa-de-pao-de-vime\/","title":{"rendered":"Caixa de p\u00e3o de vime"},"content":{"rendered":"<p>Caixa de p\u00e3o de vime<\/p>\n<p>Cesto tecido \u00e0 m\u00e3o em vime natural. Dispon\u00edvel nas cores castanho ou bege.<br \/>\n\u00c9 um produto totalmente feito \u00e0 m\u00e3o, amigo do ambiente e sustent\u00e1vel!<\/p>\n<p>Feito \u00e0 m\u00e3o<br \/>\nFeito em Portugal com produtos portugueses, dedica\u00e7\u00e3o e amor!!<\/p>\n<p>Dimens\u00f5es:<br \/>\nC - 40 cm, L - 24 cm, A - 21 cm<br \/>\nC - 15,7 pol., L - 9,4 pol., A - 8,3 pol.<\/p>\n<p>As dimens\u00f5es podem variar ligeiramente.<\/p>","protected":false},"excerpt":{"rendered":"<p>Wicker Bread Box Handwoven basket made with natural wicker. Available in brown or beige colors. It is an all handmade product, environmentally friendly and sustainable! Artisan Made Made in Portugal with portuguese products, dedication and love!! Dimensions: L &#8211; 40 cm, W &#8211; 24 cm, H &#8211; 21 cm L &#8211; 15,7 in, W &#8211; [&hellip;]<\/p>","protected":false},"featured_media":55098,"comment_status":"open","ping_status":"closed","template":"","meta":{"_acf_changed":false},"product_brand":[],"product_cat":[2720,2721],"product_tag":[995,330,998,996,1000,1001,329,691,999,312,439,326,997],"class_list":{"0":"post-55097","1":"product","2":"type-product","3":"status-publish","4":"has-post-thumbnail","6":"product_cat-kitchen-storage","7":"product_cat-decorative","8":"product_tag-bread-basket","9":"product_tag-bread-box","10":"product_tag-bread-box-vintage","11":"product_tag-bread-storage","12":"product_tag-decorative-box","13":"product_tag-farmhouse-kitchen","14":"product_tag-food-storage","15":"product_tag-fruits-basket","16":"product_tag-stash-box","17":"product_tag-storage-basket","18":"product_tag-wicker-basket","19":"product_tag-wicker-bread-box","20":"product_tag-wood-bread-box","21":"product_shipping_class-small-package","23":"first","24":"instock","25":"taxable","26":"shipping-taxable","27":"purchasable","28":"product-type-variable","29":"has-default-attributes","30":"wvs-archive-product-wrapper"},"acf":[],"gallery_images":[55099,55100,55101,55102,55103,55104,55105,55106,55107,55108,55109,55110,55111,55112,65001],"_links":{"self":[{"href":"https:\/\/www.padaworks.com\/pt\/wp-json\/wp\/v2\/product\/55097","targetHints":{"allow":["GET"]}}],"collection":[{"href":"https:\/\/www.padaworks.com\/pt\/wp-json\/wp\/v2\/product"}],"about":[{"href":"https:\/\/www.padaworks.com\/pt\/wp-json\/wp\/v2\/types\/product"}],"replies":[{"embeddable":true,"href":"https:\/\/www.padaworks.com\/pt\/wp-json\/wp\/v2\/comments?post=55097"}],"wp:featuredmedia":[{"embeddable":true,"href":"https:\/\/www.padaworks.com\/pt\/wp-json\/wp\/v2\/media\/55098"}],"wp:attachment":[{"href":"https:\/\/www.padaworks.com\/pt\/wp-json\/wp\/v2\/media?parent=55097"}],"wp:term":[{"taxonomy":"product_brand","embeddable":true,"href":"https:\/\/www.padaworks.com\/pt\/wp-json\/wp\/v2\/product_brand?post=55097"},{"taxonomy":"product_cat","embeddable":true,"href":"https:\/\/www.padaworks.com\/pt\/wp-json\/wp\/v2\/product_cat?post=55097"},{"taxonomy":"product_tag","embeddable":true,"href":"https:\/\/www.padaworks.com\/pt\/wp-json\/wp\/v2\/product_tag?post=55097"}],"curies":[{"name":"wp","href":"https:\/\/api.w.org\/{rel}","templated":true}]}}