{"id":55052,"date":"2022-06-14T09:58:10","date_gmt":"2022-06-14T09:58:10","guid":{"rendered":"https:\/\/www.padaworks.com\/product\/bird-house-castle-design-small\/"},"modified":"2025-11-19T09:28:47","modified_gmt":"2025-11-19T09:28:47","slug":"casa-de-passaros-castelo-design-pequeno","status":"publish","type":"product","link":"https:\/\/www.padaworks.com\/pt\/product\/casa-de-passaros-castelo-design-pequeno\/","title":{"rendered":"Casa de P\u00e1ssaro Design de Castelo - Madeira Reciclada Natural"},"content":{"rendered":"<p>Gaiola para p\u00e1ssaros totalmente feita \u00e0 m\u00e3o<\/p>\n<p>Esta gaiola \u00e9 toda feita \u00e0 m\u00e3o com madeira reutilizada.<br \/>Esta madeira \u00e9 recolhida nos centros de res\u00edduos e transformada nesta bela gaiola.<br \/>Inclui dois comedouros<\/p>\n<p>Dimens\u00f5es :<br \/>C - 40 cm, L - 24 cm, A - 42 cm<br \/>C - 15,7 pol., L - 9,4 pol., A - 16,5 pol.<\/p>\n<p>As dimens\u00f5es podem variar ligeiramente.<\/p>","protected":false},"excerpt":{"rendered":"<p>Bird Cage Full Handmade This cage is all handmade with reused wood.This wood is collected from waste centers and transformed into this beautiful cage.Included two feeders Dimensions :L &#8211; 40 cm, W &#8211; 24 cm, H &#8211; 42 cmL &#8211; 15,7 in, W &#8211; 9,4 in, H &#8211; 16,5 in The dimensions may vary slightly.<\/p>","protected":false},"featured_media":55053,"comment_status":"open","ping_status":"open","template":"","meta":{"_acf_changed":false},"product_brand":[],"product_cat":[509,132],"product_tag":[570,567,507,565,561,504,501,508,977,505,976,499,569],"class_list":{"0":"post-55052","1":"product","2":"type-product","3":"status-publish","4":"has-post-thumbnail","6":"product_cat-pet-supplies","7":"product_cat-bird-cages","8":"product_tag-antique-bird-cage","9":"product_tag-aviary-cage","10":"product_tag-bird-cage-decor","11":"product_tag-bird-cage-wood","12":"product_tag-birds-cage","13":"product_tag-budgie-cage","14":"product_tag-finch-cage","15":"product_tag-gift-for-pet-bird","16":"product_tag-silvestrism-cage","17":"product_tag-vintage-bird-cage","18":"product_tag-wood-cage","19":"product_tag-wooden-bird-cage","20":"product_tag-wooden-bird-cages","21":"product_shipping_class-large-package","23":"first","24":"instock","25":"sale","26":"taxable","27":"shipping-taxable","28":"purchasable","29":"product-type-simple"},"acf":[],"gallery_images":[55054,55055,55056,55057,55058,55059],"_links":{"self":[{"href":"https:\/\/www.padaworks.com\/pt\/wp-json\/wp\/v2\/product\/55052","targetHints":{"allow":["GET"]}}],"collection":[{"href":"https:\/\/www.padaworks.com\/pt\/wp-json\/wp\/v2\/product"}],"about":[{"href":"https:\/\/www.padaworks.com\/pt\/wp-json\/wp\/v2\/types\/product"}],"replies":[{"embeddable":true,"href":"https:\/\/www.padaworks.com\/pt\/wp-json\/wp\/v2\/comments?post=55052"}],"wp:featuredmedia":[{"embeddable":true,"href":"https:\/\/www.padaworks.com\/pt\/wp-json\/wp\/v2\/media\/55053"}],"wp:attachment":[{"href":"https:\/\/www.padaworks.com\/pt\/wp-json\/wp\/v2\/media?parent=55052"}],"wp:term":[{"taxonomy":"product_brand","embeddable":true,"href":"https:\/\/www.padaworks.com\/pt\/wp-json\/wp\/v2\/product_brand?post=55052"},{"taxonomy":"product_cat","embeddable":true,"href":"https:\/\/www.padaworks.com\/pt\/wp-json\/wp\/v2\/product_cat?post=55052"},{"taxonomy":"product_tag","embeddable":true,"href":"https:\/\/www.padaworks.com\/pt\/wp-json\/wp\/v2\/product_tag?post=55052"}],"curies":[{"name":"wp","href":"https:\/\/api.w.org\/{rel}","templated":true}]}}