{"id":55009,"date":"2022-06-14T09:54:41","date_gmt":"2022-06-14T09:54:41","guid":{"rendered":"https:\/\/www.padaworks.com\/product\/large-pine-green-rug-vintage-rug-cotton-rug-soft-rug-rugs-for-living-room-area-rugs-room-rug-farmhouse-rug-rugs-for-bedroom\/"},"modified":"2026-02-20T23:33:10","modified_gmt":"2026-02-20T23:33:10","slug":"tapete-verde-pinho-grande-tapete-vintage-tapete-de-algodao-tapete-macio-tapetes-para-sala-de-estar-tapetes-de-area-tapete-de-sala-tapete-de-casa-de-campo-tapetes-para-quarto","status":"publish","type":"product","link":"https:\/\/www.padaworks.com\/pt\/product\/tapete-verde-pinho-grande-tapete-vintage-tapete-de-algodao-tapete-macio-tapetes-para-sala-de-estar-tapetes-de-area-tapete-de-sala-tapete-de-casa-de-campo-tapetes-para-quarto\/","title":{"rendered":"Tapete grande verde pinho - 140x200cm - Tapete de argolas"},"content":{"rendered":"<p>Tapete verde pinho grande<\/p>\n<p>Estes tapetes s\u00e3o robustos, mas muito leves, e podem ser lavados regularmente \u00e0 m\u00e3o ou \u00e0 m\u00e1quina.<br \/>Para al\u00e9m de serem ecol\u00f3gicos, uma vez que reutilizam mat\u00e9ria-prima desperdi\u00e7ada pela ind\u00fastria, s\u00e3o muito mais saud\u00e1veis do que os tapetes de fibras sint\u00e9ticas.<br \/>Recomendamos a lavagem a frio ou a 30\u00b0C.<\/p>\n<p>Feito \u00e0 m\u00e3o<br \/>Fabricado em Portugal<\/p>\n<p>\u00c9 poss\u00edvel fazer um tamanho personalizado deste bonito tapete, at\u00e9 um m\u00e1ximo de 200 cm de um lado. Temos mais cores dispon\u00edveis, por favor veja a sua cor favorita na galeria para que possamos fazer o tapete perfeito para si!<br \/>Tamb\u00e9m \u00e9 poss\u00edvel fazer este tapete sem franjas. Neste caso, o acabamento \u00e9 feito com costura na cor do tapete.<\/p>\n<p>Dimens\u00f5es:<br \/>C - 200 cm, L - 140 cm<br \/>C - 78,7 pol., L - 55,1 pol.<br \/>C - 6,6 p\u00e9s, L - 4,6 p\u00e9s<\/p>\n<p>As dimens\u00f5es podem variar ligeiramente.<\/p>","protected":false},"excerpt":{"rendered":"<p>Large Pine Green Rug These rugs are robust, yet very light, and can be regularly washed by hand or machine.In addition to being ecological, as they reuse raw material wasted by the industry, they are much healthier than synthetic fiber rugs.We recommend cold washing or to 30\u00b0C. Artisan MadeMade in Portugal It is possible to [&hellip;]<\/p>","protected":false},"featured_media":55010,"comment_status":"open","ping_status":"open","template":"","meta":{"_acf_changed":false},"product_brand":[],"product_cat":[2729],"product_tag":[655,421,465,961,871,585,590,650,596,475,466,581,960],"class_list":{"0":"post-55009","1":"product","2":"type-product","3":"status-publish","4":"has-post-thumbnail","6":"product_cat-ring-line","7":"product_tag-5x7-rug","8":"product_tag-bathroom-rug","9":"product_tag-bedroom-rug","10":"product_tag-cotton-carpet-rug","11":"product_tag-custom-size-rug","12":"product_tag-entryway-rug","13":"product_tag-floor-mat","14":"product_tag-green-rug","15":"product_tag-hallway-rug","16":"product_tag-handwoven-rug","17":"product_tag-kitchen-mat","18":"product_tag-living-room-rug","19":"product_tag-queen-bed-rug","20":"product_shipping_class-small-package","21":"pa_finish-with-fringes","22":"pa_finish-without-fringes","24":"first","25":"instock","26":"taxable","27":"shipping-taxable","28":"purchasable","29":"product-type-variable","30":"has-default-attributes","31":"wvs-archive-product-wrapper"},"acf":[],"gallery_images":[55011,55012,55013,55015],"_links":{"self":[{"href":"https:\/\/www.padaworks.com\/pt\/wp-json\/wp\/v2\/product\/55009","targetHints":{"allow":["GET"]}}],"collection":[{"href":"https:\/\/www.padaworks.com\/pt\/wp-json\/wp\/v2\/product"}],"about":[{"href":"https:\/\/www.padaworks.com\/pt\/wp-json\/wp\/v2\/types\/product"}],"replies":[{"embeddable":true,"href":"https:\/\/www.padaworks.com\/pt\/wp-json\/wp\/v2\/comments?post=55009"}],"wp:featuredmedia":[{"embeddable":true,"href":"https:\/\/www.padaworks.com\/pt\/wp-json\/wp\/v2\/media\/55010"}],"wp:attachment":[{"href":"https:\/\/www.padaworks.com\/pt\/wp-json\/wp\/v2\/media?parent=55009"}],"wp:term":[{"taxonomy":"product_brand","embeddable":true,"href":"https:\/\/www.padaworks.com\/pt\/wp-json\/wp\/v2\/product_brand?post=55009"},{"taxonomy":"product_cat","embeddable":true,"href":"https:\/\/www.padaworks.com\/pt\/wp-json\/wp\/v2\/product_cat?post=55009"},{"taxonomy":"product_tag","embeddable":true,"href":"https:\/\/www.padaworks.com\/pt\/wp-json\/wp\/v2\/product_tag?post=55009"}],"curies":[{"name":"wp","href":"https:\/\/api.w.org\/{rel}","templated":true}]}}