{"id":54908,"date":"1970-01-01T00:00:00","date_gmt":"1970-01-01T00:00:00","guid":{"rendered":"https:\/\/www.padaworks.com\/product\/wicker-picnic-basket-red-small\/"},"modified":"2026-02-20T23:32:14","modified_gmt":"2026-02-20T23:32:14","slug":"cesto-de-piquenique-de-vime-red-pequeno","status":"publish","type":"product","link":"https:\/\/www.padaworks.com\/pt\/product\/cesto-de-piquenique-de-vime-red-pequeno\/","title":{"rendered":"Cesto de piquenique em vime - Vermelho - Pequeno"},"content":{"rendered":"<p>Cesto de piquenique em vime - Vermelho - Pequeno<\/p>\n<p>Perfeito para um piquenique com a fam\u00edlia e os amigos.<br \/>Pr\u00e1tico para transportar alimentos para a praia, jardins ou campo.<br \/>\u00c9 um produto totalmente feito \u00e0 m\u00e3o, amigo do ambiente e sustent\u00e1vel!<\/p>\n<p>Com forro no interior<br \/>Feito \u00e0 m\u00e3o<br \/>Fabricado em Portugal<\/p>\n<p>Dimens\u00f5es:<br \/>C - 36 cm, L - 25 cm, A - 21 cm, A com pega - 34 cm<br \/>C - 14,2 pol., L - 9,8 pol., A - 8,3 pol., A com pega - 13,4 pol.<\/p>\n<p>As dimens\u00f5es podem variar ligeiramente<\/p>","protected":false},"excerpt":{"rendered":"<p>Wicker Picnic Basket &#8211; Red &#8211; Small Perfect for a picnic with family and friends.Practical for transporting food to the beach, gardens or countryside.It is an all handmade product, environmentally friendly and sustainable! With lining insideArtisan MadeMade in Portugal Dimensions:L &#8211; 36 cm, W &#8211; 25 cm, H &#8211; 21 cm, H with handle &#8211; [&hellip;]<\/p>","protected":false},"featured_media":54909,"comment_status":"open","ping_status":"open","template":"","meta":{"_acf_changed":false},"product_brand":[],"product_cat":[448],"product_tag":[441,924,309,442,443,203,336,438,437,312,440,439,521],"class_list":{"0":"post-54908","1":"product","2":"type-product","3":"status-publish","4":"has-post-thumbnail","6":"product_cat-picnic","7":"product_tag-food-basket","8":"product_tag-foraging-basket","9":"product_tag-fruit-basket","10":"product_tag-garden-basket","11":"product_tag-gathering-basket","12":"product_tag-picnic","13":"product_tag-picnic-basket","14":"product_tag-picnic-basket-for-2","15":"product_tag-picnic-basket-set","16":"product_tag-storage-basket","17":"product_tag-vintage-picnic","18":"product_tag-wicker-basket","19":"product_tag-wicker-picnic-basket","20":"product_shipping_class-small-package","22":"first","23":"instock","24":"sale","25":"taxable","26":"shipping-taxable","27":"purchasable","28":"product-type-simple"},"acf":[],"gallery_images":[54910,54911,54912,54913,54914,54915,54916],"_links":{"self":[{"href":"https:\/\/www.padaworks.com\/pt\/wp-json\/wp\/v2\/product\/54908","targetHints":{"allow":["GET"]}}],"collection":[{"href":"https:\/\/www.padaworks.com\/pt\/wp-json\/wp\/v2\/product"}],"about":[{"href":"https:\/\/www.padaworks.com\/pt\/wp-json\/wp\/v2\/types\/product"}],"replies":[{"embeddable":true,"href":"https:\/\/www.padaworks.com\/pt\/wp-json\/wp\/v2\/comments?post=54908"}],"wp:featuredmedia":[{"embeddable":true,"href":"https:\/\/www.padaworks.com\/pt\/wp-json\/wp\/v2\/media\/54909"}],"wp:attachment":[{"href":"https:\/\/www.padaworks.com\/pt\/wp-json\/wp\/v2\/media?parent=54908"}],"wp:term":[{"taxonomy":"product_brand","embeddable":true,"href":"https:\/\/www.padaworks.com\/pt\/wp-json\/wp\/v2\/product_brand?post=54908"},{"taxonomy":"product_cat","embeddable":true,"href":"https:\/\/www.padaworks.com\/pt\/wp-json\/wp\/v2\/product_cat?post=54908"},{"taxonomy":"product_tag","embeddable":true,"href":"https:\/\/www.padaworks.com\/pt\/wp-json\/wp\/v2\/product_tag?post=54908"}],"curies":[{"name":"wp","href":"https:\/\/api.w.org\/{rel}","templated":true}]}}