{"id":54885,"date":"2022-06-14T09:48:09","date_gmt":"2022-06-14T09:48:09","guid":{"rendered":"https:\/\/www.padaworks.com\/product\/small-blue-rug-portuguese-rug-bath-mat-bedside-rug-recycled-cotton-rug-bedroom-rug-handmade-rug-kitchen-rug-rag-rug\/"},"modified":"2026-02-20T23:32:06","modified_gmt":"2026-02-20T23:32:06","slug":"tapete-azul-pequeno-50x100cm-tapete-com-no-2","status":"publish","type":"product","link":"https:\/\/www.padaworks.com\/pt\/product\/tapete-azul-pequeno-50x100cm-tapete-com-no-2\/","title":{"rendered":"Tapete azul pequeno \u2013 50 x 100 cm \u2013 Tapete com n\u00f3s"},"content":{"rendered":"<p>Tapete azul pequeno<\/p>\n<p>Este tapete \u00e9 tecido num tear manual com tecidos reutilizados.<br \/>\nEstes tapetes s\u00e3o robustos, leves e podem ser lavados regularmente \u00e0 m\u00e3o ou \u00e0 m\u00e1quina.<br \/>\n\u00c9 ecol\u00f3gico porque reutiliza a mat\u00e9ria-prima desperdi\u00e7ada pela ind\u00fastria t\u00eaxtil.<br \/>\nRecomendamos a lavagem a frio ou a 30\u00b0C.<br \/>\nUma vez que este tapete \u00e9 fabricado com produtos reciclados das ind\u00fastrias t\u00eaxteis, pode haver ligeiras varia\u00e7\u00f5es de cor.<\/p>\n<p>Feito \u00e0 m\u00e3o<br \/>\nFabricado em Portugal<\/p>\n<p>Dimens\u00f5es:<br \/>\nC - 100 cm, L - 50 cm<br \/>\nC - 39,4 pol., L - 19,7 pol.<br \/>\nC - 3,3 p\u00e9s, L - 1,6 p\u00e9s<\/p>\n<p>As dimens\u00f5es podem variar ligeiramente.<\/p>","protected":false},"excerpt":{"rendered":"<p>Tapete azul pequeno Este tapete \u00e9 tecido num tear manual com tecidos reutilizados. Estes tapetes s\u00e3o robustos, leves e podem ser lavados regularmente \u00e0 m\u00e3o ou \u00e0 m\u00e1quina. \u00c9 ecol\u00f3gico porque reutiliza mat\u00e9ria-prima desperdi\u00e7ada pela ind\u00fastria t\u00eaxtil. Aconselha-se a lavagem a frio ou a 30\u00b0C. Como este tapete \u00e9 feito com tecido reciclado [...]<\/p>","protected":false},"featured_media":101884,"comment_status":"open","ping_status":"closed","template":"","meta":{"_acf_changed":false},"product_brand":[],"product_cat":[2731,2719],"product_tag":[885,421,597,293,729,726,657,466,577,730,647,576,583],"class_list":{"0":"post-54885","1":"product","2":"type-product","3":"status-publish","4":"has-post-thumbnail","6":"product_cat-knotted","7":"product_cat-special-offers","8":"product_tag-bathroom-decor","9":"product_tag-bathroom-rug","10":"product_tag-blue-rug","11":"product_tag-cotton-rug","12":"product_tag-front-door-mat","13":"product_tag-geometric-rug","14":"product_tag-kids-rug","15":"product_tag-kitchen-mat","16":"product_tag-machine-washable-rug","17":"product_tag-office-rug","18":"product_tag-organic-rug","19":"product_tag-room-rug","20":"product_tag-rustic-home-decor","21":"product_shipping_class-small-package","23":"first","24":"instock","25":"sale","26":"taxable","27":"shipping-taxable","28":"purchasable","29":"product-type-simple"},"acf":[],"gallery_images":[101883,101882,101881,101880,101879,101885],"_links":{"self":[{"href":"https:\/\/www.padaworks.com\/pt\/wp-json\/wp\/v2\/product\/54885","targetHints":{"allow":["GET"]}}],"collection":[{"href":"https:\/\/www.padaworks.com\/pt\/wp-json\/wp\/v2\/product"}],"about":[{"href":"https:\/\/www.padaworks.com\/pt\/wp-json\/wp\/v2\/types\/product"}],"replies":[{"embeddable":true,"href":"https:\/\/www.padaworks.com\/pt\/wp-json\/wp\/v2\/comments?post=54885"}],"wp:featuredmedia":[{"embeddable":true,"href":"https:\/\/www.padaworks.com\/pt\/wp-json\/wp\/v2\/media\/101884"}],"wp:attachment":[{"href":"https:\/\/www.padaworks.com\/pt\/wp-json\/wp\/v2\/media?parent=54885"}],"wp:term":[{"taxonomy":"product_brand","embeddable":true,"href":"https:\/\/www.padaworks.com\/pt\/wp-json\/wp\/v2\/product_brand?post=54885"},{"taxonomy":"product_cat","embeddable":true,"href":"https:\/\/www.padaworks.com\/pt\/wp-json\/wp\/v2\/product_cat?post=54885"},{"taxonomy":"product_tag","embeddable":true,"href":"https:\/\/www.padaworks.com\/pt\/wp-json\/wp\/v2\/product_tag?post=54885"}],"curies":[{"name":"wp","href":"https:\/\/api.w.org\/{rel}","templated":true}]}}